{"id":406,"date":"2019-07-18T16:47:58","date_gmt":"2019-07-18T14:47:58","guid":{"rendered":"https:\/\/sunoenergia.es\/?page_id=406"},"modified":"2023-01-25T18:16:12","modified_gmt":"2023-01-25T17:16:12","slug":"aviso-legal","status":"publish","type":"page","link":"https:\/\/sunoenergia.es\/en\/aviso-legal\/","title":{"rendered":"Legal warning"},"content":{"rendered":"<div data-elementor-type=\"wp-post\" data-elementor-id=\"406\" class=\"elementor elementor-406\">\n\t\t\t\t\t\t<section class=\"elementor-section elementor-top-section elementor-element elementor-element-2e9735e elementor-section-height-min-height elementor-section-boxed elementor-section-height-default elementor-section-items-middle\" data-id=\"2e9735e\" data-element_type=\"section\" data-settings=\"{&quot;background_background&quot;:&quot;classic&quot;,&quot;jet_parallax_layout_list&quot;:[]}\">\n\t\t\t\t\t\t<div class=\"elementor-container elementor-column-gap-no\">\n\t\t\t\t\t<div class=\"elementor-column elementor-col-100 elementor-top-column elementor-element elementor-element-e364198\" data-id=\"e364198\" data-element_type=\"column\">\n\t\t\t<div class=\"elementor-widget-wrap elementor-element-populated\">\n\t\t\t\t\t\t<div class=\"elementor-element elementor-element-8299f09 elementor-widget elementor-widget-image\" data-id=\"8299f09\" data-element_type=\"widget\" data-widget_type=\"image.default\">\n\t\t\t\t<div class=\"elementor-widget-container\">\n\t\t\t\t\t\t\t\t\t\t\t\t\t<img fetchpriority=\"high\" decoding=\"async\" width=\"585\" height=\"271\" src=\"https:\/\/sunoenergia.es\/wp-content\/uploads\/2019\/07\/logo-suno-libertad.png\" class=\"attachment-full size-full wp-image-371\" alt=\"logo header\" srcset=\"https:\/\/sunoenergia.es\/wp-content\/uploads\/2019\/07\/logo-suno-libertad.png 585w, https:\/\/sunoenergia.es\/wp-content\/uploads\/2019\/07\/logo-suno-libertad-300x139.png 300w\" sizes=\"(max-width: 585px) 100vw, 585px\" \/>\t\t\t\t\t\t\t\t\t\t\t\t\t<\/div>\n\t\t\t\t<\/div>\n\t\t\t\t\t<\/div>\n\t\t<\/div>\n\t\t\t\t\t<\/div>\n\t\t<\/section>\n\t\t\t\t<section class=\"elementor-section elementor-top-section elementor-element elementor-element-91f76da elementor-section-boxed elementor-section-height-default elementor-section-height-default\" data-id=\"91f76da\" data-element_type=\"section\" data-settings=\"{&quot;background_background&quot;:&quot;classic&quot;,&quot;jet_parallax_layout_list&quot;:[]}\">\n\t\t\t\t\t\t<div class=\"elementor-container elementor-column-gap-default\">\n\t\t\t\t\t<div class=\"elementor-column elementor-col-100 elementor-top-column elementor-element elementor-element-c0952b4\" data-id=\"c0952b4\" data-element_type=\"column\">\n\t\t\t<div class=\"elementor-widget-wrap elementor-element-populated\">\n\t\t\t\t\t\t<div class=\"elementor-element elementor-element-0840d18 elementor-widget elementor-widget-heading\" data-id=\"0840d18\" data-element_type=\"widget\" data-widget_type=\"heading.default\">\n\t\t\t\t<div class=\"elementor-widget-container\">\n\t\t\t<h2 class=\"elementor-heading-title elementor-size-default\">Legal warning<\/h2>\t\t<\/div>\n\t\t\t\t<\/div>\n\t\t\t\t<div class=\"elementor-element elementor-element-463adbe elementor-widget elementor-widget-text-editor\" data-id=\"463adbe\" data-element_type=\"widget\" data-widget_type=\"text-editor.default\">\n\t\t\t\t<div class=\"elementor-widget-container\">\n\t\t\t\t\t\t\t<p>In compliance with article 10 of Law 34\/2002, of July 11, on Services of the Information Society and Electronic Commerce (LSSICE), the identifying data of the company are detailed below:<br \/>Enterprise data:<br \/>Company name: SUNO ENERG\u00cdA RENOVABLE SL, (<strong>Hereinafter, SUNO ENERGY<\/strong>).<br \/>CIF: B05532841<br \/>Address: C\/ RAM\u00d3N Y CAJAL, 58, 1\u00ba E, 30530, CIEZA, MURCIA.<br \/>Telephone: (+34) 868 961 503<br \/>E-mail: <strong><a href=\"mailto:sunoenergia@sunoenergia.es\">sunoenergia@sunoenergia.es<\/a><\/strong><br \/>Domain name: <strong><a href=\"https:\/\/sunoenergia.es\/en\/\">https:\/\/sunoenergia.es<\/a><\/strong><br \/>Administrative authorization: Authorization from the National Market and Competition Commission for the provision of electronic communications services.<\/p><p><strong>COMMERCIAL REGISTRY OF MURCIA<\/strong><\/p><p>The company SUNO ENERGIA SL has been registered with the 1st Registration dated April 9, two thousand and nineteen, in Volume 3377, Folio 207, registration 1 with sheet MU-99115.<\/p><p><strong>PURPOSE OF THE WEBSITE<\/strong><\/p><p>Sale of services and\/or products related to <strong>SUNO ENERGY<\/strong>. This legal notice (hereinafter, the &quot;Legal Notice&quot;) regulates the use of the website: www.sunoenergia.es<\/p><p><strong>LEGISLATION<\/strong><\/p><p>In general, the relationships between <strong>SUNO ENERGY<\/strong> with the Users of its telematic services, present on this website, are subject to Spanish legislation and jurisdiction.<\/p><p><strong>USER USE AND ACCESS<\/strong><\/p><p>The User is informed, and accepts, that access to this website does not imply, in any way, the beginning of a commercial relationship with <strong>SUNO ENERGY<\/strong> or any of its delegations.<\/p><p><strong>INTELLECTUAL AND INDUSTRIAL PROPERTY<\/strong><\/p><p>The intellectual property rights of the content of the web pages, their graphic design and codes are owned by <strong>SUNO ENERGY<\/strong> and, therefore, its reproduction, distribution, public communication, transformation or any other activity that can be carried out with the contents of its web pages is prohibited, not even citing the sources, except with the written consent of <strong>SUNO ENERGY<\/strong>.<\/p><p><strong>WEB CONTENT AND LINKS<\/strong><\/p><p><strong>SUNO ENERGY<\/strong> reserves the right to update, modify or delete the information contained in its web pages and may even limit or deny access to said information to certain users.<\/p><p><strong>SUNO ENERGY<\/strong> does not assume any responsibility for the information contained in third-party web pages that can be accessed by &quot;links&quot; or links from any web page owned by <strong>SUNO ENERGY<\/strong>.<\/p><p>The presence of &quot;links&quot; or links on the web pages of <strong>SUNO ENERGY<\/strong> It is for informational purposes only and in no case does it imply a suggestion, invitation or recommendation about them.<\/p>\t\t\t\t\t\t<\/div>\n\t\t\t\t<\/div>\n\t\t\t\t\t<\/div>\n\t\t<\/div>\n\t\t\t\t\t<\/div>\n\t\t<\/section>\n\t\t\t\t<\/div>","protected":false},"excerpt":{"rendered":"<p>Legal notice In compliance with article 10 of Law 34\/2002, of July 11, on Services of the Information Society and Electronic Commerce (LSSICE), the identifying data of the company are detailed below: Company data: Company name : SUNO ENERG\u00cdA RENOVABLE SL, (hereinafter, SUNO ENERG\u00cdA). CIF: B05532841 Address: C\/ RAM\u00d3N Y CAJAL, 58, 1\u00ba [\u2026]<\/p>","protected":false},"author":3,"featured_media":0,"parent":0,"menu_order":0,"comment_status":"closed","ping_status":"closed","template":"elementor_header_footer","meta":{"footnotes":""},"class_list":["post-406","page","type-page","status-publish","hentry"],"yoast_head":"<!-- This site is optimized with the Yoast SEO plugin v23.2 - https:\/\/yoast.com\/wordpress\/plugins\/seo\/ -->\n<title>Aviso legal - Suno Energ\u00eda<\/title>\n<meta name=\"robots\" content=\"noindex, nofollow\" \/>\n<meta property=\"og:locale\" content=\"en_GB\" \/>\n<meta property=\"og:type\" content=\"article\" \/>\n<meta property=\"og:title\" content=\"Aviso legal - Suno Energ\u00eda\" \/>\n<meta property=\"og:description\" content=\"Aviso legal En cumplimiento del art\u00edculo 10 de la Ley 34\/2002, de 11 de julio, de Servicios de la Sociedad de la Informaci\u00f3n y Comercio Electr\u00f3nico (LSSICE) a continuaci\u00f3n se detallan los datos identificativos de la empresa:Datos de empresa:Raz\u00f3n social: SUNO ENERG\u00cdA RENOVABLE S.L., (En adelante, SUNO ENERG\u00cdA).CIF: B05532841Direcci\u00f3n: C\/ RAM\u00d3N Y CAJAL, 58, 1\u00ba [&hellip;]\" \/>\n<meta property=\"og:url\" content=\"https:\/\/sunoenergia.es\/en\/aviso-legal\/\" \/>\n<meta property=\"og:site_name\" content=\"Suno Energ\u00eda\" \/>\n<meta property=\"article:modified_time\" content=\"2023-01-25T17:16:12+00:00\" \/>\n<meta property=\"og:image\" content=\"https:\/\/sunoenergia.es\/wp-content\/uploads\/2019\/07\/logo-suno-libertad.png\" \/>\n<meta name=\"twitter:card\" content=\"summary_large_image\" \/>\n<meta name=\"twitter:label1\" content=\"Estimated reading time\" \/>\n\t<meta name=\"twitter:data1\" content=\"2 minutes\" \/>\n<script type=\"application\/ld+json\" class=\"yoast-schema-graph\">{\"@context\":\"https:\/\/schema.org\",\"@graph\":[{\"@type\":\"WebPage\",\"@id\":\"https:\/\/sunoenergia.es\/aviso-legal\/\",\"url\":\"https:\/\/sunoenergia.es\/aviso-legal\/\",\"name\":\"Aviso legal - Suno Energ\u00eda\",\"isPartOf\":{\"@id\":\"https:\/\/sunoenergia.es\/#website\"},\"primaryImageOfPage\":{\"@id\":\"https:\/\/sunoenergia.es\/aviso-legal\/#primaryimage\"},\"image\":{\"@id\":\"https:\/\/sunoenergia.es\/aviso-legal\/#primaryimage\"},\"thumbnailUrl\":\"https:\/\/sunoenergia.es\/wp-content\/uploads\/2019\/07\/logo-suno-libertad.png\",\"datePublished\":\"2019-07-18T14:47:58+00:00\",\"dateModified\":\"2023-01-25T17:16:12+00:00\",\"breadcrumb\":{\"@id\":\"https:\/\/sunoenergia.es\/aviso-legal\/#breadcrumb\"},\"inLanguage\":\"en-GB\",\"potentialAction\":[{\"@type\":\"ReadAction\",\"target\":[\"https:\/\/sunoenergia.es\/aviso-legal\/\"]}]},{\"@type\":\"ImageObject\",\"inLanguage\":\"en-GB\",\"@id\":\"https:\/\/sunoenergia.es\/aviso-legal\/#primaryimage\",\"url\":\"https:\/\/sunoenergia.es\/wp-content\/uploads\/2019\/07\/logo-suno-libertad.png\",\"contentUrl\":\"https:\/\/sunoenergia.es\/wp-content\/uploads\/2019\/07\/logo-suno-libertad.png\"},{\"@type\":\"BreadcrumbList\",\"@id\":\"https:\/\/sunoenergia.es\/aviso-legal\/#breadcrumb\",\"itemListElement\":[{\"@type\":\"ListItem\",\"position\":1,\"name\":\"Portada\",\"item\":\"https:\/\/sunoenergia.es\/\"},{\"@type\":\"ListItem\",\"position\":2,\"name\":\"Aviso legal\"}]},{\"@type\":\"WebSite\",\"@id\":\"https:\/\/sunoenergia.es\/#website\",\"url\":\"https:\/\/sunoenergia.es\/\",\"name\":\"Suno Energ\u00eda\",\"description\":\"\",\"publisher\":{\"@id\":\"https:\/\/sunoenergia.es\/#organization\"},\"potentialAction\":[{\"@type\":\"SearchAction\",\"target\":{\"@type\":\"EntryPoint\",\"urlTemplate\":\"https:\/\/sunoenergia.es\/?s={search_term_string}\"},\"query-input\":\"required name=search_term_string\"}],\"inLanguage\":\"en-GB\"},{\"@type\":\"Organization\",\"@id\":\"https:\/\/sunoenergia.es\/#organization\",\"name\":\"Suno Energ\u00eda\",\"url\":\"https:\/\/sunoenergia.es\/\",\"logo\":{\"@type\":\"ImageObject\",\"inLanguage\":\"en-GB\",\"@id\":\"https:\/\/sunoenergia.es\/#\/schema\/logo\/image\/\",\"url\":\"https:\/\/sunoenergia.es\/wp-content\/uploads\/2019\/04\/suno-logotipo.jpg\",\"contentUrl\":\"https:\/\/sunoenergia.es\/wp-content\/uploads\/2019\/04\/suno-logotipo.jpg\",\"width\":260,\"height\":100,\"caption\":\"Suno Energ\u00eda\"},\"image\":{\"@id\":\"https:\/\/sunoenergia.es\/#\/schema\/logo\/image\/\"}}]}<\/script>\n<!-- \/ Yoast SEO plugin. -->","yoast_head_json":{"title":"Aviso legal - Suno Energ\u00eda","robots":{"index":"noindex","follow":"nofollow"},"og_locale":"en_GB","og_type":"article","og_title":"Aviso legal - Suno Energ\u00eda","og_description":"Aviso legal En cumplimiento del art\u00edculo 10 de la Ley 34\/2002, de 11 de julio, de Servicios de la Sociedad de la Informaci\u00f3n y Comercio Electr\u00f3nico (LSSICE) a continuaci\u00f3n se detallan los datos identificativos de la empresa:Datos de empresa:Raz\u00f3n social: SUNO ENERG\u00cdA RENOVABLE S.L., (En adelante, SUNO ENERG\u00cdA).CIF: B05532841Direcci\u00f3n: C\/ RAM\u00d3N Y CAJAL, 58, 1\u00ba [&hellip;]","og_url":"https:\/\/sunoenergia.es\/en\/aviso-legal\/","og_site_name":"Suno Energ\u00eda","article_modified_time":"2023-01-25T17:16:12+00:00","og_image":[{"url":"https:\/\/sunoenergia.es\/wp-content\/uploads\/2019\/07\/logo-suno-libertad.png"}],"twitter_card":"summary_large_image","twitter_misc":{"Estimated reading time":"2 minutes"},"schema":{"@context":"https:\/\/schema.org","@graph":[{"@type":"WebPage","@id":"https:\/\/sunoenergia.es\/aviso-legal\/","url":"https:\/\/sunoenergia.es\/aviso-legal\/","name":"Aviso legal - Suno Energ\u00eda","isPartOf":{"@id":"https:\/\/sunoenergia.es\/#website"},"primaryImageOfPage":{"@id":"https:\/\/sunoenergia.es\/aviso-legal\/#primaryimage"},"image":{"@id":"https:\/\/sunoenergia.es\/aviso-legal\/#primaryimage"},"thumbnailUrl":"https:\/\/sunoenergia.es\/wp-content\/uploads\/2019\/07\/logo-suno-libertad.png","datePublished":"2019-07-18T14:47:58+00:00","dateModified":"2023-01-25T17:16:12+00:00","breadcrumb":{"@id":"https:\/\/sunoenergia.es\/aviso-legal\/#breadcrumb"},"inLanguage":"en-GB","potentialAction":[{"@type":"ReadAction","target":["https:\/\/sunoenergia.es\/aviso-legal\/"]}]},{"@type":"ImageObject","inLanguage":"en-GB","@id":"https:\/\/sunoenergia.es\/aviso-legal\/#primaryimage","url":"https:\/\/sunoenergia.es\/wp-content\/uploads\/2019\/07\/logo-suno-libertad.png","contentUrl":"https:\/\/sunoenergia.es\/wp-content\/uploads\/2019\/07\/logo-suno-libertad.png"},{"@type":"BreadcrumbList","@id":"https:\/\/sunoenergia.es\/aviso-legal\/#breadcrumb","itemListElement":[{"@type":"ListItem","position":1,"name":"Portada","item":"https:\/\/sunoenergia.es\/"},{"@type":"ListItem","position":2,"name":"Aviso legal"}]},{"@type":"WebSite","@id":"https:\/\/sunoenergia.es\/#website","url":"https:\/\/sunoenergia.es\/","name":"Suno Energ\u00eda","description":"","publisher":{"@id":"https:\/\/sunoenergia.es\/#organization"},"potentialAction":[{"@type":"SearchAction","target":{"@type":"EntryPoint","urlTemplate":"https:\/\/sunoenergia.es\/?s={search_term_string}"},"query-input":"required name=search_term_string"}],"inLanguage":"en-GB"},{"@type":"Organization","@id":"https:\/\/sunoenergia.es\/#organization","name":"Suno Energ\u00eda","url":"https:\/\/sunoenergia.es\/","logo":{"@type":"ImageObject","inLanguage":"en-GB","@id":"https:\/\/sunoenergia.es\/#\/schema\/logo\/image\/","url":"https:\/\/sunoenergia.es\/wp-content\/uploads\/2019\/04\/suno-logotipo.jpg","contentUrl":"https:\/\/sunoenergia.es\/wp-content\/uploads\/2019\/04\/suno-logotipo.jpg","width":260,"height":100,"caption":"Suno Energ\u00eda"},"image":{"@id":"https:\/\/sunoenergia.es\/#\/schema\/logo\/image\/"}}]}},"_links":{"self":[{"href":"https:\/\/sunoenergia.es\/en\/wp-json\/wp\/v2\/pages\/406"}],"collection":[{"href":"https:\/\/sunoenergia.es\/en\/wp-json\/wp\/v2\/pages"}],"about":[{"href":"https:\/\/sunoenergia.es\/en\/wp-json\/wp\/v2\/types\/page"}],"author":[{"embeddable":true,"href":"https:\/\/sunoenergia.es\/en\/wp-json\/wp\/v2\/users\/3"}],"replies":[{"embeddable":true,"href":"https:\/\/sunoenergia.es\/en\/wp-json\/wp\/v2\/comments?post=406"}],"version-history":[{"count":17,"href":"https:\/\/sunoenergia.es\/en\/wp-json\/wp\/v2\/pages\/406\/revisions"}],"predecessor-version":[{"id":1199,"href":"https:\/\/sunoenergia.es\/en\/wp-json\/wp\/v2\/pages\/406\/revisions\/1199"}],"wp:attachment":[{"href":"https:\/\/sunoenergia.es\/en\/wp-json\/wp\/v2\/media?parent=406"}],"curies":[{"name":"wp","href":"https:\/\/api.w.org\/{rel}","templated":true}]}}