{"id":415,"date":"2019-07-18T17:13:40","date_gmt":"2019-07-18T15:13:40","guid":{"rendered":"https:\/\/sunoenergia.es\/mas-informacion-sobre-las-cookies\/"},"modified":"2023-01-25T18:16:26","modified_gmt":"2023-01-25T17:16:26","slug":"mas-informacion-sobre-las-cookies","status":"publish","type":"page","link":"https:\/\/sunoenergia.es\/en\/mas-informacion-sobre-las-cookies\/","title":{"rendered":"More information about cookies"},"content":{"rendered":"<div data-elementor-type=\"wp-post\" data-elementor-id=\"415\" class=\"elementor elementor-415\">\n\t\t\t\t\t\t<section class=\"elementor-section elementor-top-section elementor-element elementor-element-44a9bc3 elementor-section-height-min-height elementor-section-boxed elementor-section-height-default elementor-section-items-middle\" data-id=\"44a9bc3\" data-element_type=\"section\" data-settings=\"{&quot;background_background&quot;:&quot;classic&quot;,&quot;jet_parallax_layout_list&quot;:[]}\">\n\t\t\t\t\t\t<div class=\"elementor-container elementor-column-gap-no\">\n\t\t\t\t\t<div class=\"elementor-column elementor-col-100 elementor-top-column elementor-element elementor-element-3ee626b\" data-id=\"3ee626b\" data-element_type=\"column\">\n\t\t\t<div class=\"elementor-widget-wrap elementor-element-populated\">\n\t\t\t\t\t\t<div class=\"elementor-element elementor-element-6614ee3 elementor-widget elementor-widget-image\" data-id=\"6614ee3\" data-element_type=\"widget\" data-widget_type=\"image.default\">\n\t\t\t\t<div class=\"elementor-widget-container\">\n\t\t\t\t\t\t\t\t\t\t\t\t\t<img fetchpriority=\"high\" decoding=\"async\" width=\"585\" height=\"271\" src=\"https:\/\/sunoenergia.es\/wp-content\/uploads\/2019\/07\/logo-suno-libertad.png\" class=\"attachment-full size-full wp-image-371\" alt=\"logo header\" srcset=\"https:\/\/sunoenergia.es\/wp-content\/uploads\/2019\/07\/logo-suno-libertad.png 585w, https:\/\/sunoenergia.es\/wp-content\/uploads\/2019\/07\/logo-suno-libertad-300x139.png 300w\" sizes=\"(max-width: 585px) 100vw, 585px\" \/>\t\t\t\t\t\t\t\t\t\t\t\t\t<\/div>\n\t\t\t\t<\/div>\n\t\t\t\t\t<\/div>\n\t\t<\/div>\n\t\t\t\t\t<\/div>\n\t\t<\/section>\n\t\t\t\t<section class=\"elementor-section elementor-top-section elementor-element elementor-element-f1bc3c4 elementor-section-boxed elementor-section-height-default elementor-section-height-default\" data-id=\"f1bc3c4\" data-element_type=\"section\" data-settings=\"{&quot;background_background&quot;:&quot;classic&quot;,&quot;jet_parallax_layout_list&quot;:[]}\">\n\t\t\t\t\t\t<div class=\"elementor-container elementor-column-gap-default\">\n\t\t\t\t\t<div class=\"elementor-column elementor-col-100 elementor-top-column elementor-element elementor-element-df87393\" data-id=\"df87393\" data-element_type=\"column\">\n\t\t\t<div class=\"elementor-widget-wrap elementor-element-populated\">\n\t\t\t\t\t\t<div class=\"elementor-element elementor-element-ddeb7fe elementor-widget elementor-widget-heading\" data-id=\"ddeb7fe\" data-element_type=\"widget\" data-widget_type=\"heading.default\">\n\t\t\t\t<div class=\"elementor-widget-container\">\n\t\t\t<h2 class=\"elementor-heading-title elementor-size-default\">More information about cookies<\/h2>\t\t<\/div>\n\t\t\t\t<\/div>\n\t\t\t\t<div class=\"elementor-element elementor-element-bf83117 elementor-widget elementor-widget-text-editor\" data-id=\"bf83117\" data-element_type=\"widget\" data-widget_type=\"text-editor.default\">\n\t\t\t\t<div class=\"elementor-widget-container\">\n\t\t\t\t\t\t\t<h2>What is a cookie?<\/h2><p>A <em>cookie<\/em> is a text file <b>harmless<\/b> which is stored in your browser when you visit almost any web page. The utility of the <em>cookie<\/em> is that the web is able to remember your visit when you return to browse that page. Although many people don&#039;t know <em>cookies<\/em> They have been used for 20 years, when the first browsers for the World Wide Web appeared.<\/p><h2>What IS NOT a cookie?<\/h2><p>It is not a virus, nor a trojan, nor a worm, nor spam, nor spyware, nor does it open pop-up windows.<\/p><h2>What information does a <em>cookie<\/em>?<\/h2><p>The <em>cookies<\/em> They do not usually store sensitive information about you, such as credit cards or bank details, photographs, your ID or personal information, etc. The data they save is of a technical nature, personal preferences, content customization, etc.<\/p><p>The web server does not associate you as a person but your web browser. In fact, if you regularly browse with Internet Explorer and try to browse the same website with Firefox or Chrome, you will see that the website does not realize that you are the same person because you are actually associating the browser, not the person.<\/p><h2>What kind of <em>cookies<\/em> exist?<\/h2><ul><li><em>cookies<\/em> Techniques: They are the most basic and allow, among other things, to know when a human or an automated application is browsing, when an anonymous user and a registered user are browsing, basic tasks for the operation of any dynamic website.<\/li><li><em>cookies<\/em> analysis: They collect information about the type of browsing you are doing, the sections you use the most, products consulted, time slot of use, language, etc.<\/li><li><em>cookies<\/em> Advertising: They show advertising based on your browsing, your country of origin, language, etc.<\/li><\/ul><h2>What are the <em>cookies<\/em> own and those of third parties?<\/h2><p>The <em>own cookies<\/em> are those generated by the page you are visiting and the <em>from third parties<\/em> are those generated by external services or providers such as Facebook, Twitter, Google, etc.<\/p><h2>What happens if I disable the <em>cookies<\/em>?<\/h2><p>So that you understand the scope that deactivating the <em>cookies<\/em> Here are some examples:<\/p><ul><li>You will not be able to share content from this website on Facebook, Twitter or any other social network.<\/li><li>The website will not be able to adapt the contents to your personal preferences, as is often the case in online stores.<\/li><li>You will not be able to access the personal area of that website, such as <em>My account<\/em>, either <em>My profile<\/em> either <em>My orders<\/em>.<\/li><li>Online stores: It will be impossible for you to make purchases online, they will have to be made by phone or by visiting the physical store if you have one.<\/li><li>It will not be possible to customize your geographic preferences such as time zone, currency or language.<\/li><li>The website will not be able to perform web analytics on visitors and web traffic, which will make it difficult for the website to be competitive.<\/li><li>You will not be able to write on the blog, you will not be able to upload photos, post comments, rate or rate content. The web will not be able to know if you are a human or an automated application that publishes <em>spam<\/em>.<\/li><li>It will not be possible to show sectorized advertising, which will reduce the advertising revenue of the web.<\/li><li>All social networks use <em>cookies<\/em>, if you deactivate them you will not be able to use any social network.<\/li><\/ul><h2>Can you remove the <em>cookies<\/em>?<\/h2><p>Yes. Not only delete, but also block, in a general or particular way for a specific domain.<\/p><p>To remove the <em>cookies<\/em> of a website you must go to your browser settings and there you can search for those associated with the domain in question and proceed to their elimination.<\/p><h2 id=\"navegadores\">configuration of <em>cookies<\/em> for the most popular browsers<\/h2><p>Here&#039;s how to access a <em>cookie<\/em> browser determined <b>Chrome<\/b>. Note: these steps may vary depending on the browser version:<\/p><ol><li>Go to Settings or Preferences through the File menu or by clicking the personalization icon that appears at the top right.<\/li><li>You will see different sections, click on the option <em>show advanced options<\/em>.<\/li><li>Go to <em>Privacy<\/em>, <em>content settings<\/em>.<\/li><li>Select <em>All cookies and site data<\/em>.<\/li><li>A list will appear with all <em>cookies<\/em> sorted by domain. To make it easier for you to find the <em>cookies<\/em> of a certain domain enter partially or totally the address in the field <em>search cookies<\/em>.<\/li><li>After carrying out this filter, one or more lines will appear on the screen with the <em>cookies<\/em> of the requested website. Now you only have to select it and press the <em>X<\/em> to proceed with its removal.<\/li><\/ol><p>To access the settings <em>cookies<\/em> browser <b>internet explorer<\/b> follow these steps (they may vary depending on the browser version):<\/p><ol><li>Go to <em>Tools<\/em>, <em>Internet Options<\/em><\/li><li>Click on <em>Privacy<\/em>.<\/li><li>Move the slider to set the level of privacy you want.<\/li><\/ol><p>To access the settings <em>cookies<\/em> browser <b>Firefox<\/b> follow these steps (they may vary depending on the browser version):<\/p><ol><li>Go to <em>Options<\/em> either <em>preferences<\/em> depending on your operating system.<\/li><li>Click on <em>Privacy<\/em>.<\/li><li>In <em>Record<\/em> choose <em>Use custom settings for history<\/em>.<\/li><li>You will now see the option <em>accept cookies<\/em>, you can turn it on or off according to your preferences.<\/li><\/ol><p>To access the settings <em>cookies<\/em> browser <b>Safari for OSX<\/b> follow these steps (they may vary depending on the browser version):<\/p><ol><li>Go to <em>preferences<\/em>, then <em>Privacy<\/em>.<\/li><li>In this place you will see the option <em>block cookies<\/em> for you to set the type of lock you want to perform.<\/li><\/ol><p>To access the settings <em>cookies<\/em> browser <b>Safari for iOS<\/b> follow these steps (they may vary depending on the browser version):<\/p><ol><li>Go to <em>Settings<\/em>, then <em>Safari<\/em>.<\/li><li>Go to <em>Privacy &amp; Security<\/em>, you will see the option <em>block cookies<\/em> for you to set the type of lock you want to perform.<\/li><\/ol><p>To access the settings <em>cookies<\/em> browser for devices <b>Android<\/b> follow these steps (they may vary depending on the browser version):<\/p><ol><li>Launch the browser and press the key <em>Menu<\/em>, then <em>Settings<\/em>.<\/li><li>Go to <em>Security and Privacy<\/em>, you will see the option <em>accept cookies<\/em> to check or uncheck the box.<\/li><\/ol><p>To access the settings <em>cookies<\/em> browser for devices <b>windows phone<\/b> follow these steps (they may vary depending on the browser version):<\/p><ol><li>open <em>internet explorer<\/em>, then <em>Further<\/em>, then <em>Setting<\/em><\/li><li>Now you can check or uncheck the box <em>allow cookies<\/em>.<\/li><\/ol><p>Cookie Advisor is a <a href=\"http:\/\/wordpress.org\/plugins\/asesor-cookies-para-la-ley-en-espana\/\" target=\"_blank\" rel=\"noopener noreferrer\">plugins for WordPress<\/a><\/p>\t\t\t\t\t\t<\/div>\n\t\t\t\t<\/div>\n\t\t\t\t\t<\/div>\n\t\t<\/div>\n\t\t\t\t\t<\/div>\n\t\t<\/section>\n\t\t\t\t<\/div>","protected":false},"excerpt":{"rendered":"<p>More information about cookies What is a cookie? A cookie is a harmless text file that is stored in your browser when you visit almost any web page. The purpose of the cookie is that the website is able to remember your visit when you return to that page. Although many people do not [\u2026]<\/p>","protected":false},"author":3,"featured_media":0,"parent":0,"menu_order":0,"comment_status":"closed","ping_status":"closed","template":"elementor_header_footer","meta":{"footnotes":""},"class_list":["post-415","page","type-page","status-publish","hentry"],"yoast_head":"<!-- This site is optimized with the Yoast SEO plugin v23.2 - https:\/\/yoast.com\/wordpress\/plugins\/seo\/ -->\n<title>M\u00e1s informaci\u00f3n sobre las cookies - Suno Energ\u00eda<\/title>\n<meta name=\"robots\" content=\"noindex, nofollow\" \/>\n<meta property=\"og:locale\" content=\"en_GB\" \/>\n<meta property=\"og:type\" content=\"article\" \/>\n<meta property=\"og:title\" content=\"M\u00e1s informaci\u00f3n sobre las cookies - Suno Energ\u00eda\" \/>\n<meta property=\"og:description\" content=\"M\u00e1s informaci\u00f3n sobre las cookies \u00bfQu\u00e9 es una cookie? Una cookie es un fichero de texto inofensivo que se almacena en su navegador cuando visita casi cualquier p\u00e1gina web. La utilidad de la cookie es que la web sea capaz de recordar su visita cuando vuelva a navegar por esa p\u00e1gina. Aunque mucha gente no [&hellip;]\" \/>\n<meta property=\"og:url\" content=\"https:\/\/sunoenergia.es\/en\/mas-informacion-sobre-las-cookies\/\" \/>\n<meta property=\"og:site_name\" content=\"Suno Energ\u00eda\" \/>\n<meta property=\"article:modified_time\" content=\"2023-01-25T17:16:26+00:00\" \/>\n<meta property=\"og:image\" content=\"https:\/\/sunoenergia.es\/wp-content\/uploads\/2019\/07\/logo-suno-libertad.png\" \/>\n<meta name=\"twitter:card\" content=\"summary_large_image\" \/>\n<meta name=\"twitter:label1\" content=\"Estimated reading time\" \/>\n\t<meta name=\"twitter:data1\" content=\"5 minutes\" \/>\n<script type=\"application\/ld+json\" class=\"yoast-schema-graph\">{\"@context\":\"https:\/\/schema.org\",\"@graph\":[{\"@type\":\"WebPage\",\"@id\":\"https:\/\/sunoenergia.es\/mas-informacion-sobre-las-cookies\/\",\"url\":\"https:\/\/sunoenergia.es\/mas-informacion-sobre-las-cookies\/\",\"name\":\"M\u00e1s informaci\u00f3n sobre las cookies - Suno Energ\u00eda\",\"isPartOf\":{\"@id\":\"https:\/\/sunoenergia.es\/#website\"},\"primaryImageOfPage\":{\"@id\":\"https:\/\/sunoenergia.es\/mas-informacion-sobre-las-cookies\/#primaryimage\"},\"image\":{\"@id\":\"https:\/\/sunoenergia.es\/mas-informacion-sobre-las-cookies\/#primaryimage\"},\"thumbnailUrl\":\"https:\/\/sunoenergia.es\/wp-content\/uploads\/2019\/07\/logo-suno-libertad.png\",\"datePublished\":\"2019-07-18T15:13:40+00:00\",\"dateModified\":\"2023-01-25T17:16:26+00:00\",\"breadcrumb\":{\"@id\":\"https:\/\/sunoenergia.es\/mas-informacion-sobre-las-cookies\/#breadcrumb\"},\"inLanguage\":\"en-GB\",\"potentialAction\":[{\"@type\":\"ReadAction\",\"target\":[\"https:\/\/sunoenergia.es\/mas-informacion-sobre-las-cookies\/\"]}]},{\"@type\":\"ImageObject\",\"inLanguage\":\"en-GB\",\"@id\":\"https:\/\/sunoenergia.es\/mas-informacion-sobre-las-cookies\/#primaryimage\",\"url\":\"https:\/\/sunoenergia.es\/wp-content\/uploads\/2019\/07\/logo-suno-libertad.png\",\"contentUrl\":\"https:\/\/sunoenergia.es\/wp-content\/uploads\/2019\/07\/logo-suno-libertad.png\"},{\"@type\":\"BreadcrumbList\",\"@id\":\"https:\/\/sunoenergia.es\/mas-informacion-sobre-las-cookies\/#breadcrumb\",\"itemListElement\":[{\"@type\":\"ListItem\",\"position\":1,\"name\":\"Portada\",\"item\":\"https:\/\/sunoenergia.es\/\"},{\"@type\":\"ListItem\",\"position\":2,\"name\":\"M\u00e1s informaci\u00f3n sobre las cookies\"}]},{\"@type\":\"WebSite\",\"@id\":\"https:\/\/sunoenergia.es\/#website\",\"url\":\"https:\/\/sunoenergia.es\/\",\"name\":\"Suno Energ\u00eda\",\"description\":\"\",\"publisher\":{\"@id\":\"https:\/\/sunoenergia.es\/#organization\"},\"potentialAction\":[{\"@type\":\"SearchAction\",\"target\":{\"@type\":\"EntryPoint\",\"urlTemplate\":\"https:\/\/sunoenergia.es\/?s={search_term_string}\"},\"query-input\":\"required name=search_term_string\"}],\"inLanguage\":\"en-GB\"},{\"@type\":\"Organization\",\"@id\":\"https:\/\/sunoenergia.es\/#organization\",\"name\":\"Suno Energ\u00eda\",\"url\":\"https:\/\/sunoenergia.es\/\",\"logo\":{\"@type\":\"ImageObject\",\"inLanguage\":\"en-GB\",\"@id\":\"https:\/\/sunoenergia.es\/#\/schema\/logo\/image\/\",\"url\":\"https:\/\/sunoenergia.es\/wp-content\/uploads\/2019\/04\/suno-logotipo.jpg\",\"contentUrl\":\"https:\/\/sunoenergia.es\/wp-content\/uploads\/2019\/04\/suno-logotipo.jpg\",\"width\":260,\"height\":100,\"caption\":\"Suno Energ\u00eda\"},\"image\":{\"@id\":\"https:\/\/sunoenergia.es\/#\/schema\/logo\/image\/\"}}]}<\/script>\n<!-- \/ Yoast SEO plugin. -->","yoast_head_json":{"title":"M\u00e1s informaci\u00f3n sobre las cookies - Suno Energ\u00eda","robots":{"index":"noindex","follow":"nofollow"},"og_locale":"en_GB","og_type":"article","og_title":"M\u00e1s informaci\u00f3n sobre las cookies - Suno Energ\u00eda","og_description":"M\u00e1s informaci\u00f3n sobre las cookies \u00bfQu\u00e9 es una cookie? Una cookie es un fichero de texto inofensivo que se almacena en su navegador cuando visita casi cualquier p\u00e1gina web. La utilidad de la cookie es que la web sea capaz de recordar su visita cuando vuelva a navegar por esa p\u00e1gina. Aunque mucha gente no [&hellip;]","og_url":"https:\/\/sunoenergia.es\/en\/mas-informacion-sobre-las-cookies\/","og_site_name":"Suno Energ\u00eda","article_modified_time":"2023-01-25T17:16:26+00:00","og_image":[{"url":"https:\/\/sunoenergia.es\/wp-content\/uploads\/2019\/07\/logo-suno-libertad.png"}],"twitter_card":"summary_large_image","twitter_misc":{"Estimated reading time":"5 minutes"},"schema":{"@context":"https:\/\/schema.org","@graph":[{"@type":"WebPage","@id":"https:\/\/sunoenergia.es\/mas-informacion-sobre-las-cookies\/","url":"https:\/\/sunoenergia.es\/mas-informacion-sobre-las-cookies\/","name":"M\u00e1s informaci\u00f3n sobre las cookies - Suno Energ\u00eda","isPartOf":{"@id":"https:\/\/sunoenergia.es\/#website"},"primaryImageOfPage":{"@id":"https:\/\/sunoenergia.es\/mas-informacion-sobre-las-cookies\/#primaryimage"},"image":{"@id":"https:\/\/sunoenergia.es\/mas-informacion-sobre-las-cookies\/#primaryimage"},"thumbnailUrl":"https:\/\/sunoenergia.es\/wp-content\/uploads\/2019\/07\/logo-suno-libertad.png","datePublished":"2019-07-18T15:13:40+00:00","dateModified":"2023-01-25T17:16:26+00:00","breadcrumb":{"@id":"https:\/\/sunoenergia.es\/mas-informacion-sobre-las-cookies\/#breadcrumb"},"inLanguage":"en-GB","potentialAction":[{"@type":"ReadAction","target":["https:\/\/sunoenergia.es\/mas-informacion-sobre-las-cookies\/"]}]},{"@type":"ImageObject","inLanguage":"en-GB","@id":"https:\/\/sunoenergia.es\/mas-informacion-sobre-las-cookies\/#primaryimage","url":"https:\/\/sunoenergia.es\/wp-content\/uploads\/2019\/07\/logo-suno-libertad.png","contentUrl":"https:\/\/sunoenergia.es\/wp-content\/uploads\/2019\/07\/logo-suno-libertad.png"},{"@type":"BreadcrumbList","@id":"https:\/\/sunoenergia.es\/mas-informacion-sobre-las-cookies\/#breadcrumb","itemListElement":[{"@type":"ListItem","position":1,"name":"Portada","item":"https:\/\/sunoenergia.es\/"},{"@type":"ListItem","position":2,"name":"M\u00e1s informaci\u00f3n sobre las cookies"}]},{"@type":"WebSite","@id":"https:\/\/sunoenergia.es\/#website","url":"https:\/\/sunoenergia.es\/","name":"Suno Energ\u00eda","description":"","publisher":{"@id":"https:\/\/sunoenergia.es\/#organization"},"potentialAction":[{"@type":"SearchAction","target":{"@type":"EntryPoint","urlTemplate":"https:\/\/sunoenergia.es\/?s={search_term_string}"},"query-input":"required name=search_term_string"}],"inLanguage":"en-GB"},{"@type":"Organization","@id":"https:\/\/sunoenergia.es\/#organization","name":"Suno Energ\u00eda","url":"https:\/\/sunoenergia.es\/","logo":{"@type":"ImageObject","inLanguage":"en-GB","@id":"https:\/\/sunoenergia.es\/#\/schema\/logo\/image\/","url":"https:\/\/sunoenergia.es\/wp-content\/uploads\/2019\/04\/suno-logotipo.jpg","contentUrl":"https:\/\/sunoenergia.es\/wp-content\/uploads\/2019\/04\/suno-logotipo.jpg","width":260,"height":100,"caption":"Suno Energ\u00eda"},"image":{"@id":"https:\/\/sunoenergia.es\/#\/schema\/logo\/image\/"}}]}},"_links":{"self":[{"href":"https:\/\/sunoenergia.es\/en\/wp-json\/wp\/v2\/pages\/415"}],"collection":[{"href":"https:\/\/sunoenergia.es\/en\/wp-json\/wp\/v2\/pages"}],"about":[{"href":"https:\/\/sunoenergia.es\/en\/wp-json\/wp\/v2\/types\/page"}],"author":[{"embeddable":true,"href":"https:\/\/sunoenergia.es\/en\/wp-json\/wp\/v2\/users\/3"}],"replies":[{"embeddable":true,"href":"https:\/\/sunoenergia.es\/en\/wp-json\/wp\/v2\/comments?post=415"}],"version-history":[{"count":9,"href":"https:\/\/sunoenergia.es\/en\/wp-json\/wp\/v2\/pages\/415\/revisions"}],"predecessor-version":[{"id":1205,"href":"https:\/\/sunoenergia.es\/en\/wp-json\/wp\/v2\/pages\/415\/revisions\/1205"}],"wp:attachment":[{"href":"https:\/\/sunoenergia.es\/en\/wp-json\/wp\/v2\/media?parent=415"}],"curies":[{"name":"wp","href":"https:\/\/api.w.org\/{rel}","templated":true}]}}