{"id":416,"date":"2019-07-18T17:13:40","date_gmt":"2019-07-18T15:13:40","guid":{"rendered":"https:\/\/sunoenergia.es\/politica-de-cookies\/"},"modified":"2023-01-25T18:16:41","modified_gmt":"2023-01-25T17:16:41","slug":"politica-de-cookies","status":"publish","type":"page","link":"https:\/\/sunoenergia.es\/en\/politica-de-cookies\/","title":{"rendered":"Cookies policy"},"content":{"rendered":"<div data-elementor-type=\"wp-post\" data-elementor-id=\"416\" class=\"elementor elementor-416\">\n\t\t\t\t\t\t<section class=\"elementor-section elementor-top-section elementor-element elementor-element-bccb8c1 elementor-section-height-min-height elementor-section-boxed elementor-section-height-default elementor-section-items-middle\" data-id=\"bccb8c1\" data-element_type=\"section\" data-settings=\"{&quot;background_background&quot;:&quot;classic&quot;,&quot;jet_parallax_layout_list&quot;:[]}\">\n\t\t\t\t\t\t<div class=\"elementor-container elementor-column-gap-no\">\n\t\t\t\t\t<div class=\"elementor-column elementor-col-100 elementor-top-column elementor-element elementor-element-f2b1cea\" data-id=\"f2b1cea\" data-element_type=\"column\">\n\t\t\t<div class=\"elementor-widget-wrap elementor-element-populated\">\n\t\t\t\t\t\t<div class=\"elementor-element elementor-element-33fa56f elementor-widget elementor-widget-image\" data-id=\"33fa56f\" data-element_type=\"widget\" data-widget_type=\"image.default\">\n\t\t\t\t<div class=\"elementor-widget-container\">\n\t\t\t\t\t\t\t\t\t\t\t\t\t<img fetchpriority=\"high\" decoding=\"async\" width=\"585\" height=\"271\" src=\"https:\/\/sunoenergia.es\/wp-content\/uploads\/2019\/07\/logo-suno-libertad.png\" class=\"attachment-full size-full wp-image-371\" alt=\"logo header\" srcset=\"https:\/\/sunoenergia.es\/wp-content\/uploads\/2019\/07\/logo-suno-libertad.png 585w, https:\/\/sunoenergia.es\/wp-content\/uploads\/2019\/07\/logo-suno-libertad-300x139.png 300w\" sizes=\"(max-width: 585px) 100vw, 585px\" \/>\t\t\t\t\t\t\t\t\t\t\t\t\t<\/div>\n\t\t\t\t<\/div>\n\t\t\t\t\t<\/div>\n\t\t<\/div>\n\t\t\t\t\t<\/div>\n\t\t<\/section>\n\t\t\t\t<section class=\"elementor-section elementor-top-section elementor-element elementor-element-7f109c8 elementor-section-boxed elementor-section-height-default elementor-section-height-default\" data-id=\"7f109c8\" data-element_type=\"section\" data-settings=\"{&quot;background_background&quot;:&quot;classic&quot;,&quot;jet_parallax_layout_list&quot;:[]}\">\n\t\t\t\t\t\t<div class=\"elementor-container elementor-column-gap-default\">\n\t\t\t\t\t<div class=\"elementor-column elementor-col-100 elementor-top-column elementor-element elementor-element-53af864\" data-id=\"53af864\" data-element_type=\"column\">\n\t\t\t<div class=\"elementor-widget-wrap elementor-element-populated\">\n\t\t\t\t\t\t<div class=\"elementor-element elementor-element-1b3c686 elementor-widget elementor-widget-heading\" data-id=\"1b3c686\" data-element_type=\"widget\" data-widget_type=\"heading.default\">\n\t\t\t\t<div class=\"elementor-widget-container\">\n\t\t\t<h2 class=\"elementor-heading-title elementor-size-default\">Cookies policy<\/h2>\t\t<\/div>\n\t\t\t\t<\/div>\n\t\t\t\t<div class=\"elementor-element elementor-element-c02b8d1 elementor-widget elementor-widget-text-editor\" data-id=\"c02b8d1\" data-element_type=\"widget\" data-widget_type=\"text-editor.default\">\n\t\t\t\t<div class=\"elementor-widget-container\">\n\t\t\t\t\t\t\t<p><strong>SUNO ENERGY<\/strong> Through this document, you collect your Policy for the collection and treatment of cookies, in compliance with the provisions of article 22.2 of Law 34\/2002, of July 11, on Services of the Information Society and Electronic Commerce ( LSSICE).<\/p><p>Cookies are stored in the user&#039;s terminal equipment (computer or mobile device) and collect information when visiting the website. <strong><a href=\"https:\/\/sunoenergia.es\/en\/\">www.sunoenergia.es<\/a><\/strong> with the purpose of improving their usability, knowing the browsing habits or needs of users in order to adapt to them, as well as obtaining information for statistical purposes. In the case of those users who are already clients of SUNO ENERG\u00cdA, the information collected with the cookies will also serve to identify them when accessing the different tools that <strong>SUNO ENERGY<\/strong> puts at your disposal for the management of services.<\/p><p>This Cookies Policy will be applicable to those users who voluntarily visit the web pages of <strong>SUNO ENERGY<\/strong>, fill in data collection forms, access the tools that <strong>SUNO ENERGY<\/strong> makes available to its clients to manage their services, or use any other service present on the website that involves the communication of data or access to data for the provision of their services.<\/p><p><strong>SUNO ENERGY<\/strong> informs users of its web pages of the existence of cookies and makes this Policy available to them in order to inform them about their use and purpose. The fact of continuing to browse through its pages implies the knowledge and acceptance of this Policy by said users.<\/p><p><strong>SUNO ENERG\u00cdA uses the following types of cookies<\/strong>:<\/p><p><strong>Classified by their ownership:<\/strong><\/p><ul><li>Own cookies: sent and managed directly by <strong>SUNO ENERGY<\/strong>.<\/li><li>Third-party cookies: sent and managed by a third party other than <strong>SUNO ENERGY<\/strong> anonymously, with the purpose of carrying out statistical studies of navigation through the web pages.<\/li><\/ul><p><strong>Classified by their purpose:<\/strong><\/p><ul><li>Technical and\/or personalization cookies: they facilitate navigation, by identifying the session, allowing access to restricted access tools, as well as customizing the available options. They enable the provision of the service previously requested by the user.<\/li><li>Analysis and\/or advertising cookies: they allow knowing the number of visits received in the different sections of the web pages, the habits and trends of its users and, consequently, being able to improve navigation and the service offered by SUNO ENERG\u00cdA, fundamentally, Google Analytics. ), as well as managing the advertising spaces included in the web page visited by the user. It collects data anonymously in order to obtain user browsing profiles.<\/li><\/ul><p><strong>Classified by their duration:<\/strong><\/p><ul><li>Session cookies: collect and store data while the user accesses the web page.<\/li><li>Persistent cookies: they collect and store the data in the user&#039;s terminal for a variable period of time depending on the purpose for which they have been used.<\/li><\/ul><p>The conservation time of cookies will depend on the type in question and will always be the minimum necessary to fulfill its purpose.<\/p><p>In any case, users can configure their browser in such a way that the reception of all or some of the cookies is disabled or blocked. The fact of not wishing to receive these cookies does not constitute an impediment to access the information on the websites of<\/p><p><strong>SUNO ENERGY<\/strong> although the use of some services may be limited. If once the consent for the reception of cookies has been granted, it is desired to withdraw it, those stored on the user&#039;s equipment must be eliminated, through the options of the different browsers.<\/p><p>The way to configure the different browsers to exercise the actions indicated in the previous paragraphs, can be consulted at:<\/p><ul><li>Browser: <a href=\"http:\/\/windows.microsoft.com\/es-es\/windows7\/how-to-manage-cookies-in-internet-explorer-9\" target=\"_blank\" rel=\"noopener\">http:\/\/windows.microsoft.com\/es-es\/windows7\/how-to-manage-cookies-in-internet-explorer-9<\/a><\/li><li>Chrome: <a href=\"https:\/\/support.google.com\/chrome\/answer\/95647?hl=es\" target=\"_blank\" rel=\"noopener\">https:\/\/support.google.com\/chrome\/answer\/95647?hl=es<\/a><\/li><li>firefox: <a href=\"http:\/\/support.mozilla.org\/es\/kb\/cookies-informacion-que-los-sitios-web-guardan-en-?redirectlocale=en-US&amp;redirectslug=Cookies\" target=\"_blank\" rel=\"noopener\">http:\/\/support.mozilla.org\/es\/kb\/cookies-informacion-que-los-sitios-web-guardan-en-?redirectlocale=en-US&amp;redirectslug=Cookies<\/a><\/li><\/ul>\t\t\t\t\t\t<\/div>\n\t\t\t\t<\/div>\n\t\t\t\t\t<\/div>\n\t\t<\/div>\n\t\t\t\t\t<\/div>\n\t\t<\/section>\n\t\t\t\t<\/div>","protected":false},"excerpt":{"rendered":"<p>Cookies policy SUNO ENERG\u00cdA, through this document, collects its Policy for the collection and treatment of cookies, in compliance with the provisions of article 22.2 of Law 34\/2002, of July 11, on Services of the Information Society and Electronic Commerce (LSSICE). Cookies are stored in the [\u2026]<\/p>","protected":false},"author":3,"featured_media":0,"parent":0,"menu_order":0,"comment_status":"closed","ping_status":"closed","template":"elementor_header_footer","meta":{"footnotes":""},"class_list":["post-416","page","type-page","status-publish","hentry"],"yoast_head":"<!-- This site is optimized with the Yoast SEO plugin v23.2 - https:\/\/yoast.com\/wordpress\/plugins\/seo\/ -->\n<title>Pol\u00edtica de cookies - Suno Energ\u00eda<\/title>\n<meta name=\"robots\" content=\"noindex, nofollow\" \/>\n<meta property=\"og:locale\" content=\"en_GB\" \/>\n<meta property=\"og:type\" content=\"article\" \/>\n<meta property=\"og:title\" content=\"Pol\u00edtica de cookies - Suno Energ\u00eda\" \/>\n<meta property=\"og:description\" content=\"Pol\u00edtica de cookies SUNO ENERG\u00cdA a trav\u00e9s del presente documento, recoge su Pol\u00edtica de recogida y tratamiento de cookies, en cumplimiento de lo dispuesto en el art\u00edculo 22.2 de la Ley 34\/2002, de 11 de julio, de Servicios de la Sociedad de la Informaci\u00f3n y de Comercio Electr\u00f3nico (LSSICE). Las cookies se almacenan en el [&hellip;]\" \/>\n<meta property=\"og:url\" content=\"https:\/\/sunoenergia.es\/en\/politica-de-cookies\/\" \/>\n<meta property=\"og:site_name\" content=\"Suno Energ\u00eda\" \/>\n<meta property=\"article:modified_time\" content=\"2023-01-25T17:16:41+00:00\" \/>\n<meta property=\"og:image\" content=\"https:\/\/sunoenergia.es\/wp-content\/uploads\/2019\/07\/logo-suno-libertad.png\" \/>\n<meta name=\"twitter:card\" content=\"summary_large_image\" \/>\n<meta name=\"twitter:label1\" content=\"Estimated reading time\" \/>\n\t<meta name=\"twitter:data1\" content=\"4 minutes\" \/>\n<script type=\"application\/ld+json\" class=\"yoast-schema-graph\">{\"@context\":\"https:\/\/schema.org\",\"@graph\":[{\"@type\":\"WebPage\",\"@id\":\"https:\/\/sunoenergia.es\/politica-de-cookies\/\",\"url\":\"https:\/\/sunoenergia.es\/politica-de-cookies\/\",\"name\":\"Pol\u00edtica de cookies - Suno Energ\u00eda\",\"isPartOf\":{\"@id\":\"https:\/\/sunoenergia.es\/#website\"},\"primaryImageOfPage\":{\"@id\":\"https:\/\/sunoenergia.es\/politica-de-cookies\/#primaryimage\"},\"image\":{\"@id\":\"https:\/\/sunoenergia.es\/politica-de-cookies\/#primaryimage\"},\"thumbnailUrl\":\"https:\/\/sunoenergia.es\/wp-content\/uploads\/2019\/07\/logo-suno-libertad.png\",\"datePublished\":\"2019-07-18T15:13:40+00:00\",\"dateModified\":\"2023-01-25T17:16:41+00:00\",\"breadcrumb\":{\"@id\":\"https:\/\/sunoenergia.es\/politica-de-cookies\/#breadcrumb\"},\"inLanguage\":\"en-GB\",\"potentialAction\":[{\"@type\":\"ReadAction\",\"target\":[\"https:\/\/sunoenergia.es\/politica-de-cookies\/\"]}]},{\"@type\":\"ImageObject\",\"inLanguage\":\"en-GB\",\"@id\":\"https:\/\/sunoenergia.es\/politica-de-cookies\/#primaryimage\",\"url\":\"https:\/\/sunoenergia.es\/wp-content\/uploads\/2019\/07\/logo-suno-libertad.png\",\"contentUrl\":\"https:\/\/sunoenergia.es\/wp-content\/uploads\/2019\/07\/logo-suno-libertad.png\"},{\"@type\":\"BreadcrumbList\",\"@id\":\"https:\/\/sunoenergia.es\/politica-de-cookies\/#breadcrumb\",\"itemListElement\":[{\"@type\":\"ListItem\",\"position\":1,\"name\":\"Portada\",\"item\":\"https:\/\/sunoenergia.es\/\"},{\"@type\":\"ListItem\",\"position\":2,\"name\":\"Pol\u00edtica de cookies\"}]},{\"@type\":\"WebSite\",\"@id\":\"https:\/\/sunoenergia.es\/#website\",\"url\":\"https:\/\/sunoenergia.es\/\",\"name\":\"Suno Energ\u00eda\",\"description\":\"\",\"publisher\":{\"@id\":\"https:\/\/sunoenergia.es\/#organization\"},\"potentialAction\":[{\"@type\":\"SearchAction\",\"target\":{\"@type\":\"EntryPoint\",\"urlTemplate\":\"https:\/\/sunoenergia.es\/?s={search_term_string}\"},\"query-input\":\"required name=search_term_string\"}],\"inLanguage\":\"en-GB\"},{\"@type\":\"Organization\",\"@id\":\"https:\/\/sunoenergia.es\/#organization\",\"name\":\"Suno Energ\u00eda\",\"url\":\"https:\/\/sunoenergia.es\/\",\"logo\":{\"@type\":\"ImageObject\",\"inLanguage\":\"en-GB\",\"@id\":\"https:\/\/sunoenergia.es\/#\/schema\/logo\/image\/\",\"url\":\"https:\/\/sunoenergia.es\/wp-content\/uploads\/2019\/04\/suno-logotipo.jpg\",\"contentUrl\":\"https:\/\/sunoenergia.es\/wp-content\/uploads\/2019\/04\/suno-logotipo.jpg\",\"width\":260,\"height\":100,\"caption\":\"Suno Energ\u00eda\"},\"image\":{\"@id\":\"https:\/\/sunoenergia.es\/#\/schema\/logo\/image\/\"}}]}<\/script>\n<!-- \/ Yoast SEO plugin. -->","yoast_head_json":{"title":"Pol\u00edtica de cookies - Suno Energ\u00eda","robots":{"index":"noindex","follow":"nofollow"},"og_locale":"en_GB","og_type":"article","og_title":"Pol\u00edtica de cookies - Suno Energ\u00eda","og_description":"Pol\u00edtica de cookies SUNO ENERG\u00cdA a trav\u00e9s del presente documento, recoge su Pol\u00edtica de recogida y tratamiento de cookies, en cumplimiento de lo dispuesto en el art\u00edculo 22.2 de la Ley 34\/2002, de 11 de julio, de Servicios de la Sociedad de la Informaci\u00f3n y de Comercio Electr\u00f3nico (LSSICE). Las cookies se almacenan en el [&hellip;]","og_url":"https:\/\/sunoenergia.es\/en\/politica-de-cookies\/","og_site_name":"Suno Energ\u00eda","article_modified_time":"2023-01-25T17:16:41+00:00","og_image":[{"url":"https:\/\/sunoenergia.es\/wp-content\/uploads\/2019\/07\/logo-suno-libertad.png"}],"twitter_card":"summary_large_image","twitter_misc":{"Estimated reading time":"4 minutes"},"schema":{"@context":"https:\/\/schema.org","@graph":[{"@type":"WebPage","@id":"https:\/\/sunoenergia.es\/politica-de-cookies\/","url":"https:\/\/sunoenergia.es\/politica-de-cookies\/","name":"Pol\u00edtica de cookies - Suno Energ\u00eda","isPartOf":{"@id":"https:\/\/sunoenergia.es\/#website"},"primaryImageOfPage":{"@id":"https:\/\/sunoenergia.es\/politica-de-cookies\/#primaryimage"},"image":{"@id":"https:\/\/sunoenergia.es\/politica-de-cookies\/#primaryimage"},"thumbnailUrl":"https:\/\/sunoenergia.es\/wp-content\/uploads\/2019\/07\/logo-suno-libertad.png","datePublished":"2019-07-18T15:13:40+00:00","dateModified":"2023-01-25T17:16:41+00:00","breadcrumb":{"@id":"https:\/\/sunoenergia.es\/politica-de-cookies\/#breadcrumb"},"inLanguage":"en-GB","potentialAction":[{"@type":"ReadAction","target":["https:\/\/sunoenergia.es\/politica-de-cookies\/"]}]},{"@type":"ImageObject","inLanguage":"en-GB","@id":"https:\/\/sunoenergia.es\/politica-de-cookies\/#primaryimage","url":"https:\/\/sunoenergia.es\/wp-content\/uploads\/2019\/07\/logo-suno-libertad.png","contentUrl":"https:\/\/sunoenergia.es\/wp-content\/uploads\/2019\/07\/logo-suno-libertad.png"},{"@type":"BreadcrumbList","@id":"https:\/\/sunoenergia.es\/politica-de-cookies\/#breadcrumb","itemListElement":[{"@type":"ListItem","position":1,"name":"Portada","item":"https:\/\/sunoenergia.es\/"},{"@type":"ListItem","position":2,"name":"Pol\u00edtica de cookies"}]},{"@type":"WebSite","@id":"https:\/\/sunoenergia.es\/#website","url":"https:\/\/sunoenergia.es\/","name":"Suno Energ\u00eda","description":"","publisher":{"@id":"https:\/\/sunoenergia.es\/#organization"},"potentialAction":[{"@type":"SearchAction","target":{"@type":"EntryPoint","urlTemplate":"https:\/\/sunoenergia.es\/?s={search_term_string}"},"query-input":"required name=search_term_string"}],"inLanguage":"en-GB"},{"@type":"Organization","@id":"https:\/\/sunoenergia.es\/#organization","name":"Suno Energ\u00eda","url":"https:\/\/sunoenergia.es\/","logo":{"@type":"ImageObject","inLanguage":"en-GB","@id":"https:\/\/sunoenergia.es\/#\/schema\/logo\/image\/","url":"https:\/\/sunoenergia.es\/wp-content\/uploads\/2019\/04\/suno-logotipo.jpg","contentUrl":"https:\/\/sunoenergia.es\/wp-content\/uploads\/2019\/04\/suno-logotipo.jpg","width":260,"height":100,"caption":"Suno Energ\u00eda"},"image":{"@id":"https:\/\/sunoenergia.es\/#\/schema\/logo\/image\/"}}]}},"_links":{"self":[{"href":"https:\/\/sunoenergia.es\/en\/wp-json\/wp\/v2\/pages\/416"}],"collection":[{"href":"https:\/\/sunoenergia.es\/en\/wp-json\/wp\/v2\/pages"}],"about":[{"href":"https:\/\/sunoenergia.es\/en\/wp-json\/wp\/v2\/types\/page"}],"author":[{"embeddable":true,"href":"https:\/\/sunoenergia.es\/en\/wp-json\/wp\/v2\/users\/3"}],"replies":[{"embeddable":true,"href":"https:\/\/sunoenergia.es\/en\/wp-json\/wp\/v2\/comments?post=416"}],"version-history":[{"count":9,"href":"https:\/\/sunoenergia.es\/en\/wp-json\/wp\/v2\/pages\/416\/revisions"}],"predecessor-version":[{"id":1208,"href":"https:\/\/sunoenergia.es\/en\/wp-json\/wp\/v2\/pages\/416\/revisions\/1208"}],"wp:attachment":[{"href":"https:\/\/sunoenergia.es\/en\/wp-json\/wp\/v2\/media?parent=416"}],"curies":[{"name":"wp","href":"https:\/\/api.w.org\/{rel}","templated":true}]}}