{"id":424,"date":"2019-07-18T17:27:20","date_gmt":"2019-07-18T15:27:20","guid":{"rendered":"https:\/\/sunoenergia.es\/?page_id=424"},"modified":"2023-01-25T18:15:31","modified_gmt":"2023-01-25T17:15:31","slug":"politica-de-privacidad","status":"publish","type":"page","link":"https:\/\/sunoenergia.es\/en\/politica-de-privacidad\/","title":{"rendered":"Privacy Policy"},"content":{"rendered":"<div data-elementor-type=\"wp-post\" data-elementor-id=\"424\" class=\"elementor elementor-424\">\n\t\t\t\t\t\t<section class=\"elementor-section elementor-top-section elementor-element elementor-element-4d8e326 elementor-section-height-min-height elementor-section-boxed elementor-section-height-default elementor-section-items-middle\" data-id=\"4d8e326\" data-element_type=\"section\" data-settings=\"{&quot;background_background&quot;:&quot;classic&quot;,&quot;jet_parallax_layout_list&quot;:[]}\">\n\t\t\t\t\t\t<div class=\"elementor-container elementor-column-gap-no\">\n\t\t\t\t\t<div class=\"elementor-column elementor-col-100 elementor-top-column elementor-element elementor-element-c6886e7\" data-id=\"c6886e7\" data-element_type=\"column\">\n\t\t\t<div class=\"elementor-widget-wrap elementor-element-populated\">\n\t\t\t\t\t\t<div class=\"elementor-element elementor-element-8d39400 elementor-widget elementor-widget-image\" data-id=\"8d39400\" data-element_type=\"widget\" data-widget_type=\"image.default\">\n\t\t\t\t<div class=\"elementor-widget-container\">\n\t\t\t\t\t\t\t\t\t\t\t\t\t<img fetchpriority=\"high\" decoding=\"async\" width=\"585\" height=\"271\" src=\"https:\/\/sunoenergia.es\/wp-content\/uploads\/2019\/07\/logo-suno-libertad.png\" class=\"attachment-full size-full wp-image-371\" alt=\"logo header\" srcset=\"https:\/\/sunoenergia.es\/wp-content\/uploads\/2019\/07\/logo-suno-libertad.png 585w, https:\/\/sunoenergia.es\/wp-content\/uploads\/2019\/07\/logo-suno-libertad-300x139.png 300w\" sizes=\"(max-width: 585px) 100vw, 585px\" \/>\t\t\t\t\t\t\t\t\t\t\t\t\t<\/div>\n\t\t\t\t<\/div>\n\t\t\t\t\t<\/div>\n\t\t<\/div>\n\t\t\t\t\t<\/div>\n\t\t<\/section>\n\t\t\t\t<section class=\"elementor-section elementor-top-section elementor-element elementor-element-1daba4b elementor-section-boxed elementor-section-height-default elementor-section-height-default\" data-id=\"1daba4b\" data-element_type=\"section\" data-settings=\"{&quot;background_background&quot;:&quot;classic&quot;,&quot;jet_parallax_layout_list&quot;:[]}\">\n\t\t\t\t\t\t<div class=\"elementor-container elementor-column-gap-default\">\n\t\t\t\t\t<div class=\"elementor-column elementor-col-100 elementor-top-column elementor-element elementor-element-63a8bb6\" data-id=\"63a8bb6\" data-element_type=\"column\">\n\t\t\t<div class=\"elementor-widget-wrap elementor-element-populated\">\n\t\t\t\t\t\t<div class=\"elementor-element elementor-element-af9975a elementor-widget elementor-widget-heading\" data-id=\"af9975a\" data-element_type=\"widget\" data-widget_type=\"heading.default\">\n\t\t\t\t<div class=\"elementor-widget-container\">\n\t\t\t<h2 class=\"elementor-heading-title elementor-size-default\">Privacy Policy<\/h2>\t\t<\/div>\n\t\t\t\t<\/div>\n\t\t\t\t<div class=\"elementor-element elementor-element-8089541 elementor-widget elementor-widget-text-editor\" data-id=\"8089541\" data-element_type=\"widget\" data-widget_type=\"text-editor.default\">\n\t\t\t\t<div class=\"elementor-widget-container\">\n\t\t\t\t\t\t\t<p>Through this data protection policy, <strong>SUNO ENERGY,<\/strong> informs the users of its website of the way in which the data of its users will be managed, in order for them to decide, freely and voluntarily, if they wish to provide the requested information.<\/p><p>On this website, the personal data of users is respected and protected. As such, you should know that your rights are guaranteed.<\/p><p>From <strong>SUNO ENERGY<\/strong> We guarantee compliance with the following principles in order to guarantee your privacy:<\/p><ul><li>We never request personal information unless it is really necessary to provide the services that the client requires of us.<\/li><li>We never share our users&#039; personal information with anyone, except to comply with the law or in case we have the user&#039;s express authorization.<\/li><li>We will never use your personal data for a purpose other than that expressed in this privacy policy.<\/li><\/ul><p>It should be noted that this Privacy Policy may be modified in order to adapt to new regulatory requirements, so users are advised to visit it periodically.<\/p><p><strong>SUNO ENERGY<\/strong> has adapted this website to the requirements of Regulation (EU) 2016\/679 of the European Parliament and of the Council of April 27, 2016 and Law 3\/2018, on the protection of personal data and guarantees and digital rights (LOPDGDD), as well as well as Law 34\/2002, of July 11, on Services of the Information Society and Electronic Commerce (LSSICE or LSSI).<\/p><p><strong>Responsible for the processing of your personal data<\/strong><\/p>\t\t\t\t\t\t<\/div>\n\t\t\t\t<\/div>\n\t\t\t\t<div class=\"elementor-element elementor-element-87af68e elementor-widget elementor-widget-text-editor\" data-id=\"87af68e\" data-element_type=\"widget\" data-widget_type=\"text-editor.default\">\n\t\t\t\t<div class=\"elementor-widget-container\">\n\t\t\t\t\t\t\t<ul><li>Company name: SUNO ENERG\u00cdA RENOVABLE SL, (<strong>Hereinafter, SUNO ENERGY<\/strong>).<\/li><li>CIF: B05532841.<\/li><li>Address: C\/ RAM\u00d3N Y CAJAL, 58, 1\u00ba E, 30530, CIEZA, MURCIA.<\/li><li>Telephone: (+34) 699 91 93 12<\/li><li>E-mail: <a href=\"mailto:sunoenergia@sunoenergia.es\">sunoenergia@sunoenergia.es<\/a><\/li><\/ul>\t\t\t\t\t\t<\/div>\n\t\t\t\t<\/div>\n\t\t\t\t<div class=\"elementor-element elementor-element-dfde022 elementor-widget elementor-widget-text-editor\" data-id=\"dfde022\" data-element_type=\"widget\" data-widget_type=\"text-editor.default\">\n\t\t\t\t<div class=\"elementor-widget-container\">\n\t\t\t\t\t\t\t<p>For the treatment of our users&#039; data, we implement all the technical and organizational security measures established in the current legislation.<\/p><p><strong>Principles we will apply to your personal information<\/strong><\/p><p>In the processing of your personal data, we will apply the following principles that comply with the requirements of the new GDPR:<\/p><ul><li>Legality, loyalty and transparency: We will always require your consent for the processing of your personal data for one or more specific purposes of which we will inform you in advance with absolute transparency.<\/li><li>Data minimization: We will only request data that is strictly necessary in relation to the purposes for which we require it.<\/li><li>Limitation of the conservation period: the data will be kept for no longer than necessary for the purposes of the treatment.<\/li><li>Integrity and confidentiality: Your data will be treated in such a way that adequate security of personal data is guaranteed and confidentiality is guaranteed. <strong>SUNO ENERGY<\/strong> will take the necessary precautions to prevent unauthorized access or misuse of our users&#039; data by third parties.<\/li><\/ul><p><strong>How have we obtained your data?<\/strong><\/p><p>The personal data that we process comes from:<\/p><ul><li>Contact Form<\/li><li>Email<\/li><li>Register as a user<\/li><\/ul><p><strong>What are your rights when you provide us with your data?<\/strong><\/p><p>Interested persons have the right to:<\/p><ul><li>Access: Access your personal data that you have<strong> SUNO ENERGY.<\/strong><\/li><li>Rectification: Modify or rectify your inaccurate data that you have<strong> SUNO ENERGY.<\/strong><\/li><li>Cancellation: Cancel your personal data, when they are no longer necessary, from the database of <strong>SUNO ENERGY.<\/strong><\/li><li>Opposition: Oppose the use of your data for a purpose that is not chosen, of the services provided by <strong>SUNO ENERGY.<\/strong><\/li><li>Portability: Request the change of file in an automated file for another company, from the database of <strong>SUNO ENERGY.<\/strong><\/li><li>Limitation: Limit the use and term of the use of your data by <strong>SUNO ENERGY<\/strong>, in which case they will only be kept according to tax legislation and for the exercise of claims.<\/li><li>Withdrawal (Right to be Forgotten): Request the deletion of your history, if applicable, on the Internet (See GDPR).<\/li><\/ul><p>Finally, we inform you of your right to <strong>submit a<\/strong> <strong>complaint to the control authority <\/strong>in relevant data protection matters, in particular, before the <a href=\"http:\/\/www.agpd.es\/portalwebAGPD\/index-ides-idphp.php\">Spanish Data Protection Agency<\/a> (<a href=\"https:\/\/www.agpd.es\/portalwebAGPD\/index-ides-idphp.php\">https:\/\/www.agpd.es\/portalwebAGPD\/index-ides-idphp.php<\/a>)<\/p><p>Interested parties may access their personal data, as well as request the rectification of inaccurate data or, where appropriate, request its deletion when, among other reasons, the data is no longer necessary for the purposes for which it was collected. In certain circumstances, the interested parties may request the limitation of the processing of their data, in which case they will only be kept for the exercise or defense of claims.<\/p><p>In certain circumstances and for reasons related to their particular situation, the interested parties may oppose the processing of their data. <strong>SUNO ENERGY<\/strong> will stop processing the data, except for legitimate reasons, or the exercise or defense of possible claims. As an interested party, you have the right to data portability, that is, to receive the personal data that you have provided us and to transmit it to another data controller when:<\/p><ul><li>The treatment is based on consent<\/li><li>The data has been provided by the person concerned.<\/li><li>The treatment is carried out by automated means.<\/li><\/ul><p>By exercising your right to data portability, you will have the right to have personal data transmitted directly from controller to controller when technically possible.<\/p><p>Interested parties will also have the right to effective judicial protection and may file a claim with the control authority, in this case, the Spanish Agency for Data Protection, if they consider that the processing of personal data that concerns them violates the Regulation.<\/p><p><strong>For what purpose do we process your personal data?<\/strong><\/p><p>When a user connects to this website, for example to comment on a post, send an email to the owner, subscribe or make a contract, they are providing personal information for which they are responsible. <strong>SUNO ENERGY.<\/strong> That information may include personal data such as your IP address, name, physical address, email address, phone number, and other information. By providing this information, the user gives their consent for their information to be collected, used, managed and stored by <strong>SUNO ENERGY<\/strong>, as described in the Legal Notice and in this Privacy Policy.<br \/>There are different systems for capturing personal information and I treat the information provided by interested persons in the following ways:<\/p><ul><li>Contact form: The following personal information is requested: Name, Email, and other information that can be provided in the body of the Message, to respond to the requirements of web users. For example, we can use this data to respond to your request and respond to doubts, complaints or comments about the information included on the web, the services provided through the web or the processing of your personal data.<\/li><li>User registration form: When filling in the fields in the &quot;Create an account&quot; section, the following personal information is requested: Name and surname, Email and password. Other non-identifying data obtained through some cookies that are downloaded to the user&#039;s computer when browsing this website, which are detailed in the cookie policy, are also collected.<\/li><li><strong>SUNO ENERGY<\/strong> will not transfer personal data that can identify the user to third parties without prior consent.<\/li><\/ul><p><strong>Legitimation for the processing of your data<\/strong><\/p><p><strong>SUNO ENERGY<\/strong> is entitled to the processing of your personal data, based on the consent of the interested party, as provided in article 6.1.a of the aforementioned GDPR.<\/p><p><strong>Period of conservation of your data<\/strong><\/p><p>The personal data provided will be kept as long as a commercial relationship is maintained and, where appropriate, during the years necessary to comply with legal obligations or until the interested party requests the deletion of their data.<\/p><p><strong>Security measures<\/strong><\/p><p><strong>SUNO ENERGY<\/strong> is committed to the use and treatment of personal data of users, respecting their confidentiality, to use them in accordance with the purpose of the same, as well as to comply with their obligation to save them and adapt all measures to avoid alteration, loss , treatment or unauthorized access, in accordance with the provisions of current data protection regulations.<\/p><p>When a security incident occurs, upon realizing <strong>SUNO ENERGY<\/strong>, you must notify the user without undue delay and you must provide the user with timely information related to the security incident when it becomes known.<\/p><p><strong>Data accuracy<\/strong><\/p><p>The user is solely responsible for the veracity of the data sent to <strong>SUNO ENERGY<\/strong> exonerating you from any responsibility in this regard.<\/p><p>Users guarantee and are responsible, in any case, for the accuracy, validity and authenticity of the personal data provided, and undertake to keep them duly updated. The user agrees to provide complete and correct information in the contact or subscription form.<\/p><p><strong>Acceptance and consent<\/strong><\/p><p>The user declares to have been informed of the conditions on the protection of personal data, accepting and consenting to their treatment by <strong>SUNO ENERGY<\/strong> in the manner and for the purposes indicated in this privacy policy.<\/p><p><strong>revocability<\/strong><\/p><p>The consent given, both for the treatment and for the transfer of the data of the interested parties, is revocable at any time by communicating it to <strong>SUNO ENERGY<\/strong> in the terms established in this Privacy Policy for the exercise of your rights.<\/p><p><strong>Privacy Policy Changes<\/strong><\/p><p><strong>SUNO ENERGY<\/strong> reserves the right to modify this policy to adapt it to new legislation, as well as industry practices. In such cases, on this same page, the changes introduced will be announced with reasonable anticipation of their implementation.<\/p>\t\t\t\t\t\t<\/div>\n\t\t\t\t<\/div>\n\t\t\t\t\t<\/div>\n\t\t<\/div>\n\t\t\t\t\t<\/div>\n\t\t<\/section>\n\t\t\t\t<\/div>","protected":false},"excerpt":{"rendered":"<p>Privacy Policy Through this data protection policy, SUNO ENERG\u00cdA informs the users of its website of the way in which the data of its users will be managed, in order for them to decide, freely and voluntarily, if they wish to provide the requested information. On this website we respect [\u2026]<\/p>","protected":false},"author":3,"featured_media":0,"parent":0,"menu_order":0,"comment_status":"closed","ping_status":"closed","template":"elementor_header_footer","meta":{"footnotes":""},"class_list":["post-424","page","type-page","status-publish","hentry"],"yoast_head":"<!-- This site is optimized with the Yoast SEO plugin v23.2 - https:\/\/yoast.com\/wordpress\/plugins\/seo\/ -->\n<title>Pol\u00edtica de privacidad - Suno Energ\u00eda<\/title>\n<meta name=\"robots\" content=\"noindex, nofollow\" \/>\n<meta property=\"og:locale\" content=\"en_GB\" \/>\n<meta property=\"og:type\" content=\"article\" \/>\n<meta property=\"og:title\" content=\"Pol\u00edtica de privacidad - Suno Energ\u00eda\" \/>\n<meta property=\"og:description\" content=\"Pol\u00edtica de privacidad Mediante la presente pol\u00edtica de protecci\u00f3n de datos, SUNO ENERG\u00cdA, informa a los usuarios de su web de la forma en que se van a gestionar los datos de sus usuarios, con el fin de que decidan, libre y voluntariamente, si desean facilitar la informaci\u00f3n solicitada. En esta p\u00e1gina web se respetan [&hellip;]\" \/>\n<meta property=\"og:url\" content=\"https:\/\/sunoenergia.es\/en\/politica-de-privacidad\/\" \/>\n<meta property=\"og:site_name\" content=\"Suno Energ\u00eda\" \/>\n<meta property=\"article:modified_time\" content=\"2023-01-25T17:15:31+00:00\" \/>\n<meta property=\"og:image\" content=\"https:\/\/sunoenergia.es\/wp-content\/uploads\/2019\/07\/logo-suno-libertad.png\" \/>\n<meta name=\"twitter:card\" content=\"summary_large_image\" \/>\n<meta name=\"twitter:label1\" content=\"Estimated reading time\" \/>\n\t<meta name=\"twitter:data1\" content=\"8 minutes\" \/>\n<script type=\"application\/ld+json\" class=\"yoast-schema-graph\">{\"@context\":\"https:\/\/schema.org\",\"@graph\":[{\"@type\":\"WebPage\",\"@id\":\"https:\/\/sunoenergia.es\/politica-de-privacidad\/\",\"url\":\"https:\/\/sunoenergia.es\/politica-de-privacidad\/\",\"name\":\"Pol\u00edtica de privacidad - Suno Energ\u00eda\",\"isPartOf\":{\"@id\":\"https:\/\/sunoenergia.es\/#website\"},\"primaryImageOfPage\":{\"@id\":\"https:\/\/sunoenergia.es\/politica-de-privacidad\/#primaryimage\"},\"image\":{\"@id\":\"https:\/\/sunoenergia.es\/politica-de-privacidad\/#primaryimage\"},\"thumbnailUrl\":\"https:\/\/sunoenergia.es\/wp-content\/uploads\/2019\/07\/logo-suno-libertad.png\",\"datePublished\":\"2019-07-18T15:27:20+00:00\",\"dateModified\":\"2023-01-25T17:15:31+00:00\",\"breadcrumb\":{\"@id\":\"https:\/\/sunoenergia.es\/politica-de-privacidad\/#breadcrumb\"},\"inLanguage\":\"en-GB\",\"potentialAction\":[{\"@type\":\"ReadAction\",\"target\":[\"https:\/\/sunoenergia.es\/politica-de-privacidad\/\"]}]},{\"@type\":\"ImageObject\",\"inLanguage\":\"en-GB\",\"@id\":\"https:\/\/sunoenergia.es\/politica-de-privacidad\/#primaryimage\",\"url\":\"https:\/\/sunoenergia.es\/wp-content\/uploads\/2019\/07\/logo-suno-libertad.png\",\"contentUrl\":\"https:\/\/sunoenergia.es\/wp-content\/uploads\/2019\/07\/logo-suno-libertad.png\"},{\"@type\":\"BreadcrumbList\",\"@id\":\"https:\/\/sunoenergia.es\/politica-de-privacidad\/#breadcrumb\",\"itemListElement\":[{\"@type\":\"ListItem\",\"position\":1,\"name\":\"Portada\",\"item\":\"https:\/\/sunoenergia.es\/\"},{\"@type\":\"ListItem\",\"position\":2,\"name\":\"Pol\u00edtica de privacidad\"}]},{\"@type\":\"WebSite\",\"@id\":\"https:\/\/sunoenergia.es\/#website\",\"url\":\"https:\/\/sunoenergia.es\/\",\"name\":\"Suno Energ\u00eda\",\"description\":\"\",\"publisher\":{\"@id\":\"https:\/\/sunoenergia.es\/#organization\"},\"potentialAction\":[{\"@type\":\"SearchAction\",\"target\":{\"@type\":\"EntryPoint\",\"urlTemplate\":\"https:\/\/sunoenergia.es\/?s={search_term_string}\"},\"query-input\":\"required name=search_term_string\"}],\"inLanguage\":\"en-GB\"},{\"@type\":\"Organization\",\"@id\":\"https:\/\/sunoenergia.es\/#organization\",\"name\":\"Suno Energ\u00eda\",\"url\":\"https:\/\/sunoenergia.es\/\",\"logo\":{\"@type\":\"ImageObject\",\"inLanguage\":\"en-GB\",\"@id\":\"https:\/\/sunoenergia.es\/#\/schema\/logo\/image\/\",\"url\":\"https:\/\/sunoenergia.es\/wp-content\/uploads\/2019\/04\/suno-logotipo.jpg\",\"contentUrl\":\"https:\/\/sunoenergia.es\/wp-content\/uploads\/2019\/04\/suno-logotipo.jpg\",\"width\":260,\"height\":100,\"caption\":\"Suno Energ\u00eda\"},\"image\":{\"@id\":\"https:\/\/sunoenergia.es\/#\/schema\/logo\/image\/\"}}]}<\/script>\n<!-- \/ Yoast SEO plugin. -->","yoast_head_json":{"title":"Pol\u00edtica de privacidad - Suno Energ\u00eda","robots":{"index":"noindex","follow":"nofollow"},"og_locale":"en_GB","og_type":"article","og_title":"Pol\u00edtica de privacidad - Suno Energ\u00eda","og_description":"Pol\u00edtica de privacidad Mediante la presente pol\u00edtica de protecci\u00f3n de datos, SUNO ENERG\u00cdA, informa a los usuarios de su web de la forma en que se van a gestionar los datos de sus usuarios, con el fin de que decidan, libre y voluntariamente, si desean facilitar la informaci\u00f3n solicitada. En esta p\u00e1gina web se respetan [&hellip;]","og_url":"https:\/\/sunoenergia.es\/en\/politica-de-privacidad\/","og_site_name":"Suno Energ\u00eda","article_modified_time":"2023-01-25T17:15:31+00:00","og_image":[{"url":"https:\/\/sunoenergia.es\/wp-content\/uploads\/2019\/07\/logo-suno-libertad.png"}],"twitter_card":"summary_large_image","twitter_misc":{"Estimated reading time":"8 minutes"},"schema":{"@context":"https:\/\/schema.org","@graph":[{"@type":"WebPage","@id":"https:\/\/sunoenergia.es\/politica-de-privacidad\/","url":"https:\/\/sunoenergia.es\/politica-de-privacidad\/","name":"Pol\u00edtica de privacidad - Suno Energ\u00eda","isPartOf":{"@id":"https:\/\/sunoenergia.es\/#website"},"primaryImageOfPage":{"@id":"https:\/\/sunoenergia.es\/politica-de-privacidad\/#primaryimage"},"image":{"@id":"https:\/\/sunoenergia.es\/politica-de-privacidad\/#primaryimage"},"thumbnailUrl":"https:\/\/sunoenergia.es\/wp-content\/uploads\/2019\/07\/logo-suno-libertad.png","datePublished":"2019-07-18T15:27:20+00:00","dateModified":"2023-01-25T17:15:31+00:00","breadcrumb":{"@id":"https:\/\/sunoenergia.es\/politica-de-privacidad\/#breadcrumb"},"inLanguage":"en-GB","potentialAction":[{"@type":"ReadAction","target":["https:\/\/sunoenergia.es\/politica-de-privacidad\/"]}]},{"@type":"ImageObject","inLanguage":"en-GB","@id":"https:\/\/sunoenergia.es\/politica-de-privacidad\/#primaryimage","url":"https:\/\/sunoenergia.es\/wp-content\/uploads\/2019\/07\/logo-suno-libertad.png","contentUrl":"https:\/\/sunoenergia.es\/wp-content\/uploads\/2019\/07\/logo-suno-libertad.png"},{"@type":"BreadcrumbList","@id":"https:\/\/sunoenergia.es\/politica-de-privacidad\/#breadcrumb","itemListElement":[{"@type":"ListItem","position":1,"name":"Portada","item":"https:\/\/sunoenergia.es\/"},{"@type":"ListItem","position":2,"name":"Pol\u00edtica de privacidad"}]},{"@type":"WebSite","@id":"https:\/\/sunoenergia.es\/#website","url":"https:\/\/sunoenergia.es\/","name":"Suno Energ\u00eda","description":"","publisher":{"@id":"https:\/\/sunoenergia.es\/#organization"},"potentialAction":[{"@type":"SearchAction","target":{"@type":"EntryPoint","urlTemplate":"https:\/\/sunoenergia.es\/?s={search_term_string}"},"query-input":"required name=search_term_string"}],"inLanguage":"en-GB"},{"@type":"Organization","@id":"https:\/\/sunoenergia.es\/#organization","name":"Suno Energ\u00eda","url":"https:\/\/sunoenergia.es\/","logo":{"@type":"ImageObject","inLanguage":"en-GB","@id":"https:\/\/sunoenergia.es\/#\/schema\/logo\/image\/","url":"https:\/\/sunoenergia.es\/wp-content\/uploads\/2019\/04\/suno-logotipo.jpg","contentUrl":"https:\/\/sunoenergia.es\/wp-content\/uploads\/2019\/04\/suno-logotipo.jpg","width":260,"height":100,"caption":"Suno Energ\u00eda"},"image":{"@id":"https:\/\/sunoenergia.es\/#\/schema\/logo\/image\/"}}]}},"_links":{"self":[{"href":"https:\/\/sunoenergia.es\/en\/wp-json\/wp\/v2\/pages\/424"}],"collection":[{"href":"https:\/\/sunoenergia.es\/en\/wp-json\/wp\/v2\/pages"}],"about":[{"href":"https:\/\/sunoenergia.es\/en\/wp-json\/wp\/v2\/types\/page"}],"author":[{"embeddable":true,"href":"https:\/\/sunoenergia.es\/en\/wp-json\/wp\/v2\/users\/3"}],"replies":[{"embeddable":true,"href":"https:\/\/sunoenergia.es\/en\/wp-json\/wp\/v2\/comments?post=424"}],"version-history":[{"count":9,"href":"https:\/\/sunoenergia.es\/en\/wp-json\/wp\/v2\/pages\/424\/revisions"}],"predecessor-version":[{"id":1196,"href":"https:\/\/sunoenergia.es\/en\/wp-json\/wp\/v2\/pages\/424\/revisions\/1196"}],"wp:attachment":[{"href":"https:\/\/sunoenergia.es\/en\/wp-json\/wp\/v2\/media?parent=424"}],"curies":[{"name":"wp","href":"https:\/\/api.w.org\/{rel}","templated":true}]}}