{"id":462,"date":"2021-05-26T11:09:07","date_gmt":"2021-05-26T09:09:07","guid":{"rendered":"https:\/\/sunoenergia.es\/tienda\/"},"modified":"2023-02-02T11:28:43","modified_gmt":"2023-02-02T10:28:43","slug":"catalogo","status":"publish","type":"page","link":"https:\/\/sunoenergia.es\/en\/catalogo\/","title":{"rendered":"Catalogue"},"content":{"rendered":"<div data-elementor-type=\"wp-page\" data-elementor-id=\"462\" class=\"elementor elementor-462\">\n\t\t\t\t\t\t<section class=\"elementor-section elementor-top-section elementor-element elementor-element-fb72abc elementor-section-height-min-height elementor-section-boxed elementor-section-height-default elementor-section-items-middle\" data-id=\"fb72abc\" data-element_type=\"section\" data-settings=\"{&quot;jet_parallax_layout_list&quot;:[],&quot;background_background&quot;:&quot;classic&quot;,&quot;shape_divider_bottom&quot;:&quot;triangle&quot;}\">\n\t\t\t\t\t<div class=\"elementor-shape elementor-shape-bottom\" data-negative=\"false\">\n\t\t\t<svg xmlns=\"http:\/\/www.w3.org\/2000\/svg\" viewbox=\"0 0 1000 100\" preserveaspectratio=\"none\">\n\t<path class=\"elementor-shape-fill\" d=\"M500,98.9L0,6.1V0h1000v6.1L500,98.9z\"\/>\n<\/svg>\t\t<\/div>\n\t\t\t\t\t<div class=\"elementor-container elementor-column-gap-default\">\n\t\t\t\t\t<div class=\"elementor-column elementor-col-100 elementor-top-column elementor-element elementor-element-d094632\" data-id=\"d094632\" data-element_type=\"column\">\n\t\t\t<div class=\"elementor-widget-wrap\">\n\t\t\t\t\t\t\t<\/div>\n\t\t<\/div>\n\t\t\t\t\t<\/div>\n\t\t<\/section>\n\t\t\t\t<section class=\"elementor-section elementor-top-section elementor-element elementor-element-3ad3bce elementor-section-boxed elementor-section-height-default elementor-section-height-default\" data-id=\"3ad3bce\" data-element_type=\"section\" data-settings=\"{&quot;jet_parallax_layout_list&quot;:[]}\">\n\t\t\t\t\t\t<div class=\"elementor-container elementor-column-gap-default\">\n\t\t\t\t\t<div class=\"elementor-column elementor-col-100 elementor-top-column elementor-element elementor-element-0d3a1a9\" data-id=\"0d3a1a9\" data-element_type=\"column\">\n\t\t\t<div class=\"elementor-widget-wrap elementor-element-populated\">\n\t\t\t\t\t\t<div class=\"elementor-element elementor-element-0964ea7 elementor-invisible elementor-widget elementor-widget-heading\" data-id=\"0964ea7\" data-element_type=\"widget\" data-settings=\"{&quot;_animation&quot;:&quot;fadeInUp&quot;}\" data-widget_type=\"heading.default\">\n\t\t\t\t<div class=\"elementor-widget-container\">\n\t\t\t<h1 class=\"elementor-heading-title elementor-size-default\">We are Autosolar Partner<\/h1>\t\t<\/div>\n\t\t\t\t<\/div>\n\t\t\t\t<div class=\"elementor-element elementor-element-c828ed8 elementor-invisible elementor-widget elementor-widget-heading\" data-id=\"c828ed8\" data-element_type=\"widget\" data-settings=\"{&quot;_animation&quot;:&quot;fadeInUp&quot;}\" data-widget_type=\"heading.default\">\n\t\t\t\t<div class=\"elementor-widget-container\">\n\t\t\t<h3 class=\"elementor-heading-title elementor-size-default\">Get advice from our experts in solar energy<\/h3>\t\t<\/div>\n\t\t\t\t<\/div>\n\t\t\t\t<div class=\"elementor-element elementor-element-d5f86da elementor-invisible elementor-widget elementor-widget-text-editor\" data-id=\"d5f86da\" data-element_type=\"widget\" data-settings=\"{&quot;_animation&quot;:&quot;fadeInUp&quot;}\" data-widget_type=\"text-editor.default\">\n\t\t\t\t<div class=\"elementor-widget-container\">\n\t\t\t\t\t\t\t<p>We make budgets to offer customers the best solutions to their needs.<\/p><p>You will find a large selection of solar panels, solar batteries, inverters and charge regulators that will allow you to form the solar installation you need for your habitual residence or country house.<\/p><p>Depending on the home you have, our technicians will offer you the best solar kit, always taking your consumption into account. We have a wide catalog of appropriate and balanced photovoltaic solar kits to supply electricity with different types of solar installations, both for isolated homes and those connected to the grid.<\/p><p>We also have a category dedicated to water pumps, where you can find a wide variety to form a direct solar pumping kit.<\/p><p>We have gasoline generators and diesel generators. In this way, the generators will be in charge of charging the batteries when there are clouds and the solar panels cannot charge them.<\/p><p>And if you already have it clear, from here you can now place the order for your equipment.<\/p>\t\t\t\t\t\t<\/div>\n\t\t\t\t<\/div>\n\t\t\t\t<div class=\"elementor-element elementor-element-50bedba elementor-widget elementor-widget-jet-woo-products\" data-id=\"50bedba\" data-element_type=\"widget\" data-settings=\"{&quot;columns_mobile&quot;:&quot;1&quot;,&quot;columns&quot;:4}\" data-widget_type=\"jet-woo-products.default\">\n\t\t\t\t<div class=\"elementor-widget-container\">\n\t\t\t<div class=\"elementor-jet-woo-products jet-woo-builder\"><div class=\"jet-woo-products jet-woo-products--preset-1 col-row\" data-mobile-hover=\"\" >\n<div class=\"jet-woo-products__item jet-woo-builder-product jet-woo-thumb-with-effect\" data-product-id=\"814\">\n\t<div class=\"jet-woo-products__inner-box\"  >\n\t\t\n<div class=\"jet-woo-product-thumbnail\">\n\t\n\t<a href=\"https:\/\/sunoenergia.es\/en\/product\/kit-solar-baterias-6000w-30kwhdia-growatt\/\" ><img fetchpriority=\"high\" decoding=\"async\" width=\"300\" height=\"300\" src=\"https:\/\/sunoenergia.es\/wp-content\/uploads\/2023\/01\/Kit-Solar-Baterias-6000W-30kWhdia-Growatt-300x300.jpg\" class=\"attachment-woocommerce_thumbnail size-woocommerce_thumbnail\" alt=\"Imagen del Kit Solar Bater\u00edas 6000W 30kWhdia Growatt\" data-no-lazy=\"1\" loading=\"auto\" srcset=\"https:\/\/sunoenergia.es\/wp-content\/uploads\/2023\/01\/Kit-Solar-Baterias-6000W-30kWhdia-Growatt-300x300.jpg 300w, https:\/\/sunoenergia.es\/wp-content\/uploads\/2023\/01\/Kit-Solar-Baterias-6000W-30kWhdia-Growatt-150x150.jpg 150w, https:\/\/sunoenergia.es\/wp-content\/uploads\/2023\/01\/Kit-Solar-Baterias-6000W-30kWhdia-Growatt-768x768.jpg 768w, https:\/\/sunoenergia.es\/wp-content\/uploads\/2023\/01\/Kit-Solar-Baterias-6000W-30kWhdia-Growatt-600x600.jpg 600w, https:\/\/sunoenergia.es\/wp-content\/uploads\/2023\/01\/Kit-Solar-Baterias-6000W-30kWhdia-Growatt-100x100.jpg 100w, https:\/\/sunoenergia.es\/wp-content\/uploads\/2023\/01\/Kit-Solar-Baterias-6000W-30kWhdia-Growatt.jpg 1000w\" sizes=\"(max-width: 300px) 100vw, 300px\" \/><\/a>\n\t<div class=\"jet-woo-product-img-overlay\"><\/div>\n\n\t<div class=\"jet-woo-product-badges\"><div class=\"jet-woo-product-badge jet-woo-product-badge__sale\">Offer<\/div><\/div>\n\t<\/div>\n<div class=\"jet-woo-product-categories\">\n\t<ul><li><a href=\"https:\/\/sunoenergia.es\/en\/product-category\/kit-solar-baterias\/\" rel=\"tag\">Solar Batteries Kit<\/a><\/li><\/ul>\n<\/div><h2 class=\"jet-woo-product-title\" ><a href=\"https:\/\/sunoenergia.es\/en\/product\/kit-solar-baterias-6000w-30kwhdia-growatt\/\" >Solar Kit Batteries 6000W 30kWhdia Growatt<\/a><\/h2>\n<div class=\"jet-woo-product-price\">\n\t<span class=\"price\"><del aria-hidden=\"true\"><span class=\"woocommerce-Price-amount amount\"><bdi>8.060,18<span class=\"woocommerce-Price-currencySymbol\">\u20ac<\/span><\/bdi><\/span><\/del> <span class=\"screen-reader-text\" data-no-translation=\"\" data-trp-gettext=\"\">Original price was: 8.060,18&euro;.<\/span><ins aria-hidden=\"true\"><span class=\"woocommerce-Price-amount amount\"><bdi>7.623,56<span class=\"woocommerce-Price-currencySymbol\">\u20ac<\/span><\/bdi><\/span><\/ins><span class=\"screen-reader-text\" data-no-translation=\"\" data-trp-gettext=\"\">Current price is: 7.623,56&euro;.<\/span><\/span>\n<\/div>\n<div class=\"jet-woo-product-button\">\n\t<a href=\"?add-to-cart=814\" aria-describedby=\"woocommerce_loop_add_to_cart_link_describedby_814\" data-quantity=\"1\" class=\"button product_type_simple add_to_cart_button ajax_add_to_cart\" data-product_id=\"814\" data-product_sku=\"\" aria-label=\"Add to basket: \u201cKit Solar Bater\u00edas 6000W 30kWhdia Growatt\u201d\" rel=\"nofollow\" data-no-translation=\"\" data-trp-gettext=\"\" data-no-translation-aria-label=\"\">Add to basket<\/a><span id=\"woocommerce_loop_add_to_cart_link_describedby_814\" class=\"screen-reader-text\">\n\t<\/span>\n<\/div>\n<div class=\"jet-woo-products-cqw-wrapper\">\n\t<\/div>\t<\/div>\n\n\t<\/div>\n<div class=\"jet-woo-products__item jet-woo-builder-product jet-woo-thumb-with-effect\" data-product-id=\"812\">\n\t<div class=\"jet-woo-products__inner-box\"  >\n\t\t\n<div class=\"jet-woo-product-thumbnail\">\n\t\n\t<a href=\"https:\/\/sunoenergia.es\/en\/product\/panel-ja-solar-460w-24v-monocristalino-perc\/\" ><img decoding=\"async\" width=\"300\" height=\"300\" src=\"https:\/\/sunoenergia.es\/wp-content\/uploads\/2023\/01\/Panel-JA-Solar-460W-24V-Monocristalino-PERC-300x300.jpg\" class=\"attachment-woocommerce_thumbnail size-woocommerce_thumbnail\" alt=\"Panel JA Solar 460W 24V Monocristalino PERC\" data-no-lazy=\"1\" loading=\"auto\" srcset=\"https:\/\/sunoenergia.es\/wp-content\/uploads\/2023\/01\/Panel-JA-Solar-460W-24V-Monocristalino-PERC-300x300.jpg 300w, https:\/\/sunoenergia.es\/wp-content\/uploads\/2023\/01\/Panel-JA-Solar-460W-24V-Monocristalino-PERC-150x150.jpg 150w, https:\/\/sunoenergia.es\/wp-content\/uploads\/2023\/01\/Panel-JA-Solar-460W-24V-Monocristalino-PERC-768x768.jpg 768w, https:\/\/sunoenergia.es\/wp-content\/uploads\/2023\/01\/Panel-JA-Solar-460W-24V-Monocristalino-PERC-600x600.jpg 600w, https:\/\/sunoenergia.es\/wp-content\/uploads\/2023\/01\/Panel-JA-Solar-460W-24V-Monocristalino-PERC-100x100.jpg 100w, https:\/\/sunoenergia.es\/wp-content\/uploads\/2023\/01\/Panel-JA-Solar-460W-24V-Monocristalino-PERC.jpg 1000w\" sizes=\"(max-width: 300px) 100vw, 300px\" \/><\/a>\n\t<div class=\"jet-woo-product-img-overlay\"><\/div>\n\n\t<div class=\"jet-woo-product-badges\"><div class=\"jet-woo-product-badge jet-woo-product-badge__sale\">Offer<\/div><\/div>\n\t<\/div>\n<div class=\"jet-woo-product-categories\">\n\t<ul><li><a href=\"https:\/\/sunoenergia.es\/en\/product-category\/paneles-solares\/\" rel=\"tag\">Solar panels<\/a><\/li><\/ul>\n<\/div><h2 class=\"jet-woo-product-title\" ><a href=\"https:\/\/sunoenergia.es\/en\/product\/panel-ja-solar-460w-24v-monocristalino-perc\/\" >JA Solar Panel 460W 24V Monocrystalline PERC<\/a><\/h2>\n<div class=\"jet-woo-product-price\">\n\t<span class=\"price\"><del aria-hidden=\"true\"><span class=\"woocommerce-Price-amount amount\"><bdi>176,56<span class=\"woocommerce-Price-currencySymbol\">\u20ac<\/span><\/bdi><\/span><\/del> <span class=\"screen-reader-text\" data-no-translation=\"\" data-trp-gettext=\"\">Original price was: 176,56&euro;.<\/span><ins aria-hidden=\"true\"><span class=\"woocommerce-Price-amount amount\"><bdi>170,61<span class=\"woocommerce-Price-currencySymbol\">\u20ac<\/span><\/bdi><\/span><\/ins><span class=\"screen-reader-text\" data-no-translation=\"\" data-trp-gettext=\"\">Current price is: 170,61&euro;.<\/span><\/span>\n<\/div>\n<div class=\"jet-woo-product-button\">\n\t<a href=\"?add-to-cart=812\" aria-describedby=\"woocommerce_loop_add_to_cart_link_describedby_812\" data-quantity=\"1\" class=\"button product_type_simple add_to_cart_button ajax_add_to_cart\" data-product_id=\"812\" data-product_sku=\"\" aria-label=\"Add to basket: \u201cPanel JA Solar 460W 24V Monocristalino PERC\u201d\" rel=\"nofollow\" data-no-translation=\"\" data-trp-gettext=\"\" data-no-translation-aria-label=\"\">Add to basket<\/a><span id=\"woocommerce_loop_add_to_cart_link_describedby_812\" class=\"screen-reader-text\">\n\t<\/span>\n<\/div>\n<div class=\"jet-woo-products-cqw-wrapper\">\n\t<\/div>\t<\/div>\n\n\t<\/div>\n<div class=\"jet-woo-products__item jet-woo-builder-product jet-woo-thumb-with-effect\" data-product-id=\"810\">\n\t<div class=\"jet-woo-products__inner-box\"  >\n\t\t\n<div class=\"jet-woo-product-thumbnail\">\n\t\n\t<a href=\"https:\/\/sunoenergia.es\/en\/product\/bateria-litio-3-5kwh-pylontech-us3000-48v\/\" ><img decoding=\"async\" width=\"300\" height=\"300\" src=\"https:\/\/sunoenergia.es\/wp-content\/uploads\/2023\/01\/Bateria-Litio-3.5kWh-Pylontech-US3000-48V-300x300.jpg\" class=\"attachment-woocommerce_thumbnail size-woocommerce_thumbnail\" alt=\"Bater\u00eda Litio 3.5kWh Pylontech US3000 48V\" data-no-lazy=\"1\" loading=\"auto\" srcset=\"https:\/\/sunoenergia.es\/wp-content\/uploads\/2023\/01\/Bateria-Litio-3.5kWh-Pylontech-US3000-48V-300x300.jpg 300w, https:\/\/sunoenergia.es\/wp-content\/uploads\/2023\/01\/Bateria-Litio-3.5kWh-Pylontech-US3000-48V-150x150.jpg 150w, https:\/\/sunoenergia.es\/wp-content\/uploads\/2023\/01\/Bateria-Litio-3.5kWh-Pylontech-US3000-48V-768x768.jpg 768w, https:\/\/sunoenergia.es\/wp-content\/uploads\/2023\/01\/Bateria-Litio-3.5kWh-Pylontech-US3000-48V-600x600.jpg 600w, https:\/\/sunoenergia.es\/wp-content\/uploads\/2023\/01\/Bateria-Litio-3.5kWh-Pylontech-US3000-48V-100x100.jpg 100w, https:\/\/sunoenergia.es\/wp-content\/uploads\/2023\/01\/Bateria-Litio-3.5kWh-Pylontech-US3000-48V.jpg 1000w\" sizes=\"(max-width: 300px) 100vw, 300px\" \/><\/a>\n\t<div class=\"jet-woo-product-img-overlay\"><\/div>\n\n\t\n\t<\/div>\n<div class=\"jet-woo-product-categories\">\n\t<ul><li><a href=\"https:\/\/sunoenergia.es\/en\/product-category\/baterias-de-litio\/\" rel=\"tag\">Lithium batteries<\/a><\/li><\/ul>\n<\/div><h2 class=\"jet-woo-product-title\" ><a href=\"https:\/\/sunoenergia.es\/en\/product\/bateria-litio-3-5kwh-pylontech-us3000-48v\/\" >Lithium Battery 3.5kWh Pylontech US3000 48V<\/a><\/h2>\n<div class=\"jet-woo-product-price\">\n\t<span class=\"price\"><span class=\"woocommerce-Price-amount amount\"><bdi>1.222,67<span class=\"woocommerce-Price-currencySymbol\">\u20ac<\/span><\/bdi><\/span><\/span>\n<\/div>\n<div class=\"jet-woo-product-button\">\n\t<a href=\"?add-to-cart=810\" aria-describedby=\"woocommerce_loop_add_to_cart_link_describedby_810\" data-quantity=\"1\" class=\"button product_type_simple add_to_cart_button ajax_add_to_cart\" data-product_id=\"810\" data-product_sku=\"\" aria-label=\"Add to basket: \u201cBater\u00eda Litio 3.5kWh Pylontech US3000 48V\u201d\" rel=\"nofollow\" data-no-translation=\"\" data-trp-gettext=\"\" data-no-translation-aria-label=\"\">Add to basket<\/a><span id=\"woocommerce_loop_add_to_cart_link_describedby_810\" class=\"screen-reader-text\">\n\t<\/span>\n<\/div>\n<div class=\"jet-woo-products-cqw-wrapper\">\n\t<\/div>\t<\/div>\n\n\t<\/div>\n<div class=\"jet-woo-products__item jet-woo-builder-product jet-woo-thumb-with-effect\" data-product-id=\"808\">\n\t<div class=\"jet-woo-products__inner-box\"  >\n\t\t\n<div class=\"jet-woo-product-thumbnail\">\n\t\n\t<a href=\"https:\/\/sunoenergia.es\/en\/product\/inversor-growatt-min-5000tl-xh\/\" ><img decoding=\"async\" width=\"300\" height=\"300\" src=\"https:\/\/sunoenergia.es\/wp-content\/uploads\/2023\/01\/Inversor-Growatt-MIN-5000TL-XH-300x300.jpg\" class=\"attachment-woocommerce_thumbnail size-woocommerce_thumbnail\" alt=\"Inversor Growatt MIN 5000TL-XH\" data-no-lazy=\"1\" loading=\"auto\" srcset=\"https:\/\/sunoenergia.es\/wp-content\/uploads\/2023\/01\/Inversor-Growatt-MIN-5000TL-XH-300x300.jpg 300w, https:\/\/sunoenergia.es\/wp-content\/uploads\/2023\/01\/Inversor-Growatt-MIN-5000TL-XH-150x150.jpg 150w, https:\/\/sunoenergia.es\/wp-content\/uploads\/2023\/01\/Inversor-Growatt-MIN-5000TL-XH-768x768.jpg 768w, https:\/\/sunoenergia.es\/wp-content\/uploads\/2023\/01\/Inversor-Growatt-MIN-5000TL-XH-600x600.jpg 600w, https:\/\/sunoenergia.es\/wp-content\/uploads\/2023\/01\/Inversor-Growatt-MIN-5000TL-XH-100x100.jpg 100w, https:\/\/sunoenergia.es\/wp-content\/uploads\/2023\/01\/Inversor-Growatt-MIN-5000TL-XH.jpg 1000w\" sizes=\"(max-width: 300px) 100vw, 300px\" \/><\/a>\n\t<div class=\"jet-woo-product-img-overlay\"><\/div>\n\n\t<div class=\"jet-woo-product-badges\"><div class=\"jet-woo-product-badge jet-woo-product-badge__sale\">Offer<\/div><\/div>\n\t<\/div>\n<div class=\"jet-woo-product-categories\">\n\t<ul><li><a href=\"https:\/\/sunoenergia.es\/en\/product-category\/inversores-hibridos\/\" rel=\"tag\">Hybrid Inverters<\/a><\/li><\/ul>\n<\/div><h2 class=\"jet-woo-product-title\" ><a href=\"https:\/\/sunoenergia.es\/en\/product\/inversor-growatt-min-5000tl-xh\/\" >Growatt MIN 5000TL-XH inverter<\/a><\/h2>\n<div class=\"jet-woo-product-price\">\n\t<span class=\"price\"><del aria-hidden=\"true\"><span class=\"woocommerce-Price-amount amount\"><bdi>948,99<span class=\"woocommerce-Price-currencySymbol\">\u20ac<\/span><\/bdi><\/span><\/del> <span class=\"screen-reader-text\" data-no-translation=\"\" data-trp-gettext=\"\">Original price was: 948,99&euro;.<\/span><ins aria-hidden=\"true\"><span class=\"woocommerce-Price-amount amount\"><bdi>846,59<span class=\"woocommerce-Price-currencySymbol\">\u20ac<\/span><\/bdi><\/span><\/ins><span class=\"screen-reader-text\" data-no-translation=\"\" data-trp-gettext=\"\">Current price is: 846,59&euro;.<\/span><\/span>\n<\/div>\n<div class=\"jet-woo-product-button\">\n\t<a href=\"?add-to-cart=808\" aria-describedby=\"woocommerce_loop_add_to_cart_link_describedby_808\" data-quantity=\"1\" class=\"button product_type_simple add_to_cart_button ajax_add_to_cart\" data-product_id=\"808\" data-product_sku=\"\" aria-label=\"Add to basket: \u201cInversor Growatt MIN 5000TL-XH\u201d\" rel=\"nofollow\" data-no-translation=\"\" data-trp-gettext=\"\" data-no-translation-aria-label=\"\">Add to basket<\/a><span id=\"woocommerce_loop_add_to_cart_link_describedby_808\" class=\"screen-reader-text\">\n\t<\/span>\n<\/div>\n<div class=\"jet-woo-products-cqw-wrapper\">\n\t<\/div>\t<\/div>\n\n\t<\/div><\/div>\n<\/div>\t\t<\/div>\n\t\t\t\t<\/div>\n\t\t\t\t\t<\/div>\n\t\t<\/div>\n\t\t\t\t\t<\/div>\n\t\t<\/section>\n\t\t\t\t<\/div>","protected":false},"excerpt":{"rendered":"<p>We are an Autosolar Partner Get advice from our experts in solar energy We make budgets to offer customers the best solutions to their needs. You will find a large selection of solar panels, solar batteries, inverters and charge regulators that will make it possible to form the solar installation you need for your regular home or country house Depending on the [\u2026]<\/p>","protected":false},"author":2,"featured_media":0,"parent":0,"menu_order":0,"comment_status":"closed","ping_status":"closed","template":"elementor_header_footer","meta":{"footnotes":""},"class_list":["post-462","page","type-page","status-publish","hentry"],"yoast_head":"<!-- This site is optimized with the Yoast SEO plugin v23.2 - https:\/\/yoast.com\/wordpress\/plugins\/seo\/ -->\n<title>Cat\u00e1logo - Suno Energ\u00eda<\/title>\n<meta name=\"robots\" content=\"index, follow, max-snippet:-1, max-image-preview:large, max-video-preview:-1\" \/>\n<link rel=\"canonical\" href=\"https:\/\/sunoenergia.es\/en\/catalogo\/\" \/>\n<meta property=\"og:locale\" content=\"en_GB\" \/>\n<meta property=\"og:type\" content=\"article\" \/>\n<meta property=\"og:title\" content=\"Cat\u00e1logo - Suno Energ\u00eda\" \/>\n<meta property=\"og:description\" content=\"Somos Partner de Autosolar D\u00e9jate aconsejar por nuestros expertos en energ\u00eda solar Realizamos presupuestos para ofrecerle a los clientes las mejores soluciones a sus necesidades. Encontrar\u00e1s una gran selecci\u00f3n de\u00a0paneles solares,\u00a0bater\u00edas solares\u00a0, inversores\u00a0y\u00a0reguladores de carga\u00a0que permitir\u00e1n formar la instalaci\u00f3n solar que necesitas para tu vivienda habitual o casa de campo Dependiendo de la vivienda de [&hellip;]\" \/>\n<meta property=\"og:url\" content=\"https:\/\/sunoenergia.es\/en\/catalogo\/\" \/>\n<meta property=\"og:site_name\" content=\"Suno Energ\u00eda\" \/>\n<meta property=\"article:modified_time\" content=\"2023-02-02T10:28:43+00:00\" \/>\n<meta property=\"og:image\" content=\"https:\/\/sunoenergia.es\/wp-content\/uploads\/2023\/01\/Kit-Solar-Baterias-6000W-30kWhdia-Growatt-300x300.jpg\" \/>\n<meta name=\"twitter:card\" content=\"summary_large_image\" \/>\n<meta name=\"twitter:label1\" content=\"Estimated reading time\" \/>\n\t<meta name=\"twitter:data1\" content=\"2 minutes\" \/>\n<script type=\"application\/ld+json\" class=\"yoast-schema-graph\">{\"@context\":\"https:\/\/schema.org\",\"@graph\":[{\"@type\":\"WebPage\",\"@id\":\"https:\/\/sunoenergia.es\/catalogo\/\",\"url\":\"https:\/\/sunoenergia.es\/catalogo\/\",\"name\":\"Cat\u00e1logo - Suno Energ\u00eda\",\"isPartOf\":{\"@id\":\"https:\/\/sunoenergia.es\/#website\"},\"primaryImageOfPage\":{\"@id\":\"https:\/\/sunoenergia.es\/catalogo\/#primaryimage\"},\"image\":{\"@id\":\"https:\/\/sunoenergia.es\/catalogo\/#primaryimage\"},\"thumbnailUrl\":\"https:\/\/sunoenergia.es\/wp-content\/uploads\/2023\/01\/Kit-Solar-Baterias-6000W-30kWhdia-Growatt-300x300.jpg\",\"datePublished\":\"2021-05-26T09:09:07+00:00\",\"dateModified\":\"2023-02-02T10:28:43+00:00\",\"breadcrumb\":{\"@id\":\"https:\/\/sunoenergia.es\/catalogo\/#breadcrumb\"},\"inLanguage\":\"en-GB\",\"potentialAction\":[{\"@type\":\"ReadAction\",\"target\":[\"https:\/\/sunoenergia.es\/catalogo\/\"]}]},{\"@type\":\"ImageObject\",\"inLanguage\":\"en-GB\",\"@id\":\"https:\/\/sunoenergia.es\/catalogo\/#primaryimage\",\"url\":\"https:\/\/sunoenergia.es\/wp-content\/uploads\/2023\/01\/Kit-Solar-Baterias-6000W-30kWhdia-Growatt-300x300.jpg\",\"contentUrl\":\"https:\/\/sunoenergia.es\/wp-content\/uploads\/2023\/01\/Kit-Solar-Baterias-6000W-30kWhdia-Growatt-300x300.jpg\"},{\"@type\":\"BreadcrumbList\",\"@id\":\"https:\/\/sunoenergia.es\/catalogo\/#breadcrumb\",\"itemListElement\":[{\"@type\":\"ListItem\",\"position\":1,\"name\":\"Portada\",\"item\":\"https:\/\/sunoenergia.es\/\"},{\"@type\":\"ListItem\",\"position\":2,\"name\":\"Cat\u00e1logo\"}]},{\"@type\":\"WebSite\",\"@id\":\"https:\/\/sunoenergia.es\/#website\",\"url\":\"https:\/\/sunoenergia.es\/\",\"name\":\"Suno Energ\u00eda\",\"description\":\"\",\"publisher\":{\"@id\":\"https:\/\/sunoenergia.es\/#organization\"},\"potentialAction\":[{\"@type\":\"SearchAction\",\"target\":{\"@type\":\"EntryPoint\",\"urlTemplate\":\"https:\/\/sunoenergia.es\/?s={search_term_string}\"},\"query-input\":\"required name=search_term_string\"}],\"inLanguage\":\"en-GB\"},{\"@type\":\"Organization\",\"@id\":\"https:\/\/sunoenergia.es\/#organization\",\"name\":\"Suno Energ\u00eda\",\"url\":\"https:\/\/sunoenergia.es\/\",\"logo\":{\"@type\":\"ImageObject\",\"inLanguage\":\"en-GB\",\"@id\":\"https:\/\/sunoenergia.es\/#\/schema\/logo\/image\/\",\"url\":\"https:\/\/sunoenergia.es\/wp-content\/uploads\/2019\/04\/suno-logotipo.jpg\",\"contentUrl\":\"https:\/\/sunoenergia.es\/wp-content\/uploads\/2019\/04\/suno-logotipo.jpg\",\"width\":260,\"height\":100,\"caption\":\"Suno Energ\u00eda\"},\"image\":{\"@id\":\"https:\/\/sunoenergia.es\/#\/schema\/logo\/image\/\"}}]}<\/script>\n<!-- \/ Yoast SEO plugin. -->","yoast_head_json":{"title":"Cat\u00e1logo - Suno Energ\u00eda","robots":{"index":"index","follow":"follow","max-snippet":"max-snippet:-1","max-image-preview":"max-image-preview:large","max-video-preview":"max-video-preview:-1"},"canonical":"https:\/\/sunoenergia.es\/en\/catalogo\/","og_locale":"en_GB","og_type":"article","og_title":"Cat\u00e1logo - Suno Energ\u00eda","og_description":"Somos Partner de Autosolar D\u00e9jate aconsejar por nuestros expertos en energ\u00eda solar Realizamos presupuestos para ofrecerle a los clientes las mejores soluciones a sus necesidades. Encontrar\u00e1s una gran selecci\u00f3n de\u00a0paneles solares,\u00a0bater\u00edas solares\u00a0, inversores\u00a0y\u00a0reguladores de carga\u00a0que permitir\u00e1n formar la instalaci\u00f3n solar que necesitas para tu vivienda habitual o casa de campo Dependiendo de la vivienda de [&hellip;]","og_url":"https:\/\/sunoenergia.es\/en\/catalogo\/","og_site_name":"Suno Energ\u00eda","article_modified_time":"2023-02-02T10:28:43+00:00","og_image":[{"url":"https:\/\/sunoenergia.es\/wp-content\/uploads\/2023\/01\/Kit-Solar-Baterias-6000W-30kWhdia-Growatt-300x300.jpg"}],"twitter_card":"summary_large_image","twitter_misc":{"Estimated reading time":"2 minutes"},"schema":{"@context":"https:\/\/schema.org","@graph":[{"@type":"WebPage","@id":"https:\/\/sunoenergia.es\/catalogo\/","url":"https:\/\/sunoenergia.es\/catalogo\/","name":"Cat\u00e1logo - Suno Energ\u00eda","isPartOf":{"@id":"https:\/\/sunoenergia.es\/#website"},"primaryImageOfPage":{"@id":"https:\/\/sunoenergia.es\/catalogo\/#primaryimage"},"image":{"@id":"https:\/\/sunoenergia.es\/catalogo\/#primaryimage"},"thumbnailUrl":"https:\/\/sunoenergia.es\/wp-content\/uploads\/2023\/01\/Kit-Solar-Baterias-6000W-30kWhdia-Growatt-300x300.jpg","datePublished":"2021-05-26T09:09:07+00:00","dateModified":"2023-02-02T10:28:43+00:00","breadcrumb":{"@id":"https:\/\/sunoenergia.es\/catalogo\/#breadcrumb"},"inLanguage":"en-GB","potentialAction":[{"@type":"ReadAction","target":["https:\/\/sunoenergia.es\/catalogo\/"]}]},{"@type":"ImageObject","inLanguage":"en-GB","@id":"https:\/\/sunoenergia.es\/catalogo\/#primaryimage","url":"https:\/\/sunoenergia.es\/wp-content\/uploads\/2023\/01\/Kit-Solar-Baterias-6000W-30kWhdia-Growatt-300x300.jpg","contentUrl":"https:\/\/sunoenergia.es\/wp-content\/uploads\/2023\/01\/Kit-Solar-Baterias-6000W-30kWhdia-Growatt-300x300.jpg"},{"@type":"BreadcrumbList","@id":"https:\/\/sunoenergia.es\/catalogo\/#breadcrumb","itemListElement":[{"@type":"ListItem","position":1,"name":"Portada","item":"https:\/\/sunoenergia.es\/"},{"@type":"ListItem","position":2,"name":"Cat\u00e1logo"}]},{"@type":"WebSite","@id":"https:\/\/sunoenergia.es\/#website","url":"https:\/\/sunoenergia.es\/","name":"Suno Energ\u00eda","description":"","publisher":{"@id":"https:\/\/sunoenergia.es\/#organization"},"potentialAction":[{"@type":"SearchAction","target":{"@type":"EntryPoint","urlTemplate":"https:\/\/sunoenergia.es\/?s={search_term_string}"},"query-input":"required name=search_term_string"}],"inLanguage":"en-GB"},{"@type":"Organization","@id":"https:\/\/sunoenergia.es\/#organization","name":"Suno Energ\u00eda","url":"https:\/\/sunoenergia.es\/","logo":{"@type":"ImageObject","inLanguage":"en-GB","@id":"https:\/\/sunoenergia.es\/#\/schema\/logo\/image\/","url":"https:\/\/sunoenergia.es\/wp-content\/uploads\/2019\/04\/suno-logotipo.jpg","contentUrl":"https:\/\/sunoenergia.es\/wp-content\/uploads\/2019\/04\/suno-logotipo.jpg","width":260,"height":100,"caption":"Suno Energ\u00eda"},"image":{"@id":"https:\/\/sunoenergia.es\/#\/schema\/logo\/image\/"}}]}},"_links":{"self":[{"href":"https:\/\/sunoenergia.es\/en\/wp-json\/wp\/v2\/pages\/462"}],"collection":[{"href":"https:\/\/sunoenergia.es\/en\/wp-json\/wp\/v2\/pages"}],"about":[{"href":"https:\/\/sunoenergia.es\/en\/wp-json\/wp\/v2\/types\/page"}],"author":[{"embeddable":true,"href":"https:\/\/sunoenergia.es\/en\/wp-json\/wp\/v2\/users\/2"}],"replies":[{"embeddable":true,"href":"https:\/\/sunoenergia.es\/en\/wp-json\/wp\/v2\/comments?post=462"}],"version-history":[{"count":28,"href":"https:\/\/sunoenergia.es\/en\/wp-json\/wp\/v2\/pages\/462\/revisions"}],"predecessor-version":[{"id":1376,"href":"https:\/\/sunoenergia.es\/en\/wp-json\/wp\/v2\/pages\/462\/revisions\/1376"}],"wp:attachment":[{"href":"https:\/\/sunoenergia.es\/en\/wp-json\/wp\/v2\/media?parent=462"}],"curies":[{"name":"wp","href":"https:\/\/api.w.org\/{rel}","templated":true}]}}