{"id":795,"date":"2023-01-24T10:48:28","date_gmt":"2023-01-24T09:48:28","guid":{"rendered":"https:\/\/sunoenergia.es\/?page_id=795"},"modified":"2023-01-24T10:49:14","modified_gmt":"2023-01-24T09:49:14","slug":"empresa","status":"publish","type":"page","link":"https:\/\/sunoenergia.es\/en\/empresa\/","title":{"rendered":"Company"},"content":{"rendered":"<div data-elementor-type=\"wp-page\" data-elementor-id=\"795\" class=\"elementor elementor-795\">\n\t\t\t\t\t\t<section class=\"elementor-section elementor-top-section elementor-element elementor-element-fb4d88d elementor-section-content-middle elementor-section-boxed elementor-section-height-default elementor-section-height-default\" data-id=\"fb4d88d\" data-element_type=\"section\" data-settings=\"{&quot;jet_parallax_layout_list&quot;:[]}\">\n\t\t\t\t\t\t<div class=\"elementor-container elementor-column-gap-no\">\n\t\t\t\t\t<div class=\"elementor-column elementor-col-50 elementor-top-column elementor-element elementor-element-61aab88\" data-id=\"61aab88\" data-element_type=\"column\">\n\t\t\t<div class=\"elementor-widget-wrap elementor-element-populated\">\n\t\t\t\t\t\t<div class=\"elementor-element elementor-element-1095a31 elementor-widget-divider--view-line elementor-invisible elementor-widget elementor-widget-divider\" data-id=\"1095a31\" data-element_type=\"widget\" data-settings=\"{&quot;_animation&quot;:&quot;fadeInLeft&quot;}\" data-widget_type=\"divider.default\">\n\t\t\t\t<div class=\"elementor-widget-container\">\n\t\t\t\t\t<div class=\"elementor-divider\">\n\t\t\t<span class=\"elementor-divider-separator\">\n\t\t\t\t\t\t<\/span>\n\t\t<\/div>\n\t\t\t\t<\/div>\n\t\t\t\t<\/div>\n\t\t\t\t<div class=\"elementor-element elementor-element-f69a270 elementor-invisible elementor-widget elementor-widget-heading\" data-id=\"f69a270\" data-element_type=\"widget\" data-settings=\"{&quot;_animation&quot;:&quot;fadeInLeft&quot;,&quot;_animation_delay&quot;:200}\" data-widget_type=\"heading.default\">\n\t\t\t\t<div class=\"elementor-widget-container\">\n\t\t\t<h1 class=\"elementor-heading-title elementor-size-default\">SUNO ENERGY<br>About us? <\/h1>\t\t<\/div>\n\t\t\t\t<\/div>\n\t\t\t\t<div class=\"elementor-element elementor-element-28c1619 elementor-invisible elementor-widget elementor-widget-image\" data-id=\"28c1619\" data-element_type=\"widget\" data-settings=\"{&quot;_animation&quot;:&quot;fadeInLeft&quot;,&quot;_animation_delay&quot;:400}\" data-widget_type=\"image.default\">\n\t\t\t\t<div class=\"elementor-widget-container\">\n\t\t\t\t\t\t\t\t\t\t\t\t\t<img fetchpriority=\"high\" decoding=\"async\" width=\"318\" height=\"597\" src=\"https:\/\/sunoenergia.es\/wp-content\/uploads\/2023\/01\/quienes-somos.jpg\" class=\"attachment-large size-large wp-image-763\" alt=\"instalaciones fotovoltaicas sunoenergia\" srcset=\"https:\/\/sunoenergia.es\/wp-content\/uploads\/2023\/01\/quienes-somos.jpg 318w, https:\/\/sunoenergia.es\/wp-content\/uploads\/2023\/01\/quienes-somos-160x300.jpg 160w\" sizes=\"(max-width: 318px) 100vw, 318px\" \/>\t\t\t\t\t\t\t\t\t\t\t\t\t<\/div>\n\t\t\t\t<\/div>\n\t\t\t\t\t<\/div>\n\t\t<\/div>\n\t\t\t\t<div class=\"elementor-column elementor-col-50 elementor-top-column elementor-element elementor-element-eb377a6\" data-id=\"eb377a6\" data-element_type=\"column\">\n\t\t\t<div class=\"elementor-widget-wrap elementor-element-populated\">\n\t\t\t\t\t\t<div class=\"elementor-element elementor-element-194addb elementor-invisible elementor-widget elementor-widget-text-editor\" data-id=\"194addb\" data-element_type=\"widget\" data-settings=\"{&quot;_animation&quot;:&quot;fadeInRight&quot;}\" data-widget_type=\"text-editor.default\">\n\t\t\t\t<div class=\"elementor-widget-container\">\n\t\t\t\t\t\t\t<p><strong>SUNO ENERGY<\/strong> in a company created in order for its users to take advantage of the need that currently exists to promote the production of this type of energy, obtaining the highest possible profitability, offering solutions to photovoltaic solar installations, adapting to the specific needs of our clients. .<\/p><p>To meet our objectives, we value quality, commitment and professionalism, providing management, control and supervision services, which we will explain later.<\/p><p>Our experience of more than twelve years in this type of facility allows us to offer photovoltaic project study services for fields and solar farms, as well as self-consumption in homes or companies.<\/p><p><strong>SUNO ENERGY<\/strong> is a company committed to the environment, being pioneers in the Region of Murcia in the installation and construction of 5 grid-connected photovoltaic solar farms.<\/p><p>We offer our clients a wide portfolio of advisory and business consultancy services in the field of the photovoltaic and self-consumption sector based on our in-depth knowledge of the sector.<\/p><p>Likewise, we have an extensive network of collaborating companies at a national level for the design, commissioning, commissioning and correct operation.<\/p><p>Our objective is to be the installation and maintenance company for our clients.<\/p><p>Our commitment to the environment is a reality.<\/p>\t\t\t\t\t\t<\/div>\n\t\t\t\t<\/div>\n\t\t\t\t\t<\/div>\n\t\t<\/div>\n\t\t\t\t\t<\/div>\n\t\t<\/section>\n\t\t\t\t<\/div>","protected":false},"excerpt":{"rendered":"<p>SUNO ENERG\u00cdAWho are we? SUNO ENERG\u00cdA is a company created in order for its users to take advantage of the current need to promote the production of this type of energy, obtaining the highest possible profitability, offering solutions to photovoltaic solar installations, adapting to the specific needs of our clients. To fulfill our [\u2026]<\/p>","protected":false},"author":3,"featured_media":0,"parent":0,"menu_order":0,"comment_status":"closed","ping_status":"closed","template":"elementor_header_footer","meta":{"footnotes":""},"class_list":["post-795","page","type-page","status-publish","hentry"],"yoast_head":"<!-- This site is optimized with the Yoast SEO plugin v23.2 - https:\/\/yoast.com\/wordpress\/plugins\/seo\/ -->\n<title>Empresa - Suno Energ\u00eda<\/title>\n<meta name=\"robots\" content=\"index, follow, max-snippet:-1, max-image-preview:large, max-video-preview:-1\" \/>\n<link rel=\"canonical\" href=\"https:\/\/sunoenergia.es\/en\/empresa\/\" \/>\n<meta property=\"og:locale\" content=\"en_GB\" \/>\n<meta property=\"og:type\" content=\"article\" \/>\n<meta property=\"og:title\" content=\"Empresa - Suno Energ\u00eda\" \/>\n<meta property=\"og:description\" content=\"SUNO ENERG\u00cdA\u00bfQui\u00e9nes somos? SUNO ENERG\u00cdA en una empresa creada con el fin de que sus usuarios aprovechen la necesidad que existe en la actualidad de impulsar la producci\u00f3n de este tipo de energ\u00edas, obteniendo la mayor rentabilidad posible, ofreciendo soluciones a instalaciones solares fotovoltaicas, adapt\u00e1ndonos a las necesidades espec\u00edficas de nuestros clientes. Para cumplir nuestros [&hellip;]\" \/>\n<meta property=\"og:url\" content=\"https:\/\/sunoenergia.es\/en\/empresa\/\" \/>\n<meta property=\"og:site_name\" content=\"Suno Energ\u00eda\" \/>\n<meta property=\"article:modified_time\" content=\"2023-01-24T09:49:14+00:00\" \/>\n<meta property=\"og:image\" content=\"https:\/\/sunoenergia.es\/wp-content\/uploads\/2023\/01\/quienes-somos.jpg\" \/>\n<meta name=\"twitter:card\" content=\"summary_large_image\" \/>\n<meta name=\"twitter:label1\" content=\"Estimated reading time\" \/>\n\t<meta name=\"twitter:data1\" content=\"2 minutes\" \/>\n<script type=\"application\/ld+json\" class=\"yoast-schema-graph\">{\"@context\":\"https:\/\/schema.org\",\"@graph\":[{\"@type\":\"WebPage\",\"@id\":\"https:\/\/sunoenergia.es\/empresa\/\",\"url\":\"https:\/\/sunoenergia.es\/empresa\/\",\"name\":\"Empresa - Suno Energ\u00eda\",\"isPartOf\":{\"@id\":\"https:\/\/sunoenergia.es\/#website\"},\"primaryImageOfPage\":{\"@id\":\"https:\/\/sunoenergia.es\/empresa\/#primaryimage\"},\"image\":{\"@id\":\"https:\/\/sunoenergia.es\/empresa\/#primaryimage\"},\"thumbnailUrl\":\"https:\/\/sunoenergia.es\/wp-content\/uploads\/2023\/01\/quienes-somos.jpg\",\"datePublished\":\"2023-01-24T09:48:28+00:00\",\"dateModified\":\"2023-01-24T09:49:14+00:00\",\"breadcrumb\":{\"@id\":\"https:\/\/sunoenergia.es\/empresa\/#breadcrumb\"},\"inLanguage\":\"en-GB\",\"potentialAction\":[{\"@type\":\"ReadAction\",\"target\":[\"https:\/\/sunoenergia.es\/empresa\/\"]}]},{\"@type\":\"ImageObject\",\"inLanguage\":\"en-GB\",\"@id\":\"https:\/\/sunoenergia.es\/empresa\/#primaryimage\",\"url\":\"https:\/\/sunoenergia.es\/wp-content\/uploads\/2023\/01\/quienes-somos.jpg\",\"contentUrl\":\"https:\/\/sunoenergia.es\/wp-content\/uploads\/2023\/01\/quienes-somos.jpg\"},{\"@type\":\"BreadcrumbList\",\"@id\":\"https:\/\/sunoenergia.es\/empresa\/#breadcrumb\",\"itemListElement\":[{\"@type\":\"ListItem\",\"position\":1,\"name\":\"Portada\",\"item\":\"https:\/\/sunoenergia.es\/\"},{\"@type\":\"ListItem\",\"position\":2,\"name\":\"Empresa\"}]},{\"@type\":\"WebSite\",\"@id\":\"https:\/\/sunoenergia.es\/#website\",\"url\":\"https:\/\/sunoenergia.es\/\",\"name\":\"Suno Energ\u00eda\",\"description\":\"\",\"publisher\":{\"@id\":\"https:\/\/sunoenergia.es\/#organization\"},\"potentialAction\":[{\"@type\":\"SearchAction\",\"target\":{\"@type\":\"EntryPoint\",\"urlTemplate\":\"https:\/\/sunoenergia.es\/?s={search_term_string}\"},\"query-input\":\"required name=search_term_string\"}],\"inLanguage\":\"en-GB\"},{\"@type\":\"Organization\",\"@id\":\"https:\/\/sunoenergia.es\/#organization\",\"name\":\"Suno Energ\u00eda\",\"url\":\"https:\/\/sunoenergia.es\/\",\"logo\":{\"@type\":\"ImageObject\",\"inLanguage\":\"en-GB\",\"@id\":\"https:\/\/sunoenergia.es\/#\/schema\/logo\/image\/\",\"url\":\"https:\/\/sunoenergia.es\/wp-content\/uploads\/2019\/04\/suno-logotipo.jpg\",\"contentUrl\":\"https:\/\/sunoenergia.es\/wp-content\/uploads\/2019\/04\/suno-logotipo.jpg\",\"width\":260,\"height\":100,\"caption\":\"Suno Energ\u00eda\"},\"image\":{\"@id\":\"https:\/\/sunoenergia.es\/#\/schema\/logo\/image\/\"}}]}<\/script>\n<!-- \/ Yoast SEO plugin. -->","yoast_head_json":{"title":"Empresa - Suno Energ\u00eda","robots":{"index":"index","follow":"follow","max-snippet":"max-snippet:-1","max-image-preview":"max-image-preview:large","max-video-preview":"max-video-preview:-1"},"canonical":"https:\/\/sunoenergia.es\/en\/empresa\/","og_locale":"en_GB","og_type":"article","og_title":"Empresa - Suno Energ\u00eda","og_description":"SUNO ENERG\u00cdA\u00bfQui\u00e9nes somos? SUNO ENERG\u00cdA en una empresa creada con el fin de que sus usuarios aprovechen la necesidad que existe en la actualidad de impulsar la producci\u00f3n de este tipo de energ\u00edas, obteniendo la mayor rentabilidad posible, ofreciendo soluciones a instalaciones solares fotovoltaicas, adapt\u00e1ndonos a las necesidades espec\u00edficas de nuestros clientes. Para cumplir nuestros [&hellip;]","og_url":"https:\/\/sunoenergia.es\/en\/empresa\/","og_site_name":"Suno Energ\u00eda","article_modified_time":"2023-01-24T09:49:14+00:00","og_image":[{"url":"https:\/\/sunoenergia.es\/wp-content\/uploads\/2023\/01\/quienes-somos.jpg"}],"twitter_card":"summary_large_image","twitter_misc":{"Estimated reading time":"2 minutes"},"schema":{"@context":"https:\/\/schema.org","@graph":[{"@type":"WebPage","@id":"https:\/\/sunoenergia.es\/empresa\/","url":"https:\/\/sunoenergia.es\/empresa\/","name":"Empresa - Suno Energ\u00eda","isPartOf":{"@id":"https:\/\/sunoenergia.es\/#website"},"primaryImageOfPage":{"@id":"https:\/\/sunoenergia.es\/empresa\/#primaryimage"},"image":{"@id":"https:\/\/sunoenergia.es\/empresa\/#primaryimage"},"thumbnailUrl":"https:\/\/sunoenergia.es\/wp-content\/uploads\/2023\/01\/quienes-somos.jpg","datePublished":"2023-01-24T09:48:28+00:00","dateModified":"2023-01-24T09:49:14+00:00","breadcrumb":{"@id":"https:\/\/sunoenergia.es\/empresa\/#breadcrumb"},"inLanguage":"en-GB","potentialAction":[{"@type":"ReadAction","target":["https:\/\/sunoenergia.es\/empresa\/"]}]},{"@type":"ImageObject","inLanguage":"en-GB","@id":"https:\/\/sunoenergia.es\/empresa\/#primaryimage","url":"https:\/\/sunoenergia.es\/wp-content\/uploads\/2023\/01\/quienes-somos.jpg","contentUrl":"https:\/\/sunoenergia.es\/wp-content\/uploads\/2023\/01\/quienes-somos.jpg"},{"@type":"BreadcrumbList","@id":"https:\/\/sunoenergia.es\/empresa\/#breadcrumb","itemListElement":[{"@type":"ListItem","position":1,"name":"Portada","item":"https:\/\/sunoenergia.es\/"},{"@type":"ListItem","position":2,"name":"Empresa"}]},{"@type":"WebSite","@id":"https:\/\/sunoenergia.es\/#website","url":"https:\/\/sunoenergia.es\/","name":"Suno Energ\u00eda","description":"","publisher":{"@id":"https:\/\/sunoenergia.es\/#organization"},"potentialAction":[{"@type":"SearchAction","target":{"@type":"EntryPoint","urlTemplate":"https:\/\/sunoenergia.es\/?s={search_term_string}"},"query-input":"required name=search_term_string"}],"inLanguage":"en-GB"},{"@type":"Organization","@id":"https:\/\/sunoenergia.es\/#organization","name":"Suno Energ\u00eda","url":"https:\/\/sunoenergia.es\/","logo":{"@type":"ImageObject","inLanguage":"en-GB","@id":"https:\/\/sunoenergia.es\/#\/schema\/logo\/image\/","url":"https:\/\/sunoenergia.es\/wp-content\/uploads\/2019\/04\/suno-logotipo.jpg","contentUrl":"https:\/\/sunoenergia.es\/wp-content\/uploads\/2019\/04\/suno-logotipo.jpg","width":260,"height":100,"caption":"Suno Energ\u00eda"},"image":{"@id":"https:\/\/sunoenergia.es\/#\/schema\/logo\/image\/"}}]}},"_links":{"self":[{"href":"https:\/\/sunoenergia.es\/en\/wp-json\/wp\/v2\/pages\/795"}],"collection":[{"href":"https:\/\/sunoenergia.es\/en\/wp-json\/wp\/v2\/pages"}],"about":[{"href":"https:\/\/sunoenergia.es\/en\/wp-json\/wp\/v2\/types\/page"}],"author":[{"embeddable":true,"href":"https:\/\/sunoenergia.es\/en\/wp-json\/wp\/v2\/users\/3"}],"replies":[{"embeddable":true,"href":"https:\/\/sunoenergia.es\/en\/wp-json\/wp\/v2\/comments?post=795"}],"version-history":[{"count":4,"href":"https:\/\/sunoenergia.es\/en\/wp-json\/wp\/v2\/pages\/795\/revisions"}],"predecessor-version":[{"id":800,"href":"https:\/\/sunoenergia.es\/en\/wp-json\/wp\/v2\/pages\/795\/revisions\/800"}],"wp:attachment":[{"href":"https:\/\/sunoenergia.es\/en\/wp-json\/wp\/v2\/media?parent=795"}],"curies":[{"name":"wp","href":"https:\/\/api.w.org\/{rel}","templated":true}]}}