{"id":852,"date":"2023-01-24T18:30:45","date_gmt":"2023-01-24T17:30:45","guid":{"rendered":"https:\/\/sunoenergia.es\/?page_id=852"},"modified":"2023-02-21T21:52:16","modified_gmt":"2023-02-21T20:52:16","slug":"suno-regantes","status":"publish","type":"page","link":"https:\/\/sunoenergia.es\/en\/suno-regantes\/","title":{"rendered":"Suno Irrigators"},"content":{"rendered":"<div data-elementor-type=\"wp-page\" data-elementor-id=\"852\" class=\"elementor elementor-852\">\n\t\t\t\t\t\t<section class=\"elementor-section elementor-top-section elementor-element elementor-element-893ad0b elementor-section-height-min-height elementor-section-boxed elementor-section-height-default elementor-section-items-middle\" data-id=\"893ad0b\" data-element_type=\"section\" data-settings=\"{&quot;jet_parallax_layout_list&quot;:[],&quot;background_background&quot;:&quot;classic&quot;,&quot;shape_divider_bottom&quot;:&quot;triangle&quot;}\">\n\t\t\t\t\t<div class=\"elementor-shape elementor-shape-bottom\" data-negative=\"false\">\n\t\t\t<svg xmlns=\"http:\/\/www.w3.org\/2000\/svg\" viewbox=\"0 0 1000 100\" preserveaspectratio=\"none\">\n\t<path class=\"elementor-shape-fill\" d=\"M500,98.9L0,6.1V0h1000v6.1L500,98.9z\"\/>\n<\/svg>\t\t<\/div>\n\t\t\t\t\t<div class=\"elementor-container elementor-column-gap-default\">\n\t\t\t\t\t<div class=\"elementor-column elementor-col-100 elementor-top-column elementor-element elementor-element-0ddf053\" data-id=\"0ddf053\" data-element_type=\"column\">\n\t\t\t<div class=\"elementor-widget-wrap elementor-element-populated\">\n\t\t\t\t\t\t<div class=\"elementor-element elementor-element-99ed7a3 elementor-widget__width-auto elementor-widget elementor-widget-image\" data-id=\"99ed7a3\" data-element_type=\"widget\" data-widget_type=\"image.default\">\n\t\t\t\t<div class=\"elementor-widget-container\">\n\t\t\t\t\t\t\t\t\t\t\t\t\t<img fetchpriority=\"high\" decoding=\"async\" width=\"388\" height=\"171\" src=\"https:\/\/sunoenergia.es\/wp-content\/uploads\/2019\/07\/suno-regantes.jpg\" class=\"attachment-full size-full wp-image-437\" alt=\"Suno Regantes\" srcset=\"https:\/\/sunoenergia.es\/wp-content\/uploads\/2019\/07\/suno-regantes.jpg 388w, https:\/\/sunoenergia.es\/wp-content\/uploads\/2019\/07\/suno-regantes-300x132.jpg 300w\" sizes=\"(max-width: 388px) 100vw, 388px\" \/>\t\t\t\t\t\t\t\t\t\t\t\t\t<\/div>\n\t\t\t\t<\/div>\n\t\t\t\t\t<\/div>\n\t\t<\/div>\n\t\t\t\t\t<\/div>\n\t\t<\/section>\n\t\t\t\t<section class=\"elementor-section elementor-top-section elementor-element elementor-element-d78f4b7 elementor-section-boxed elementor-section-height-default elementor-section-height-default\" data-id=\"d78f4b7\" data-element_type=\"section\" data-settings=\"{&quot;jet_parallax_layout_list&quot;:[]}\">\n\t\t\t\t\t\t<div class=\"elementor-container elementor-column-gap-default\">\n\t\t\t\t\t<div class=\"elementor-column elementor-col-100 elementor-top-column elementor-element elementor-element-1ed30a3\" data-id=\"1ed30a3\" data-element_type=\"column\">\n\t\t\t<div class=\"elementor-widget-wrap elementor-element-populated\">\n\t\t\t\t\t\t<div class=\"elementor-element elementor-element-86a11b5 elementor-widget elementor-widget-heading\" data-id=\"86a11b5\" data-element_type=\"widget\" data-widget_type=\"heading.default\">\n\t\t\t\t<div class=\"elementor-widget-container\">\n\t\t\t<h1 class=\"elementor-heading-title elementor-size-default\">Photovoltaic solar irrigation, the ally of agriculture<\/h1>\t\t<\/div>\n\t\t\t\t<\/div>\n\t\t\t\t<div class=\"elementor-element elementor-element-2653be6 elementor-widget elementor-widget-text-editor\" data-id=\"2653be6\" data-element_type=\"widget\" data-widget_type=\"text-editor.default\">\n\t\t\t\t<div class=\"elementor-widget-container\">\n\t\t\t\t\t\t\t<p>The installation of solar panels has become one of the best alternatives to supply photovoltaic energy to drip and sprinkler irrigation systems. This, thanks to the reduction of costs, at the same time that great energy savings are obtained. In addition, it allows the systems to be autonomous independently of the electrical network, creating a circle of ecological sustainability.<\/p><p>Drip and sprinkler irrigation systems in conjunction with photovoltaic energy maximize crop results, favoring higher production and efficient water optimization, with lower long-term costs.\u00a0<\/p><p>This allows the producer to considerably reduce energy costs, as well as increase the profitability of his exploitation, a competitive profitability that could not be obtained by other means. For all this, it is an excellent option for both professional and amateur farmers.<\/p>\t\t\t\t\t\t<\/div>\n\t\t\t\t<\/div>\n\t\t\t\t\t<\/div>\n\t\t<\/div>\n\t\t\t\t\t<\/div>\n\t\t<\/section>\n\t\t\t\t<section class=\"elementor-section elementor-top-section elementor-element elementor-element-d744444 elementor-section-content-middle elementor-section-boxed elementor-section-height-default elementor-section-height-default\" data-id=\"d744444\" data-element_type=\"section\" data-settings=\"{&quot;background_background&quot;:&quot;classic&quot;,&quot;jet_parallax_layout_list&quot;:[]}\">\n\t\t\t\t\t\t<div class=\"elementor-container elementor-column-gap-no\">\n\t\t\t\t\t<div class=\"elementor-column elementor-col-50 elementor-top-column elementor-element elementor-element-e9f3800\" data-id=\"e9f3800\" data-element_type=\"column\">\n\t\t\t<div class=\"elementor-widget-wrap elementor-element-populated\">\n\t\t\t\t\t\t<div class=\"elementor-element elementor-element-2412043 elementor-widget elementor-widget-heading\" data-id=\"2412043\" data-element_type=\"widget\" data-widget_type=\"heading.default\">\n\t\t\t\t<div class=\"elementor-widget-container\">\n\t\t\t<h2 class=\"elementor-heading-title elementor-size-default\">Contact now and start saving!<\/h2>\t\t<\/div>\n\t\t\t\t<\/div>\n\t\t\t\t\t<\/div>\n\t\t<\/div>\n\t\t\t\t<div class=\"elementor-column elementor-col-50 elementor-top-column elementor-element elementor-element-a6ddc4d\" data-id=\"a6ddc4d\" data-element_type=\"column\">\n\t\t\t<div class=\"elementor-widget-wrap elementor-element-populated\">\n\t\t\t\t\t\t<div class=\"elementor-element elementor-element-337f6b6 elementor-align-center elementor-invisible elementor-widget elementor-widget-button\" data-id=\"337f6b6\" data-element_type=\"widget\" data-settings=\"{&quot;_animation&quot;:&quot;fadeInUp&quot;,&quot;_animation_delay&quot;:400}\" data-widget_type=\"button.default\">\n\t\t\t\t<div class=\"elementor-widget-container\">\n\t\t\t\t\t<div class=\"elementor-button-wrapper\">\n\t\t\t<a class=\"elementor-button elementor-button-link elementor-size-sm\" href=\"https:\/\/sunoenergia.es\/en\/#contacto\">\n\t\t\t\t\t\t<span class=\"elementor-button-content-wrapper\">\n\t\t\t\t\t\t\t\t\t<span class=\"elementor-button-text\">CONTACT<\/span>\n\t\t\t\t\t<\/span>\n\t\t\t\t\t<\/a>\n\t\t<\/div>\n\t\t\t\t<\/div>\n\t\t\t\t<\/div>\n\t\t\t\t\t<\/div>\n\t\t<\/div>\n\t\t\t\t\t<\/div>\n\t\t<\/section>\n\t\t\t\t<\/div>","protected":false},"excerpt":{"rendered":"<p>Photovoltaic solar irrigation, the ally of agriculture The installation of solar panels has become one of the best alternatives to supply photovoltaic energy to drip and sprinkler irrigation systems. This, thanks to the reduction of costs, at the same time that great energy savings are obtained. In addition, it allows [\u2026]<\/p>","protected":false},"author":3,"featured_media":0,"parent":0,"menu_order":0,"comment_status":"closed","ping_status":"closed","template":"elementor_header_footer","meta":{"footnotes":""},"class_list":["post-852","page","type-page","status-publish","hentry"],"yoast_head":"<!-- This site is optimized with the Yoast SEO plugin v23.2 - https:\/\/yoast.com\/wordpress\/plugins\/seo\/ -->\n<title>Riego Solar Fotovolt\u00e1ico - Suno Energ\u00eda<\/title>\n<meta name=\"description\" content=\"El futuro de sus sistema de riego y aspersi\u00f3n pasa por la instalaci\u00f3n de paneles solares para suministrar energ\u00eda fotovoltaica.\" \/>\n<meta name=\"robots\" content=\"index, follow, max-snippet:-1, max-image-preview:large, max-video-preview:-1\" \/>\n<link rel=\"canonical\" href=\"https:\/\/sunoenergia.es\/en\/suno-regantes\/\" \/>\n<meta property=\"og:locale\" content=\"en_GB\" \/>\n<meta property=\"og:type\" content=\"article\" \/>\n<meta property=\"og:title\" content=\"Riego Solar Fotovolt\u00e1ico - Suno Energ\u00eda\" \/>\n<meta property=\"og:description\" content=\"El futuro de sus sistema de riego y aspersi\u00f3n pasa por la instalaci\u00f3n de paneles solares para suministrar energ\u00eda fotovoltaica.\" \/>\n<meta property=\"og:url\" content=\"https:\/\/sunoenergia.es\/en\/suno-regantes\/\" \/>\n<meta property=\"og:site_name\" content=\"Suno Energ\u00eda\" \/>\n<meta property=\"article:modified_time\" content=\"2023-02-21T20:52:16+00:00\" \/>\n<meta property=\"og:image\" content=\"https:\/\/sunoenergia.es\/wp-content\/uploads\/2019\/07\/suno-regantes.jpg\" \/>\n<meta name=\"twitter:card\" content=\"summary_large_image\" \/>\n<meta name=\"twitter:label1\" content=\"Estimated reading time\" \/>\n\t<meta name=\"twitter:data1\" content=\"1 minute\" \/>\n<script type=\"application\/ld+json\" class=\"yoast-schema-graph\">{\"@context\":\"https:\/\/schema.org\",\"@graph\":[{\"@type\":\"WebPage\",\"@id\":\"https:\/\/sunoenergia.es\/suno-regantes\/\",\"url\":\"https:\/\/sunoenergia.es\/suno-regantes\/\",\"name\":\"Riego Solar Fotovolt\u00e1ico - Suno Energ\u00eda\",\"isPartOf\":{\"@id\":\"https:\/\/sunoenergia.es\/#website\"},\"primaryImageOfPage\":{\"@id\":\"https:\/\/sunoenergia.es\/suno-regantes\/#primaryimage\"},\"image\":{\"@id\":\"https:\/\/sunoenergia.es\/suno-regantes\/#primaryimage\"},\"thumbnailUrl\":\"https:\/\/sunoenergia.es\/wp-content\/uploads\/2019\/07\/suno-regantes.jpg\",\"datePublished\":\"2023-01-24T17:30:45+00:00\",\"dateModified\":\"2023-02-21T20:52:16+00:00\",\"description\":\"El futuro de sus sistema de riego y aspersi\u00f3n pasa por la instalaci\u00f3n de paneles solares para suministrar energ\u00eda fotovoltaica.\",\"breadcrumb\":{\"@id\":\"https:\/\/sunoenergia.es\/suno-regantes\/#breadcrumb\"},\"inLanguage\":\"en-GB\",\"potentialAction\":[{\"@type\":\"ReadAction\",\"target\":[\"https:\/\/sunoenergia.es\/suno-regantes\/\"]}]},{\"@type\":\"ImageObject\",\"inLanguage\":\"en-GB\",\"@id\":\"https:\/\/sunoenergia.es\/suno-regantes\/#primaryimage\",\"url\":\"https:\/\/sunoenergia.es\/wp-content\/uploads\/2019\/07\/suno-regantes.jpg\",\"contentUrl\":\"https:\/\/sunoenergia.es\/wp-content\/uploads\/2019\/07\/suno-regantes.jpg\"},{\"@type\":\"BreadcrumbList\",\"@id\":\"https:\/\/sunoenergia.es\/suno-regantes\/#breadcrumb\",\"itemListElement\":[{\"@type\":\"ListItem\",\"position\":1,\"name\":\"Portada\",\"item\":\"https:\/\/sunoenergia.es\/\"},{\"@type\":\"ListItem\",\"position\":2,\"name\":\"Suno Regantes\"}]},{\"@type\":\"WebSite\",\"@id\":\"https:\/\/sunoenergia.es\/#website\",\"url\":\"https:\/\/sunoenergia.es\/\",\"name\":\"Suno Energ\u00eda\",\"description\":\"\",\"publisher\":{\"@id\":\"https:\/\/sunoenergia.es\/#organization\"},\"potentialAction\":[{\"@type\":\"SearchAction\",\"target\":{\"@type\":\"EntryPoint\",\"urlTemplate\":\"https:\/\/sunoenergia.es\/?s={search_term_string}\"},\"query-input\":\"required name=search_term_string\"}],\"inLanguage\":\"en-GB\"},{\"@type\":\"Organization\",\"@id\":\"https:\/\/sunoenergia.es\/#organization\",\"name\":\"Suno Energ\u00eda\",\"url\":\"https:\/\/sunoenergia.es\/\",\"logo\":{\"@type\":\"ImageObject\",\"inLanguage\":\"en-GB\",\"@id\":\"https:\/\/sunoenergia.es\/#\/schema\/logo\/image\/\",\"url\":\"https:\/\/sunoenergia.es\/wp-content\/uploads\/2019\/04\/suno-logotipo.jpg\",\"contentUrl\":\"https:\/\/sunoenergia.es\/wp-content\/uploads\/2019\/04\/suno-logotipo.jpg\",\"width\":260,\"height\":100,\"caption\":\"Suno Energ\u00eda\"},\"image\":{\"@id\":\"https:\/\/sunoenergia.es\/#\/schema\/logo\/image\/\"}}]}<\/script>\n<!-- \/ Yoast SEO plugin. -->","yoast_head_json":{"title":"Riego Solar Fotovolt\u00e1ico - Suno Energ\u00eda","description":"El futuro de sus sistema de riego y aspersi\u00f3n pasa por la instalaci\u00f3n de paneles solares para suministrar energ\u00eda fotovoltaica.","robots":{"index":"index","follow":"follow","max-snippet":"max-snippet:-1","max-image-preview":"max-image-preview:large","max-video-preview":"max-video-preview:-1"},"canonical":"https:\/\/sunoenergia.es\/en\/suno-regantes\/","og_locale":"en_GB","og_type":"article","og_title":"Riego Solar Fotovolt\u00e1ico - Suno Energ\u00eda","og_description":"El futuro de sus sistema de riego y aspersi\u00f3n pasa por la instalaci\u00f3n de paneles solares para suministrar energ\u00eda fotovoltaica.","og_url":"https:\/\/sunoenergia.es\/en\/suno-regantes\/","og_site_name":"Suno Energ\u00eda","article_modified_time":"2023-02-21T20:52:16+00:00","og_image":[{"url":"https:\/\/sunoenergia.es\/wp-content\/uploads\/2019\/07\/suno-regantes.jpg"}],"twitter_card":"summary_large_image","twitter_misc":{"Estimated reading time":"1 minute"},"schema":{"@context":"https:\/\/schema.org","@graph":[{"@type":"WebPage","@id":"https:\/\/sunoenergia.es\/suno-regantes\/","url":"https:\/\/sunoenergia.es\/suno-regantes\/","name":"Riego Solar Fotovolt\u00e1ico - Suno Energ\u00eda","isPartOf":{"@id":"https:\/\/sunoenergia.es\/#website"},"primaryImageOfPage":{"@id":"https:\/\/sunoenergia.es\/suno-regantes\/#primaryimage"},"image":{"@id":"https:\/\/sunoenergia.es\/suno-regantes\/#primaryimage"},"thumbnailUrl":"https:\/\/sunoenergia.es\/wp-content\/uploads\/2019\/07\/suno-regantes.jpg","datePublished":"2023-01-24T17:30:45+00:00","dateModified":"2023-02-21T20:52:16+00:00","description":"El futuro de sus sistema de riego y aspersi\u00f3n pasa por la instalaci\u00f3n de paneles solares para suministrar energ\u00eda fotovoltaica.","breadcrumb":{"@id":"https:\/\/sunoenergia.es\/suno-regantes\/#breadcrumb"},"inLanguage":"en-GB","potentialAction":[{"@type":"ReadAction","target":["https:\/\/sunoenergia.es\/suno-regantes\/"]}]},{"@type":"ImageObject","inLanguage":"en-GB","@id":"https:\/\/sunoenergia.es\/suno-regantes\/#primaryimage","url":"https:\/\/sunoenergia.es\/wp-content\/uploads\/2019\/07\/suno-regantes.jpg","contentUrl":"https:\/\/sunoenergia.es\/wp-content\/uploads\/2019\/07\/suno-regantes.jpg"},{"@type":"BreadcrumbList","@id":"https:\/\/sunoenergia.es\/suno-regantes\/#breadcrumb","itemListElement":[{"@type":"ListItem","position":1,"name":"Portada","item":"https:\/\/sunoenergia.es\/"},{"@type":"ListItem","position":2,"name":"Suno Regantes"}]},{"@type":"WebSite","@id":"https:\/\/sunoenergia.es\/#website","url":"https:\/\/sunoenergia.es\/","name":"Suno Energ\u00eda","description":"","publisher":{"@id":"https:\/\/sunoenergia.es\/#organization"},"potentialAction":[{"@type":"SearchAction","target":{"@type":"EntryPoint","urlTemplate":"https:\/\/sunoenergia.es\/?s={search_term_string}"},"query-input":"required name=search_term_string"}],"inLanguage":"en-GB"},{"@type":"Organization","@id":"https:\/\/sunoenergia.es\/#organization","name":"Suno Energ\u00eda","url":"https:\/\/sunoenergia.es\/","logo":{"@type":"ImageObject","inLanguage":"en-GB","@id":"https:\/\/sunoenergia.es\/#\/schema\/logo\/image\/","url":"https:\/\/sunoenergia.es\/wp-content\/uploads\/2019\/04\/suno-logotipo.jpg","contentUrl":"https:\/\/sunoenergia.es\/wp-content\/uploads\/2019\/04\/suno-logotipo.jpg","width":260,"height":100,"caption":"Suno Energ\u00eda"},"image":{"@id":"https:\/\/sunoenergia.es\/#\/schema\/logo\/image\/"}}]}},"_links":{"self":[{"href":"https:\/\/sunoenergia.es\/en\/wp-json\/wp\/v2\/pages\/852"}],"collection":[{"href":"https:\/\/sunoenergia.es\/en\/wp-json\/wp\/v2\/pages"}],"about":[{"href":"https:\/\/sunoenergia.es\/en\/wp-json\/wp\/v2\/types\/page"}],"author":[{"embeddable":true,"href":"https:\/\/sunoenergia.es\/en\/wp-json\/wp\/v2\/users\/3"}],"replies":[{"embeddable":true,"href":"https:\/\/sunoenergia.es\/en\/wp-json\/wp\/v2\/comments?post=852"}],"version-history":[{"count":29,"href":"https:\/\/sunoenergia.es\/en\/wp-json\/wp\/v2\/pages\/852\/revisions"}],"predecessor-version":[{"id":1454,"href":"https:\/\/sunoenergia.es\/en\/wp-json\/wp\/v2\/pages\/852\/revisions\/1454"}],"wp:attachment":[{"href":"https:\/\/sunoenergia.es\/en\/wp-json\/wp\/v2\/media?parent=852"}],"curies":[{"name":"wp","href":"https:\/\/api.w.org\/{rel}","templated":true}]}}