{"id":948,"date":"2023-01-25T10:12:38","date_gmt":"2023-01-25T09:12:38","guid":{"rendered":"https:\/\/sunoenergia.es\/?page_id=948"},"modified":"2023-02-21T19:56:45","modified_gmt":"2023-02-21T18:56:45","slug":"certificacion-energetica-y-consultoria","status":"publish","type":"page","link":"https:\/\/sunoenergia.es\/en\/certificacion-energetica-y-consultoria\/","title":{"rendered":"Energy Certification and Consulting"},"content":{"rendered":"<div data-elementor-type=\"wp-page\" data-elementor-id=\"948\" class=\"elementor elementor-948\">\n\t\t\t\t\t\t<section class=\"elementor-section elementor-top-section elementor-element elementor-element-e50c45a elementor-section-height-min-height elementor-section-boxed elementor-section-height-default elementor-section-items-middle\" data-id=\"e50c45a\" data-element_type=\"section\" data-settings=\"{&quot;jet_parallax_layout_list&quot;:[],&quot;background_background&quot;:&quot;classic&quot;,&quot;shape_divider_bottom&quot;:&quot;triangle&quot;}\">\n\t\t\t\t\t<div class=\"elementor-shape elementor-shape-bottom\" data-negative=\"false\">\n\t\t\t<svg xmlns=\"http:\/\/www.w3.org\/2000\/svg\" viewbox=\"0 0 1000 100\" preserveaspectratio=\"none\">\n\t<path class=\"elementor-shape-fill\" d=\"M500,98.9L0,6.1V0h1000v6.1L500,98.9z\"\/>\n<\/svg>\t\t<\/div>\n\t\t\t\t\t<div class=\"elementor-container elementor-column-gap-default\">\n\t\t\t\t\t<div class=\"elementor-column elementor-col-100 elementor-top-column elementor-element elementor-element-d309562\" data-id=\"d309562\" data-element_type=\"column\">\n\t\t\t<div class=\"elementor-widget-wrap elementor-element-populated\">\n\t\t\t\t\t\t<div class=\"elementor-element elementor-element-b3ed830 elementor-widget__width-auto elementor-widget elementor-widget-image\" data-id=\"b3ed830\" data-element_type=\"widget\" data-widget_type=\"image.default\">\n\t\t\t\t<div class=\"elementor-widget-container\">\n\t\t\t\t\t\t\t\t\t\t\t\t\t<img fetchpriority=\"high\" decoding=\"async\" width=\"388\" height=\"171\" src=\"https:\/\/sunoenergia.es\/wp-content\/uploads\/2023\/01\/suno-consultoria.jpg\" class=\"attachment-full size-full wp-image-932\" alt=\"Suno Consultor\u00eda\" srcset=\"https:\/\/sunoenergia.es\/wp-content\/uploads\/2023\/01\/suno-consultoria.jpg 388w, https:\/\/sunoenergia.es\/wp-content\/uploads\/2023\/01\/suno-consultoria-300x132.jpg 300w\" sizes=\"(max-width: 388px) 100vw, 388px\" \/>\t\t\t\t\t\t\t\t\t\t\t\t\t<\/div>\n\t\t\t\t<\/div>\n\t\t\t\t\t<\/div>\n\t\t<\/div>\n\t\t\t\t\t<\/div>\n\t\t<\/section>\n\t\t\t\t<section class=\"elementor-section elementor-top-section elementor-element elementor-element-179857f elementor-section-boxed elementor-section-height-default elementor-section-height-default\" data-id=\"179857f\" data-element_type=\"section\" data-settings=\"{&quot;jet_parallax_layout_list&quot;:[]}\">\n\t\t\t\t\t\t<div class=\"elementor-container elementor-column-gap-default\">\n\t\t\t\t\t<div class=\"elementor-column elementor-col-100 elementor-top-column elementor-element elementor-element-bab296f\" data-id=\"bab296f\" data-element_type=\"column\">\n\t\t\t<div class=\"elementor-widget-wrap elementor-element-populated\">\n\t\t\t\t\t\t<div class=\"elementor-element elementor-element-0c8fb14 elementor-invisible elementor-widget elementor-widget-heading\" data-id=\"0c8fb14\" data-element_type=\"widget\" data-settings=\"{&quot;_animation&quot;:&quot;fadeInUp&quot;}\" data-widget_type=\"heading.default\">\n\t\t\t\t<div class=\"elementor-widget-container\">\n\t\t\t<h1 class=\"elementor-heading-title elementor-size-default\">energy consultancy<\/h1>\t\t<\/div>\n\t\t\t\t<\/div>\n\t\t\t\t<div class=\"elementor-element elementor-element-6d1bb1b elementor-invisible elementor-widget elementor-widget-text-editor\" data-id=\"6d1bb1b\" data-element_type=\"widget\" data-settings=\"{&quot;_animation&quot;:&quot;fadeInUp&quot;}\" data-widget_type=\"text-editor.default\">\n\t\t\t\t<div class=\"elementor-widget-container\">\n\t\t\t\t\t\t\t<p>We make budgets to offer customers the best solutions to their needs.<\/p><p>You will find a large selection of solar panels, solar batteries, inverters and charge regulators that will allow you to form the solar installation you need for your habitual residence or country house.<\/p><p>Depending on the home you have, our technicians will offer you the best solar kit, always taking your consumption into account. We have a wide catalog of appropriate and balanced photovoltaic solar kits to supply electricity with different types of solar installations, both for isolated homes and those connected to the grid.<\/p><p>We also have a category dedicated to water pumps, where you can find a wide variety to form a direct solar pumping kit.<\/p><p>We have gasoline generators and diesel generators. In this way, the generators will be in charge of charging the batteries when there are clouds and the solar panels cannot charge them.<\/p><p>And if you already have it clear, from here you can now place the order for your equipment.<\/p>\t\t\t\t\t\t<\/div>\n\t\t\t\t<\/div>\n\t\t\t\t\t<\/div>\n\t\t<\/div>\n\t\t\t\t\t<\/div>\n\t\t<\/section>\n\t\t\t\t<section class=\"elementor-section elementor-top-section elementor-element elementor-element-68cca1b elementor-section-content-middle elementor-section-boxed elementor-section-height-default elementor-section-height-default\" data-id=\"68cca1b\" data-element_type=\"section\" data-settings=\"{&quot;background_background&quot;:&quot;classic&quot;,&quot;jet_parallax_layout_list&quot;:[]}\">\n\t\t\t\t\t\t<div class=\"elementor-container elementor-column-gap-no\">\n\t\t\t\t\t<div class=\"elementor-column elementor-col-50 elementor-top-column elementor-element elementor-element-21207f9\" data-id=\"21207f9\" data-element_type=\"column\">\n\t\t\t<div class=\"elementor-widget-wrap elementor-element-populated\">\n\t\t\t\t\t\t<div class=\"elementor-element elementor-element-f6e5eb7 elementor-widget elementor-widget-heading\" data-id=\"f6e5eb7\" data-element_type=\"widget\" data-widget_type=\"heading.default\">\n\t\t\t\t<div class=\"elementor-widget-container\">\n\t\t\t<h2 class=\"elementor-heading-title elementor-size-default\">Contact now and start saving!<\/h2>\t\t<\/div>\n\t\t\t\t<\/div>\n\t\t\t\t\t<\/div>\n\t\t<\/div>\n\t\t\t\t<div class=\"elementor-column elementor-col-50 elementor-top-column elementor-element elementor-element-d145aa0\" data-id=\"d145aa0\" data-element_type=\"column\">\n\t\t\t<div class=\"elementor-widget-wrap elementor-element-populated\">\n\t\t\t\t\t\t<div class=\"elementor-element elementor-element-6f53c69 elementor-align-center elementor-invisible elementor-widget elementor-widget-button\" data-id=\"6f53c69\" data-element_type=\"widget\" data-settings=\"{&quot;_animation&quot;:&quot;fadeInUp&quot;,&quot;_animation_delay&quot;:400}\" data-widget_type=\"button.default\">\n\t\t\t\t<div class=\"elementor-widget-container\">\n\t\t\t\t\t<div class=\"elementor-button-wrapper\">\n\t\t\t<a class=\"elementor-button elementor-button-link elementor-size-sm\" href=\"https:\/\/sunoenergia.es\/en\/#contacto\">\n\t\t\t\t\t\t<span class=\"elementor-button-content-wrapper\">\n\t\t\t\t\t\t\t\t\t<span class=\"elementor-button-text\">CONTACT<\/span>\n\t\t\t\t\t<\/span>\n\t\t\t\t\t<\/a>\n\t\t<\/div>\n\t\t\t\t<\/div>\n\t\t\t\t<\/div>\n\t\t\t\t\t<\/div>\n\t\t<\/div>\n\t\t\t\t\t<\/div>\n\t\t<\/section>\n\t\t\t\t<\/div>","protected":false},"excerpt":{"rendered":"<p>Energy consulting We make budgets to offer customers the best solutions to their needs. You will find a large selection of solar panels, solar batteries, inverters and charge regulators that will make it possible to form the solar installation you need for your usual home or country house. Depending on the home you have, our technicians will offer you the best solar kit, [\u2026]<\/p>","protected":false},"author":3,"featured_media":0,"parent":0,"menu_order":0,"comment_status":"closed","ping_status":"closed","template":"elementor_header_footer","meta":{"footnotes":""},"class_list":["post-948","page","type-page","status-publish","hentry"],"yoast_head":"<!-- This site is optimized with the Yoast SEO plugin v23.2 - https:\/\/yoast.com\/wordpress\/plugins\/seo\/ -->\n<title>Certificaci\u00f3n energ\u00e9tica y Consultor\u00eda - Suno Energ\u00eda<\/title>\n<meta name=\"description\" content=\"Te ayudamos a tomar las mejores decisiones energ\u00e9ticas para tu hogar o empresa teniendo en cuenta sus necesidades.\" \/>\n<meta name=\"robots\" content=\"index, follow, max-snippet:-1, max-image-preview:large, max-video-preview:-1\" \/>\n<link rel=\"canonical\" href=\"https:\/\/sunoenergia.es\/en\/certificacion-energetica-y-consultoria\/\" \/>\n<meta property=\"og:locale\" content=\"en_GB\" \/>\n<meta property=\"og:type\" content=\"article\" \/>\n<meta property=\"og:title\" content=\"Certificaci\u00f3n energ\u00e9tica y Consultor\u00eda - Suno Energ\u00eda\" \/>\n<meta property=\"og:description\" content=\"Te ayudamos a tomar las mejores decisiones energ\u00e9ticas para tu hogar o empresa teniendo en cuenta sus necesidades.\" \/>\n<meta property=\"og:url\" content=\"https:\/\/sunoenergia.es\/en\/certificacion-energetica-y-consultoria\/\" \/>\n<meta property=\"og:site_name\" content=\"Suno Energ\u00eda\" \/>\n<meta property=\"article:modified_time\" content=\"2023-02-21T18:56:45+00:00\" \/>\n<meta property=\"og:image\" content=\"https:\/\/sunoenergia.es\/wp-content\/uploads\/2023\/01\/suno-consultoria.jpg\" \/>\n<meta name=\"twitter:card\" content=\"summary_large_image\" \/>\n<meta name=\"twitter:label1\" content=\"Estimated reading time\" \/>\n\t<meta name=\"twitter:data1\" content=\"2 minutes\" \/>\n<script type=\"application\/ld+json\" class=\"yoast-schema-graph\">{\"@context\":\"https:\/\/schema.org\",\"@graph\":[{\"@type\":\"WebPage\",\"@id\":\"https:\/\/sunoenergia.es\/certificacion-energetica-y-consultoria\/\",\"url\":\"https:\/\/sunoenergia.es\/certificacion-energetica-y-consultoria\/\",\"name\":\"Certificaci\u00f3n energ\u00e9tica y Consultor\u00eda - Suno Energ\u00eda\",\"isPartOf\":{\"@id\":\"https:\/\/sunoenergia.es\/#website\"},\"primaryImageOfPage\":{\"@id\":\"https:\/\/sunoenergia.es\/certificacion-energetica-y-consultoria\/#primaryimage\"},\"image\":{\"@id\":\"https:\/\/sunoenergia.es\/certificacion-energetica-y-consultoria\/#primaryimage\"},\"thumbnailUrl\":\"https:\/\/sunoenergia.es\/wp-content\/uploads\/2023\/01\/suno-consultoria.jpg\",\"datePublished\":\"2023-01-25T09:12:38+00:00\",\"dateModified\":\"2023-02-21T18:56:45+00:00\",\"description\":\"Te ayudamos a tomar las mejores decisiones energ\u00e9ticas para tu hogar o empresa teniendo en cuenta sus necesidades.\",\"breadcrumb\":{\"@id\":\"https:\/\/sunoenergia.es\/certificacion-energetica-y-consultoria\/#breadcrumb\"},\"inLanguage\":\"en-GB\",\"potentialAction\":[{\"@type\":\"ReadAction\",\"target\":[\"https:\/\/sunoenergia.es\/certificacion-energetica-y-consultoria\/\"]}]},{\"@type\":\"ImageObject\",\"inLanguage\":\"en-GB\",\"@id\":\"https:\/\/sunoenergia.es\/certificacion-energetica-y-consultoria\/#primaryimage\",\"url\":\"https:\/\/sunoenergia.es\/wp-content\/uploads\/2023\/01\/suno-consultoria.jpg\",\"contentUrl\":\"https:\/\/sunoenergia.es\/wp-content\/uploads\/2023\/01\/suno-consultoria.jpg\"},{\"@type\":\"BreadcrumbList\",\"@id\":\"https:\/\/sunoenergia.es\/certificacion-energetica-y-consultoria\/#breadcrumb\",\"itemListElement\":[{\"@type\":\"ListItem\",\"position\":1,\"name\":\"Portada\",\"item\":\"https:\/\/sunoenergia.es\/\"},{\"@type\":\"ListItem\",\"position\":2,\"name\":\"Certificaci\u00f3n energ\u00e9tica y Consultor\u00eda\"}]},{\"@type\":\"WebSite\",\"@id\":\"https:\/\/sunoenergia.es\/#website\",\"url\":\"https:\/\/sunoenergia.es\/\",\"name\":\"Suno Energ\u00eda\",\"description\":\"\",\"publisher\":{\"@id\":\"https:\/\/sunoenergia.es\/#organization\"},\"potentialAction\":[{\"@type\":\"SearchAction\",\"target\":{\"@type\":\"EntryPoint\",\"urlTemplate\":\"https:\/\/sunoenergia.es\/?s={search_term_string}\"},\"query-input\":\"required name=search_term_string\"}],\"inLanguage\":\"en-GB\"},{\"@type\":\"Organization\",\"@id\":\"https:\/\/sunoenergia.es\/#organization\",\"name\":\"Suno Energ\u00eda\",\"url\":\"https:\/\/sunoenergia.es\/\",\"logo\":{\"@type\":\"ImageObject\",\"inLanguage\":\"en-GB\",\"@id\":\"https:\/\/sunoenergia.es\/#\/schema\/logo\/image\/\",\"url\":\"https:\/\/sunoenergia.es\/wp-content\/uploads\/2019\/04\/suno-logotipo.jpg\",\"contentUrl\":\"https:\/\/sunoenergia.es\/wp-content\/uploads\/2019\/04\/suno-logotipo.jpg\",\"width\":260,\"height\":100,\"caption\":\"Suno Energ\u00eda\"},\"image\":{\"@id\":\"https:\/\/sunoenergia.es\/#\/schema\/logo\/image\/\"}}]}<\/script>\n<!-- \/ Yoast SEO plugin. -->","yoast_head_json":{"title":"Certificaci\u00f3n energ\u00e9tica y Consultor\u00eda - Suno Energ\u00eda","description":"Te ayudamos a tomar las mejores decisiones energ\u00e9ticas para tu hogar o empresa teniendo en cuenta sus necesidades.","robots":{"index":"index","follow":"follow","max-snippet":"max-snippet:-1","max-image-preview":"max-image-preview:large","max-video-preview":"max-video-preview:-1"},"canonical":"https:\/\/sunoenergia.es\/en\/certificacion-energetica-y-consultoria\/","og_locale":"en_GB","og_type":"article","og_title":"Certificaci\u00f3n energ\u00e9tica y Consultor\u00eda - Suno Energ\u00eda","og_description":"Te ayudamos a tomar las mejores decisiones energ\u00e9ticas para tu hogar o empresa teniendo en cuenta sus necesidades.","og_url":"https:\/\/sunoenergia.es\/en\/certificacion-energetica-y-consultoria\/","og_site_name":"Suno Energ\u00eda","article_modified_time":"2023-02-21T18:56:45+00:00","og_image":[{"url":"https:\/\/sunoenergia.es\/wp-content\/uploads\/2023\/01\/suno-consultoria.jpg"}],"twitter_card":"summary_large_image","twitter_misc":{"Estimated reading time":"2 minutes"},"schema":{"@context":"https:\/\/schema.org","@graph":[{"@type":"WebPage","@id":"https:\/\/sunoenergia.es\/certificacion-energetica-y-consultoria\/","url":"https:\/\/sunoenergia.es\/certificacion-energetica-y-consultoria\/","name":"Certificaci\u00f3n energ\u00e9tica y Consultor\u00eda - Suno Energ\u00eda","isPartOf":{"@id":"https:\/\/sunoenergia.es\/#website"},"primaryImageOfPage":{"@id":"https:\/\/sunoenergia.es\/certificacion-energetica-y-consultoria\/#primaryimage"},"image":{"@id":"https:\/\/sunoenergia.es\/certificacion-energetica-y-consultoria\/#primaryimage"},"thumbnailUrl":"https:\/\/sunoenergia.es\/wp-content\/uploads\/2023\/01\/suno-consultoria.jpg","datePublished":"2023-01-25T09:12:38+00:00","dateModified":"2023-02-21T18:56:45+00:00","description":"Te ayudamos a tomar las mejores decisiones energ\u00e9ticas para tu hogar o empresa teniendo en cuenta sus necesidades.","breadcrumb":{"@id":"https:\/\/sunoenergia.es\/certificacion-energetica-y-consultoria\/#breadcrumb"},"inLanguage":"en-GB","potentialAction":[{"@type":"ReadAction","target":["https:\/\/sunoenergia.es\/certificacion-energetica-y-consultoria\/"]}]},{"@type":"ImageObject","inLanguage":"en-GB","@id":"https:\/\/sunoenergia.es\/certificacion-energetica-y-consultoria\/#primaryimage","url":"https:\/\/sunoenergia.es\/wp-content\/uploads\/2023\/01\/suno-consultoria.jpg","contentUrl":"https:\/\/sunoenergia.es\/wp-content\/uploads\/2023\/01\/suno-consultoria.jpg"},{"@type":"BreadcrumbList","@id":"https:\/\/sunoenergia.es\/certificacion-energetica-y-consultoria\/#breadcrumb","itemListElement":[{"@type":"ListItem","position":1,"name":"Portada","item":"https:\/\/sunoenergia.es\/"},{"@type":"ListItem","position":2,"name":"Certificaci\u00f3n energ\u00e9tica y Consultor\u00eda"}]},{"@type":"WebSite","@id":"https:\/\/sunoenergia.es\/#website","url":"https:\/\/sunoenergia.es\/","name":"Suno Energ\u00eda","description":"","publisher":{"@id":"https:\/\/sunoenergia.es\/#organization"},"potentialAction":[{"@type":"SearchAction","target":{"@type":"EntryPoint","urlTemplate":"https:\/\/sunoenergia.es\/?s={search_term_string}"},"query-input":"required name=search_term_string"}],"inLanguage":"en-GB"},{"@type":"Organization","@id":"https:\/\/sunoenergia.es\/#organization","name":"Suno Energ\u00eda","url":"https:\/\/sunoenergia.es\/","logo":{"@type":"ImageObject","inLanguage":"en-GB","@id":"https:\/\/sunoenergia.es\/#\/schema\/logo\/image\/","url":"https:\/\/sunoenergia.es\/wp-content\/uploads\/2019\/04\/suno-logotipo.jpg","contentUrl":"https:\/\/sunoenergia.es\/wp-content\/uploads\/2019\/04\/suno-logotipo.jpg","width":260,"height":100,"caption":"Suno Energ\u00eda"},"image":{"@id":"https:\/\/sunoenergia.es\/#\/schema\/logo\/image\/"}}]}},"_links":{"self":[{"href":"https:\/\/sunoenergia.es\/en\/wp-json\/wp\/v2\/pages\/948"}],"collection":[{"href":"https:\/\/sunoenergia.es\/en\/wp-json\/wp\/v2\/pages"}],"about":[{"href":"https:\/\/sunoenergia.es\/en\/wp-json\/wp\/v2\/types\/page"}],"author":[{"embeddable":true,"href":"https:\/\/sunoenergia.es\/en\/wp-json\/wp\/v2\/users\/3"}],"replies":[{"embeddable":true,"href":"https:\/\/sunoenergia.es\/en\/wp-json\/wp\/v2\/comments?post=948"}],"version-history":[{"count":28,"href":"https:\/\/sunoenergia.es\/en\/wp-json\/wp\/v2\/pages\/948\/revisions"}],"predecessor-version":[{"id":1442,"href":"https:\/\/sunoenergia.es\/en\/wp-json\/wp\/v2\/pages\/948\/revisions\/1442"}],"wp:attachment":[{"href":"https:\/\/sunoenergia.es\/en\/wp-json\/wp\/v2\/media?parent=948"}],"curies":[{"name":"wp","href":"https:\/\/api.w.org\/{rel}","templated":true}]}}