{"id":961,"date":"2023-01-25T10:18:16","date_gmt":"2023-01-25T09:18:16","guid":{"rendered":"https:\/\/sunoenergia.es\/?page_id=961"},"modified":"2023-02-21T19:53:37","modified_gmt":"2023-02-21T18:53:37","slug":"instalacion-de-puntos-de-recarga-de-vehiculos-electricos","status":"publish","type":"page","link":"https:\/\/sunoenergia.es\/en\/instalacion-de-puntos-de-recarga-de-vehiculos-electricos\/","title":{"rendered":"Installation of charging points for electric vehicles"},"content":{"rendered":"<div data-elementor-type=\"wp-page\" data-elementor-id=\"961\" class=\"elementor elementor-961\">\n\t\t\t\t\t\t<section class=\"elementor-section elementor-top-section elementor-element elementor-element-5765761 elementor-section-height-min-height elementor-section-boxed elementor-section-height-default elementor-section-items-middle\" data-id=\"5765761\" data-element_type=\"section\" data-settings=\"{&quot;jet_parallax_layout_list&quot;:[],&quot;background_background&quot;:&quot;classic&quot;,&quot;shape_divider_bottom&quot;:&quot;triangle&quot;}\">\n\t\t\t\t\t<div class=\"elementor-shape elementor-shape-bottom\" data-negative=\"false\">\n\t\t\t<svg xmlns=\"http:\/\/www.w3.org\/2000\/svg\" viewbox=\"0 0 1000 100\" preserveaspectratio=\"none\">\n\t<path class=\"elementor-shape-fill\" d=\"M500,98.9L0,6.1V0h1000v6.1L500,98.9z\"\/>\n<\/svg>\t\t<\/div>\n\t\t\t\t\t<div class=\"elementor-container elementor-column-gap-default\">\n\t\t\t\t\t<div class=\"elementor-column elementor-col-100 elementor-top-column elementor-element elementor-element-63545eb\" data-id=\"63545eb\" data-element_type=\"column\">\n\t\t\t<div class=\"elementor-widget-wrap elementor-element-populated\">\n\t\t\t\t\t\t<div class=\"elementor-element elementor-element-ffdf999 elementor-widget__width-auto elementor-widget elementor-widget-image\" data-id=\"ffdf999\" data-element_type=\"widget\" data-widget_type=\"image.default\">\n\t\t\t\t<div class=\"elementor-widget-container\">\n\t\t\t\t\t\t\t\t\t\t\t\t\t<img fetchpriority=\"high\" decoding=\"async\" width=\"388\" height=\"171\" src=\"https:\/\/sunoenergia.es\/wp-content\/uploads\/2023\/01\/suno-recarga.jpg\" class=\"attachment-full size-full wp-image-967\" alt=\"Suno recarga img\" srcset=\"https:\/\/sunoenergia.es\/wp-content\/uploads\/2023\/01\/suno-recarga.jpg 388w, https:\/\/sunoenergia.es\/wp-content\/uploads\/2023\/01\/suno-recarga-300x132.jpg 300w\" sizes=\"(max-width: 388px) 100vw, 388px\" \/>\t\t\t\t\t\t\t\t\t\t\t\t\t<\/div>\n\t\t\t\t<\/div>\n\t\t\t\t\t<\/div>\n\t\t<\/div>\n\t\t\t\t\t<\/div>\n\t\t<\/section>\n\t\t\t\t<section class=\"elementor-section elementor-top-section elementor-element elementor-element-c34a6e3 elementor-section-boxed elementor-section-height-default elementor-section-height-default\" data-id=\"c34a6e3\" data-element_type=\"section\" data-settings=\"{&quot;jet_parallax_layout_list&quot;:[]}\">\n\t\t\t\t\t\t<div class=\"elementor-container elementor-column-gap-default\">\n\t\t\t\t\t<div class=\"elementor-column elementor-col-100 elementor-top-column elementor-element elementor-element-4cbb2d5\" data-id=\"4cbb2d5\" data-element_type=\"column\">\n\t\t\t<div class=\"elementor-widget-wrap elementor-element-populated\">\n\t\t\t\t\t\t<div class=\"elementor-element elementor-element-efcb68c elementor-invisible elementor-widget elementor-widget-heading\" data-id=\"efcb68c\" data-element_type=\"widget\" data-settings=\"{&quot;_animation&quot;:&quot;fadeInUp&quot;}\" data-widget_type=\"heading.default\">\n\t\t\t\t<div class=\"elementor-widget-container\">\n\t\t\t<h1 class=\"elementor-heading-title elementor-size-default\">Installation of charging points for electric vehicles<\/h1>\t\t<\/div>\n\t\t\t\t<\/div>\n\t\t\t\t<div class=\"elementor-element elementor-element-4f0423d elementor-invisible elementor-widget elementor-widget-text-editor\" data-id=\"4f0423d\" data-element_type=\"widget\" data-settings=\"{&quot;_animation&quot;:&quot;fadeInUp&quot;}\" data-widget_type=\"text-editor.default\">\n\t\t\t\t<div class=\"elementor-widget-container\">\n\t\t\t\t\t\t\t<p>If you are thinking of buying an electric vehicle but you are worried about where you are going to recharge it, we can help you.<\/p><p>It is clear that we are at a time when electric vehicles are becoming an increasingly popular and feasible option. However, one of the main concerns of electric vehicle owners is the lack of available charging points.\u00a0<\/p><p>This is where we come in, because Suno Energ\u00eda is a company specialized in the installation of charging points for electric vehicles.<\/p><p>We offer a variety of installation options, from public outdoor charging points to charging systems for garages and private car parks.<\/p><p>We also offer consulting services to help you determine the best installation option for your workplace, home or business.<\/p><p>Additionally, our highly trained technicians ensure fast and efficient installation, with attention to detail ensuring safe and reliable operation. We also offer maintenance and monitoring services to ensure that your charging system is working optimally at all times.<\/p><p>In summary, if you own an electric vehicle or are planning to purchase one, do not hesitate to contact us.<\/p><p>As specialists in installing electric vehicle charging points, we are committed to helping drive the transition to electric vehicles and making it easier for our customers to keep their electric vehicle charged and ready to go.\u00a0<\/p><p>We are at your disposal to help you choose the best solution for your needs.<\/p>\t\t\t\t\t\t<\/div>\n\t\t\t\t<\/div>\n\t\t\t\t\t<\/div>\n\t\t<\/div>\n\t\t\t\t\t<\/div>\n\t\t<\/section>\n\t\t\t\t<section class=\"elementor-section elementor-top-section elementor-element elementor-element-cfd7ac1 elementor-section-content-middle elementor-section-boxed elementor-section-height-default elementor-section-height-default\" data-id=\"cfd7ac1\" data-element_type=\"section\" data-settings=\"{&quot;background_background&quot;:&quot;classic&quot;,&quot;jet_parallax_layout_list&quot;:[]}\">\n\t\t\t\t\t\t<div class=\"elementor-container elementor-column-gap-no\">\n\t\t\t\t\t<div class=\"elementor-column elementor-col-50 elementor-top-column elementor-element elementor-element-910c9d5\" data-id=\"910c9d5\" data-element_type=\"column\">\n\t\t\t<div class=\"elementor-widget-wrap elementor-element-populated\">\n\t\t\t\t\t\t<div class=\"elementor-element elementor-element-cece9d2 elementor-widget elementor-widget-heading\" data-id=\"cece9d2\" data-element_type=\"widget\" data-widget_type=\"heading.default\">\n\t\t\t\t<div class=\"elementor-widget-container\">\n\t\t\t<h2 class=\"elementor-heading-title elementor-size-default\">Contact now and start saving!<\/h2>\t\t<\/div>\n\t\t\t\t<\/div>\n\t\t\t\t\t<\/div>\n\t\t<\/div>\n\t\t\t\t<div class=\"elementor-column elementor-col-50 elementor-top-column elementor-element elementor-element-d64b631\" data-id=\"d64b631\" data-element_type=\"column\">\n\t\t\t<div class=\"elementor-widget-wrap elementor-element-populated\">\n\t\t\t\t\t\t<div class=\"elementor-element elementor-element-4f6d40a elementor-align-center elementor-invisible elementor-widget elementor-widget-button\" data-id=\"4f6d40a\" data-element_type=\"widget\" data-settings=\"{&quot;_animation&quot;:&quot;fadeInUp&quot;,&quot;_animation_delay&quot;:400}\" data-widget_type=\"button.default\">\n\t\t\t\t<div class=\"elementor-widget-container\">\n\t\t\t\t\t<div class=\"elementor-button-wrapper\">\n\t\t\t<a class=\"elementor-button elementor-button-link elementor-size-sm\" href=\"https:\/\/sunoenergia.es\/en\/#contacto\">\n\t\t\t\t\t\t<span class=\"elementor-button-content-wrapper\">\n\t\t\t\t\t\t\t\t\t<span class=\"elementor-button-text\">CONTACT<\/span>\n\t\t\t\t\t<\/span>\n\t\t\t\t\t<\/a>\n\t\t<\/div>\n\t\t\t\t<\/div>\n\t\t\t\t<\/div>\n\t\t\t\t\t<\/div>\n\t\t<\/div>\n\t\t\t\t\t<\/div>\n\t\t<\/section>\n\t\t\t\t<\/div>","protected":false},"excerpt":{"rendered":"<p>Installation of charging points for electric vehicles If you are thinking of buying an electric vehicle but are worried about where you are going to recharge it, we can help you. It is clear that we are at a time when electric vehicles are becoming an increasingly popular and feasible option. However, a [\u2026]<\/p>","protected":false},"author":3,"featured_media":0,"parent":0,"menu_order":0,"comment_status":"closed","ping_status":"closed","template":"elementor_header_footer","meta":{"footnotes":""},"class_list":["post-961","page","type-page","status-publish","hentry"],"yoast_head":"<!-- This site is optimized with the Yoast SEO plugin v23.2 - https:\/\/yoast.com\/wordpress\/plugins\/seo\/ -->\n<title>Instalaci\u00f3n de puntos de recarga de veh\u00edculos el\u00e9ctricos<\/title>\n<meta name=\"description\" content=\"En Suno Energ\u00eda instalamos puntos de recarga para coches el\u00e9ctricos, algo que cada vez ser\u00e1 mas necesario y demandado.\" \/>\n<meta name=\"robots\" content=\"index, follow, max-snippet:-1, max-image-preview:large, max-video-preview:-1\" \/>\n<link rel=\"canonical\" href=\"https:\/\/sunoenergia.es\/en\/instalacion-de-puntos-de-recarga-de-vehiculos-electricos\/\" \/>\n<meta property=\"og:locale\" content=\"en_GB\" \/>\n<meta property=\"og:type\" content=\"article\" \/>\n<meta property=\"og:title\" content=\"Instalaci\u00f3n de puntos de recarga de veh\u00edculos el\u00e9ctricos\" \/>\n<meta property=\"og:description\" content=\"En Suno Energ\u00eda instalamos puntos de recarga para coches el\u00e9ctricos, algo que cada vez ser\u00e1 mas necesario y demandado.\" \/>\n<meta property=\"og:url\" content=\"https:\/\/sunoenergia.es\/en\/instalacion-de-puntos-de-recarga-de-vehiculos-electricos\/\" \/>\n<meta property=\"og:site_name\" content=\"Suno Energ\u00eda\" \/>\n<meta property=\"article:modified_time\" content=\"2023-02-21T18:53:37+00:00\" \/>\n<meta property=\"og:image\" content=\"https:\/\/sunoenergia.es\/wp-content\/uploads\/2023\/01\/suno-recarga.jpg\" \/>\n<meta name=\"twitter:card\" content=\"summary_large_image\" \/>\n<meta name=\"twitter:label1\" content=\"Estimated reading time\" \/>\n\t<meta name=\"twitter:data1\" content=\"2 minutes\" \/>\n<script type=\"application\/ld+json\" class=\"yoast-schema-graph\">{\"@context\":\"https:\/\/schema.org\",\"@graph\":[{\"@type\":\"WebPage\",\"@id\":\"https:\/\/sunoenergia.es\/instalacion-de-puntos-de-recarga-de-vehiculos-electricos\/\",\"url\":\"https:\/\/sunoenergia.es\/instalacion-de-puntos-de-recarga-de-vehiculos-electricos\/\",\"name\":\"Instalaci\u00f3n de puntos de recarga de veh\u00edculos el\u00e9ctricos\",\"isPartOf\":{\"@id\":\"https:\/\/sunoenergia.es\/#website\"},\"primaryImageOfPage\":{\"@id\":\"https:\/\/sunoenergia.es\/instalacion-de-puntos-de-recarga-de-vehiculos-electricos\/#primaryimage\"},\"image\":{\"@id\":\"https:\/\/sunoenergia.es\/instalacion-de-puntos-de-recarga-de-vehiculos-electricos\/#primaryimage\"},\"thumbnailUrl\":\"https:\/\/sunoenergia.es\/wp-content\/uploads\/2023\/01\/suno-recarga.jpg\",\"datePublished\":\"2023-01-25T09:18:16+00:00\",\"dateModified\":\"2023-02-21T18:53:37+00:00\",\"description\":\"En Suno Energ\u00eda instalamos puntos de recarga para coches el\u00e9ctricos, algo que cada vez ser\u00e1 mas necesario y demandado.\",\"breadcrumb\":{\"@id\":\"https:\/\/sunoenergia.es\/instalacion-de-puntos-de-recarga-de-vehiculos-electricos\/#breadcrumb\"},\"inLanguage\":\"en-GB\",\"potentialAction\":[{\"@type\":\"ReadAction\",\"target\":[\"https:\/\/sunoenergia.es\/instalacion-de-puntos-de-recarga-de-vehiculos-electricos\/\"]}]},{\"@type\":\"ImageObject\",\"inLanguage\":\"en-GB\",\"@id\":\"https:\/\/sunoenergia.es\/instalacion-de-puntos-de-recarga-de-vehiculos-electricos\/#primaryimage\",\"url\":\"https:\/\/sunoenergia.es\/wp-content\/uploads\/2023\/01\/suno-recarga.jpg\",\"contentUrl\":\"https:\/\/sunoenergia.es\/wp-content\/uploads\/2023\/01\/suno-recarga.jpg\"},{\"@type\":\"BreadcrumbList\",\"@id\":\"https:\/\/sunoenergia.es\/instalacion-de-puntos-de-recarga-de-vehiculos-electricos\/#breadcrumb\",\"itemListElement\":[{\"@type\":\"ListItem\",\"position\":1,\"name\":\"Portada\",\"item\":\"https:\/\/sunoenergia.es\/\"},{\"@type\":\"ListItem\",\"position\":2,\"name\":\"Instalaci\u00f3n de puntos de recarga de veh\u00edculos el\u00e9ctricos\"}]},{\"@type\":\"WebSite\",\"@id\":\"https:\/\/sunoenergia.es\/#website\",\"url\":\"https:\/\/sunoenergia.es\/\",\"name\":\"Suno Energ\u00eda\",\"description\":\"\",\"publisher\":{\"@id\":\"https:\/\/sunoenergia.es\/#organization\"},\"potentialAction\":[{\"@type\":\"SearchAction\",\"target\":{\"@type\":\"EntryPoint\",\"urlTemplate\":\"https:\/\/sunoenergia.es\/?s={search_term_string}\"},\"query-input\":\"required name=search_term_string\"}],\"inLanguage\":\"en-GB\"},{\"@type\":\"Organization\",\"@id\":\"https:\/\/sunoenergia.es\/#organization\",\"name\":\"Suno Energ\u00eda\",\"url\":\"https:\/\/sunoenergia.es\/\",\"logo\":{\"@type\":\"ImageObject\",\"inLanguage\":\"en-GB\",\"@id\":\"https:\/\/sunoenergia.es\/#\/schema\/logo\/image\/\",\"url\":\"https:\/\/sunoenergia.es\/wp-content\/uploads\/2019\/04\/suno-logotipo.jpg\",\"contentUrl\":\"https:\/\/sunoenergia.es\/wp-content\/uploads\/2019\/04\/suno-logotipo.jpg\",\"width\":260,\"height\":100,\"caption\":\"Suno Energ\u00eda\"},\"image\":{\"@id\":\"https:\/\/sunoenergia.es\/#\/schema\/logo\/image\/\"}}]}<\/script>\n<!-- \/ Yoast SEO plugin. -->","yoast_head_json":{"title":"Instalaci\u00f3n de puntos de recarga de veh\u00edculos el\u00e9ctricos","description":"En Suno Energ\u00eda instalamos puntos de recarga para coches el\u00e9ctricos, algo que cada vez ser\u00e1 mas necesario y demandado.","robots":{"index":"index","follow":"follow","max-snippet":"max-snippet:-1","max-image-preview":"max-image-preview:large","max-video-preview":"max-video-preview:-1"},"canonical":"https:\/\/sunoenergia.es\/en\/instalacion-de-puntos-de-recarga-de-vehiculos-electricos\/","og_locale":"en_GB","og_type":"article","og_title":"Instalaci\u00f3n de puntos de recarga de veh\u00edculos el\u00e9ctricos","og_description":"En Suno Energ\u00eda instalamos puntos de recarga para coches el\u00e9ctricos, algo que cada vez ser\u00e1 mas necesario y demandado.","og_url":"https:\/\/sunoenergia.es\/en\/instalacion-de-puntos-de-recarga-de-vehiculos-electricos\/","og_site_name":"Suno Energ\u00eda","article_modified_time":"2023-02-21T18:53:37+00:00","og_image":[{"url":"https:\/\/sunoenergia.es\/wp-content\/uploads\/2023\/01\/suno-recarga.jpg"}],"twitter_card":"summary_large_image","twitter_misc":{"Estimated reading time":"2 minutes"},"schema":{"@context":"https:\/\/schema.org","@graph":[{"@type":"WebPage","@id":"https:\/\/sunoenergia.es\/instalacion-de-puntos-de-recarga-de-vehiculos-electricos\/","url":"https:\/\/sunoenergia.es\/instalacion-de-puntos-de-recarga-de-vehiculos-electricos\/","name":"Instalaci\u00f3n de puntos de recarga de veh\u00edculos el\u00e9ctricos","isPartOf":{"@id":"https:\/\/sunoenergia.es\/#website"},"primaryImageOfPage":{"@id":"https:\/\/sunoenergia.es\/instalacion-de-puntos-de-recarga-de-vehiculos-electricos\/#primaryimage"},"image":{"@id":"https:\/\/sunoenergia.es\/instalacion-de-puntos-de-recarga-de-vehiculos-electricos\/#primaryimage"},"thumbnailUrl":"https:\/\/sunoenergia.es\/wp-content\/uploads\/2023\/01\/suno-recarga.jpg","datePublished":"2023-01-25T09:18:16+00:00","dateModified":"2023-02-21T18:53:37+00:00","description":"En Suno Energ\u00eda instalamos puntos de recarga para coches el\u00e9ctricos, algo que cada vez ser\u00e1 mas necesario y demandado.","breadcrumb":{"@id":"https:\/\/sunoenergia.es\/instalacion-de-puntos-de-recarga-de-vehiculos-electricos\/#breadcrumb"},"inLanguage":"en-GB","potentialAction":[{"@type":"ReadAction","target":["https:\/\/sunoenergia.es\/instalacion-de-puntos-de-recarga-de-vehiculos-electricos\/"]}]},{"@type":"ImageObject","inLanguage":"en-GB","@id":"https:\/\/sunoenergia.es\/instalacion-de-puntos-de-recarga-de-vehiculos-electricos\/#primaryimage","url":"https:\/\/sunoenergia.es\/wp-content\/uploads\/2023\/01\/suno-recarga.jpg","contentUrl":"https:\/\/sunoenergia.es\/wp-content\/uploads\/2023\/01\/suno-recarga.jpg"},{"@type":"BreadcrumbList","@id":"https:\/\/sunoenergia.es\/instalacion-de-puntos-de-recarga-de-vehiculos-electricos\/#breadcrumb","itemListElement":[{"@type":"ListItem","position":1,"name":"Portada","item":"https:\/\/sunoenergia.es\/"},{"@type":"ListItem","position":2,"name":"Instalaci\u00f3n de puntos de recarga de veh\u00edculos el\u00e9ctricos"}]},{"@type":"WebSite","@id":"https:\/\/sunoenergia.es\/#website","url":"https:\/\/sunoenergia.es\/","name":"Suno Energ\u00eda","description":"","publisher":{"@id":"https:\/\/sunoenergia.es\/#organization"},"potentialAction":[{"@type":"SearchAction","target":{"@type":"EntryPoint","urlTemplate":"https:\/\/sunoenergia.es\/?s={search_term_string}"},"query-input":"required name=search_term_string"}],"inLanguage":"en-GB"},{"@type":"Organization","@id":"https:\/\/sunoenergia.es\/#organization","name":"Suno Energ\u00eda","url":"https:\/\/sunoenergia.es\/","logo":{"@type":"ImageObject","inLanguage":"en-GB","@id":"https:\/\/sunoenergia.es\/#\/schema\/logo\/image\/","url":"https:\/\/sunoenergia.es\/wp-content\/uploads\/2019\/04\/suno-logotipo.jpg","contentUrl":"https:\/\/sunoenergia.es\/wp-content\/uploads\/2019\/04\/suno-logotipo.jpg","width":260,"height":100,"caption":"Suno Energ\u00eda"},"image":{"@id":"https:\/\/sunoenergia.es\/#\/schema\/logo\/image\/"}}]}},"_links":{"self":[{"href":"https:\/\/sunoenergia.es\/en\/wp-json\/wp\/v2\/pages\/961"}],"collection":[{"href":"https:\/\/sunoenergia.es\/en\/wp-json\/wp\/v2\/pages"}],"about":[{"href":"https:\/\/sunoenergia.es\/en\/wp-json\/wp\/v2\/types\/page"}],"author":[{"embeddable":true,"href":"https:\/\/sunoenergia.es\/en\/wp-json\/wp\/v2\/users\/3"}],"replies":[{"embeddable":true,"href":"https:\/\/sunoenergia.es\/en\/wp-json\/wp\/v2\/comments?post=961"}],"version-history":[{"count":13,"href":"https:\/\/sunoenergia.es\/en\/wp-json\/wp\/v2\/pages\/961\/revisions"}],"predecessor-version":[{"id":1436,"href":"https:\/\/sunoenergia.es\/en\/wp-json\/wp\/v2\/pages\/961\/revisions\/1436"}],"wp:attachment":[{"href":"https:\/\/sunoenergia.es\/en\/wp-json\/wp\/v2\/media?parent=961"}],"curies":[{"name":"wp","href":"https:\/\/api.w.org\/{rel}","templated":true}]}}