{"id":808,"date":"2023-01-24T16:35:20","date_gmt":"2023-01-24T15:35:20","guid":{"rendered":"https:\/\/sunoenergia.es\/?post_type=product&#038;p=808"},"modified":"2023-01-24T16:35:20","modified_gmt":"2023-01-24T15:35:20","slug":"inversor-growatt-min-5000tl-xh","status":"publish","type":"product","link":"https:\/\/sunoenergia.es\/en\/product\/inversor-growatt-min-5000tl-xh\/","title":{"rendered":"Growatt MIN 5000TL-XH inverter"},"content":{"rendered":"<h2>Growatt MIN 5000TL-XH inverter<\/h2>\n<h2>Data sheet of the Growatt MIN 5000TL-XH Inverter<\/h2>\n<p><a title=\"See the Data Sheet of the Growatt MIN 5000TL-XH Inverter\" href=\"https:\/\/autosolar.es\/pdf\/MIN-2500-6000-TL-XH-Datasheet.pdf\" target=\"_blank\" rel=\"noopener\">See the Data Sheet of the Growatt MIN 5000TL-XH Inverter<\/a><\/p>\n<p><a title=\"See the Growatt MIN 5000TL-XH Inverter Manual\" href=\"https:\/\/autosolar.es\/pdf\/manual-growatt-min-2500-6000tl-xh.pdf\" target=\"_blank\" rel=\"noopener\">See the Growatt MIN 5000TL-XH Inverter Manual<\/a><\/p>\n<h2>Description of the Growatt MIN 5000TL-XH Inverter<\/h2>\n<p>First of all, the\u00a0<strong>Growatt MIN 5000TL-XH inverter produces a single phase of self-consumption voltage and provides up to 5000W of output power<\/strong>. It has two important advantages: the high quality in its manufacture and the low price offer a most economical alternative to carry out the photovoltaic installation. This grid connection inverter transforms electricity from one or more solar panels into electricity suitable for domestic use in the home. He\u00a0<strong>Growatt MIN 5000TL-XH inverter<\/strong>\u00a0It produces a single voltage stage at the output and for this reason it can work linked to single-phase networks with phase and neutral.\u00a0<strong>Its main objective is to offer the home the energy that is generated through the installed solar panels.<\/strong>.<\/p>\n<p>Secondly, it should be noted that the MIN-XH range has\u00a0<strong>2 autonomous MPPT charge controllers<\/strong>. Thanks to this, we are able to have more flexibility in the design and installation of the solar panels, and as a consequence of its high voltage, it will be possible to develop a distribution of panels with 2 series of different electrical characteristics or with different orientations. The entire range of possibilities of this inverter, has the same measurements, thus being small and versatile with a current design and can be installed anywhere.<\/p>\n<h2>Characteristics of the Growatt MIN 5000TL-XH Inverter<\/h2>\n<p>With respect to\u00a0<strong>Growatt MIN 5000TL-XH inverter<\/strong>\u00a0looks like this:<\/p>\n<p><img decoding=\"async\" class=\"center-align\" title=\"Aspect Growatt MIN-XH\" src=\"https:\/\/autosolar.es\/images\/aspecto-growatt-min-xh.JPG\" alt=\"Aspecto Growatt MIN-XH\" \/><strong>TO:\u00a0<\/strong>External coating.<br \/>\n<strong>B:\u00a0<\/strong>LEDs.<br \/>\n<strong>C:\u00a0<\/strong>OLED display.<br \/>\n<strong>D:\u00a0<\/strong>Tactile button.<br \/>\n<strong>AND:\u00a0<\/strong>DC switch.<br \/>\n<strong>F:\u00a0<\/strong>Battery input +.<br \/>\n<strong>G:\u00a0<\/strong>Battery input -.<br \/>\n<strong>H:\u00a0<\/strong>Communication port.<br \/>\n<strong>YO:\u00a0<\/strong>AC output.<br \/>\n<strong>J:\u00a0<\/strong>Vent valve.<br \/>\n<strong>K:\u00a0<\/strong>PV + input. (Optional)<br \/>\n<strong>L:\u00a0<\/strong>PV input -.<br \/>\n<strong>Me:\u00a0<\/strong>USB port.<br \/>\n<strong>N:\u00a0<\/strong>SYS Communication Port.<\/p>\n<p>It is important to note that the MIN-XH range has 2 MPPT charge regulators, 2 positive and 2 negative MC4 plugs for the connection of the 2 free strings. In this class of model and in the access ones, there is an intermediate power of about 5000W, so it is highly recommended that the inverter work at a low voltage, since the radiation produced is less, as well as being able to work in extreme situations. more problematic due to lack of lighting, rain or thick fog.<\/p>\n<p>The input characteristics of the Growatt MIN 5000TL-XH Inverter are the following:<\/p>\n<p>&#8211;\u00a0<strong>Maximum recommended power to connect<\/strong>: 7000W.<br \/>\n&#8211;\u00a0<strong>Maximum DC voltage<\/strong>: 550V.<br \/>\n&#8211;\u00a0<strong>starting voltage<\/strong>: 100V.<br \/>\n&#8211;\u00a0<strong>MPPT Voltage Range<\/strong>: 80 \u2013 550V.<br \/>\n&#8211;\u00a0<strong>Rated operating voltage<\/strong>: 360V.<br \/>\n&#8211;\u00a0<strong>input current<\/strong>: 12.5A in each MPPT.<br \/>\n&#8211;\u00a0<strong>short circuit current<\/strong>: 16A.<br \/>\n&#8211;\u00a0<strong>Number of MPPT trackers<\/strong>: 2.<br \/>\n&#8211;\u00a0<strong>PV inputs for each MPPT<\/strong>: 1<\/p>\n<h2>Growatt MIN 5000TL-XH Inverter Connectivity<\/h2>\n<p>All Growatt PV inverters contain a\u00a0<strong>USB port to link the WIFI<\/strong>\u00a0and enjoy the wireless connection. Likewise, the inverter contains an 8-pin communications port to be able to link the wiring in the direction of the energy meter. With these readings, the investor can send information about his performance and home spending. In case you want it, you have a\u00a0<strong>web portal to register the photovoltaic plant, and see all the information about productivity, use and experience for your grid interconnection solar installation<\/strong>.<\/p>\n<p>It should be added that both the WIFI device and the wattmeter can be purchased separately. In addition, both the Shine-Link X monitoring and the SPM wattmeter are items that can be purchased with this inverter.<\/p>\n<p>The\u00a0<strong>Growatt inverters of the XH range<\/strong>\u00a0They are compatible with lithium batteries so you can install them together. Due to its small dimensions, it is possible to connect both the inverter and the batteries nearby, so that the connection is made with as little wiring as possible.<\/p>\n<h2>Growatt MIN 5000TL-XH Inverter Performance<\/h2>\n<p>He\u00a0<strong>Growatt MIN 5000TL-XH inverter<\/strong>\u00a0It has an efficiency of 98.4%, which is one of the highest for a grid connection inverter of these characteristics. The efficiency of the MPPT regulator is 99.9% and a European efficiency of 97.5%. With this inverter, one of the highest yields on the market is obtained at an affordable price and with the best production.<\/p>\n<h3>Dimensions of the Growatt MIN 5000TL-XH Inverter<\/h3>\n<p>It should be noted that Growatt photovoltaic inverters from\u00a0<strong>the MIN-XH class have the same weight and wingspan<\/strong>.<\/p>\n<p>This inverter has a\u00a0<strong>dimension of 375 x 350 x 160 mm and a weight of 10.8 kg<\/strong>.<\/p>\n<p>The Red Growatt MIN 5000TL-XE Inverter does not have a transformer, which makes it considerably less heavy. To carry out its installation outdoors (covered with light) it has the\u00a0<strong>IP65 protection certificate<\/strong>. It has fading by natural convection, lacking fans, having an insignificant sound level, approximately 35 decibels. If you need more information you can check the technical sheet.<\/p>\n<h3>Growatt MIN 5000TL-XH Inverter Protections<\/h3>\n<p>With respect to\u00a0<strong>Growatt MIN 5000TL-XH inverter<\/strong>\u00a0It should be noted that it has numerous electrical protection systems that make it one of the safest domestic inverters for solar consumption at home. Its main features include its\u00a0<strong>reverse polarity, anti-island protection, over current, short circuit and over voltage, excessive temperature rise<\/strong>\u00a0among others. This investor\u00a0<strong>It has a 5-year warranty, which can be extended up to 10 years.<\/strong>.<\/p>\n<p>He\u00a0<strong>Growatt MIN 5000TL-XH inverter<\/strong>\u00a0It has a set of certificates that corroborate magnificent operation between the different types of electrical networks.\u00a0<strong>The certifications it has are: CE, IEC62109, G98, G99, VFR2014, CEI0-21, VDE-AR-N4105, EN61727, IEC62116<\/strong>.<\/p>\n<h2>Videos of the Growatt MIN 5000TL-XH Inverter<\/h2>\n<p><a title=\"What wattmeters are compatible with this inverter?\" href=\"https:\/\/www.youtube.com\/watch?v=Z_5GBEDvLK8\" target=\"_blank\" rel=\"noopener\">Growatt Inverting Wattmeters | MIC + MIN + SPH<\/a><\/p>\n<p><a title=\"Growatt MIN inverter connection\" href=\"https:\/\/www.youtube.com\/watch?v=1qrZT8zBAfY\" target=\"_blank\" rel=\"noopener\">Growatt MIN inverter connection<\/a><\/p>\n<p><a title=\"Creation of plant and monitoring of Growatt inverters\" href=\"https:\/\/www.youtube.com\/watch?v=-2v38JrbAw0\" target=\"_blank\" rel=\"noopener\">Creation of plant and monitoring of Growatt inverters<\/a><\/p>\n<h2>Data sheet of the Growatt MIN 5000TL-XH Inverter<\/h2>\n<p><a title=\"See the Data Sheet of the Growatt MIN 5000TL-XH Inverter\" href=\"https:\/\/autosolar.es\/pdf\/MIN-2500-6000-TL-XH-Datasheet.pdf\" target=\"_blank\" rel=\"noopener\">See the Data Sheet of the Growatt MIN 5000TL-XH Inverter<\/a><\/p>\n<p><a title=\"See the Growatt MIN 5000TL-XH Inverter Manual\" href=\"https:\/\/autosolar.es\/pdf\/manual-growatt-min-2500-6000tl-xh.pdf\" target=\"_blank\" rel=\"noopener\">See the Growatt MIN 5000TL-XH Inverter Manual<\/a><\/p>","protected":false},"excerpt":{"rendered":"<p>The Growatt MIN 5000TL-XH Inverter is a new inverter model from one of the largest inverter manufacturers worldwide, Growatt. It is a high quality product with a very compact and modern design. This is the lower power single-phase model within the MIN-XH range, with models up to 6000W. This entire family of inverters has 2 MPPT trackers and a very wide operating range. These inverters are connected to the electricity grid of the place where they are installed to inject the energy produced by the panels and save on the electricity bill. They offer excellent characteristics for a short amortization period thanks to their adjusted price. They are also compatible with lithium batteries so they can be installed together.<\/p>","protected":false},"featured_media":809,"template":"","meta":[],"product_cat":[24],"product_tag":[],"class_list":{"0":"post-808","1":"product","2":"type-product","3":"status-publish","4":"has-post-thumbnail","6":"product_cat-inversores-hibridos","8":"first","9":"instock","10":"sale","11":"taxable","12":"shipping-taxable","13":"purchasable","14":"product-type-simple"},"yoast_head":"<!-- This site is optimized with the Yoast SEO plugin v23.2 - https:\/\/yoast.com\/wordpress\/plugins\/seo\/ -->\n<title>Inversor Growatt MIN 5000TL-XH - Suno Energ\u00eda<\/title>\n<meta name=\"robots\" content=\"index, follow, max-snippet:-1, max-image-preview:large, max-video-preview:-1\" \/>\n<link rel=\"canonical\" href=\"https:\/\/sunoenergia.es\/en\/product\/inversor-growatt-min-5000tl-xh\/\" \/>\n<meta property=\"og:locale\" content=\"en_GB\" \/>\n<meta property=\"og:type\" content=\"article\" \/>\n<meta property=\"og:title\" content=\"Inversor Growatt MIN 5000TL-XH - Suno Energ\u00eda\" \/>\n<meta property=\"og:description\" content=\"El Inversor Growatt MIN 5000TL-XH es un nuevo modelo de inversor de uno de los mayores fabricantes de inversores a nivel mundial, Growatt. Es un producto de gran calidad y con un dise\u00f1o muy compacto y moderno. Este el modelo monof\u00e1sico de inferior potencia dentro de la gama MIN-XH, habiendo modelos de hasta 6000W. Toda esta familia de inversores\u00a0dispone de 2 seguidores MPPT y un ampl\u00edsimo rango de funcionamiento. Estos inversores se conectan a la red el\u00e9ctrica del lugar donde est\u00e9n instalados para inyectar la energ\u00eda que producen los paneles y ahorrar en la factura de electricidad. Ofrecen unas excelentes caracter\u00edsticas para un plazo de amortizaci\u00f3n corto gracias a su ajustado precio. Tambi\u00e9n son compatibles con bater\u00edas de litio por lo que se pueden instalar conjuntamente.\" \/>\n<meta property=\"og:url\" content=\"https:\/\/sunoenergia.es\/en\/product\/inversor-growatt-min-5000tl-xh\/\" \/>\n<meta property=\"og:site_name\" content=\"Suno Energ\u00eda\" \/>\n<meta property=\"og:image\" content=\"https:\/\/sunoenergia.es\/wp-content\/uploads\/2023\/01\/Inversor-Growatt-MIN-5000TL-XH.jpg\" \/>\n\t<meta property=\"og:image:width\" content=\"1000\" \/>\n\t<meta property=\"og:image:height\" content=\"1000\" \/>\n\t<meta property=\"og:image:type\" content=\"image\/jpeg\" \/>\n<meta name=\"twitter:card\" content=\"summary_large_image\" \/>\n<meta name=\"twitter:label1\" content=\"Estimated reading time\" \/>\n\t<meta name=\"twitter:data1\" content=\"5 minutes\" \/>\n<script type=\"application\/ld+json\" class=\"yoast-schema-graph\">{\"@context\":\"https:\/\/schema.org\",\"@graph\":[{\"@type\":\"WebPage\",\"@id\":\"https:\/\/sunoenergia.es\/producto\/inversor-growatt-min-5000tl-xh\/\",\"url\":\"https:\/\/sunoenergia.es\/producto\/inversor-growatt-min-5000tl-xh\/\",\"name\":\"Inversor Growatt MIN 5000TL-XH - Suno Energ\u00eda\",\"isPartOf\":{\"@id\":\"https:\/\/sunoenergia.es\/#website\"},\"primaryImageOfPage\":{\"@id\":\"https:\/\/sunoenergia.es\/producto\/inversor-growatt-min-5000tl-xh\/#primaryimage\"},\"image\":{\"@id\":\"https:\/\/sunoenergia.es\/producto\/inversor-growatt-min-5000tl-xh\/#primaryimage\"},\"thumbnailUrl\":\"https:\/\/sunoenergia.es\/wp-content\/uploads\/2023\/01\/Inversor-Growatt-MIN-5000TL-XH.jpg\",\"datePublished\":\"2023-01-24T15:35:20+00:00\",\"dateModified\":\"2023-01-24T15:35:20+00:00\",\"breadcrumb\":{\"@id\":\"https:\/\/sunoenergia.es\/producto\/inversor-growatt-min-5000tl-xh\/#breadcrumb\"},\"inLanguage\":\"en-GB\",\"potentialAction\":[{\"@type\":\"ReadAction\",\"target\":[\"https:\/\/sunoenergia.es\/producto\/inversor-growatt-min-5000tl-xh\/\"]}]},{\"@type\":\"ImageObject\",\"inLanguage\":\"en-GB\",\"@id\":\"https:\/\/sunoenergia.es\/producto\/inversor-growatt-min-5000tl-xh\/#primaryimage\",\"url\":\"https:\/\/sunoenergia.es\/wp-content\/uploads\/2023\/01\/Inversor-Growatt-MIN-5000TL-XH.jpg\",\"contentUrl\":\"https:\/\/sunoenergia.es\/wp-content\/uploads\/2023\/01\/Inversor-Growatt-MIN-5000TL-XH.jpg\",\"width\":1000,\"height\":1000,\"caption\":\"Inversor Growatt MIN 5000TL-XH\"},{\"@type\":\"BreadcrumbList\",\"@id\":\"https:\/\/sunoenergia.es\/producto\/inversor-growatt-min-5000tl-xh\/#breadcrumb\",\"itemListElement\":[{\"@type\":\"ListItem\",\"position\":1,\"name\":\"Portada\",\"item\":\"https:\/\/sunoenergia.es\/\"},{\"@type\":\"ListItem\",\"position\":2,\"name\":\"Productos\",\"item\":\"https:\/\/sunoenergia.es\/tienda\/\"},{\"@type\":\"ListItem\",\"position\":3,\"name\":\"Inversor Growatt MIN 5000TL-XH\"}]},{\"@type\":\"WebSite\",\"@id\":\"https:\/\/sunoenergia.es\/#website\",\"url\":\"https:\/\/sunoenergia.es\/\",\"name\":\"Suno Energ\u00eda\",\"description\":\"\",\"publisher\":{\"@id\":\"https:\/\/sunoenergia.es\/#organization\"},\"potentialAction\":[{\"@type\":\"SearchAction\",\"target\":{\"@type\":\"EntryPoint\",\"urlTemplate\":\"https:\/\/sunoenergia.es\/?s={search_term_string}\"},\"query-input\":\"required name=search_term_string\"}],\"inLanguage\":\"en-GB\"},{\"@type\":\"Organization\",\"@id\":\"https:\/\/sunoenergia.es\/#organization\",\"name\":\"Suno Energ\u00eda\",\"url\":\"https:\/\/sunoenergia.es\/\",\"logo\":{\"@type\":\"ImageObject\",\"inLanguage\":\"en-GB\",\"@id\":\"https:\/\/sunoenergia.es\/#\/schema\/logo\/image\/\",\"url\":\"https:\/\/sunoenergia.es\/wp-content\/uploads\/2019\/04\/suno-logotipo.jpg\",\"contentUrl\":\"https:\/\/sunoenergia.es\/wp-content\/uploads\/2019\/04\/suno-logotipo.jpg\",\"width\":260,\"height\":100,\"caption\":\"Suno Energ\u00eda\"},\"image\":{\"@id\":\"https:\/\/sunoenergia.es\/#\/schema\/logo\/image\/\"}}]}<\/script>\n<!-- \/ Yoast SEO plugin. -->","yoast_head_json":{"title":"Inversor Growatt MIN 5000TL-XH - Suno Energ\u00eda","robots":{"index":"index","follow":"follow","max-snippet":"max-snippet:-1","max-image-preview":"max-image-preview:large","max-video-preview":"max-video-preview:-1"},"canonical":"https:\/\/sunoenergia.es\/en\/product\/inversor-growatt-min-5000tl-xh\/","og_locale":"en_GB","og_type":"article","og_title":"Inversor Growatt MIN 5000TL-XH - Suno Energ\u00eda","og_description":"El Inversor Growatt MIN 5000TL-XH es un nuevo modelo de inversor de uno de los mayores fabricantes de inversores a nivel mundial, Growatt. Es un producto de gran calidad y con un dise\u00f1o muy compacto y moderno. Este el modelo monof\u00e1sico de inferior potencia dentro de la gama MIN-XH, habiendo modelos de hasta 6000W. Toda esta familia de inversores\u00a0dispone de 2 seguidores MPPT y un ampl\u00edsimo rango de funcionamiento. Estos inversores se conectan a la red el\u00e9ctrica del lugar donde est\u00e9n instalados para inyectar la energ\u00eda que producen los paneles y ahorrar en la factura de electricidad. Ofrecen unas excelentes caracter\u00edsticas para un plazo de amortizaci\u00f3n corto gracias a su ajustado precio. Tambi\u00e9n son compatibles con bater\u00edas de litio por lo que se pueden instalar conjuntamente.","og_url":"https:\/\/sunoenergia.es\/en\/product\/inversor-growatt-min-5000tl-xh\/","og_site_name":"Suno Energ\u00eda","og_image":[{"width":1000,"height":1000,"url":"https:\/\/sunoenergia.es\/wp-content\/uploads\/2023\/01\/Inversor-Growatt-MIN-5000TL-XH.jpg","type":"image\/jpeg"}],"twitter_card":"summary_large_image","twitter_misc":{"Estimated reading time":"5 minutes"},"schema":{"@context":"https:\/\/schema.org","@graph":[{"@type":"WebPage","@id":"https:\/\/sunoenergia.es\/producto\/inversor-growatt-min-5000tl-xh\/","url":"https:\/\/sunoenergia.es\/producto\/inversor-growatt-min-5000tl-xh\/","name":"Inversor Growatt MIN 5000TL-XH - Suno Energ\u00eda","isPartOf":{"@id":"https:\/\/sunoenergia.es\/#website"},"primaryImageOfPage":{"@id":"https:\/\/sunoenergia.es\/producto\/inversor-growatt-min-5000tl-xh\/#primaryimage"},"image":{"@id":"https:\/\/sunoenergia.es\/producto\/inversor-growatt-min-5000tl-xh\/#primaryimage"},"thumbnailUrl":"https:\/\/sunoenergia.es\/wp-content\/uploads\/2023\/01\/Inversor-Growatt-MIN-5000TL-XH.jpg","datePublished":"2023-01-24T15:35:20+00:00","dateModified":"2023-01-24T15:35:20+00:00","breadcrumb":{"@id":"https:\/\/sunoenergia.es\/producto\/inversor-growatt-min-5000tl-xh\/#breadcrumb"},"inLanguage":"en-GB","potentialAction":[{"@type":"ReadAction","target":["https:\/\/sunoenergia.es\/producto\/inversor-growatt-min-5000tl-xh\/"]}]},{"@type":"ImageObject","inLanguage":"en-GB","@id":"https:\/\/sunoenergia.es\/producto\/inversor-growatt-min-5000tl-xh\/#primaryimage","url":"https:\/\/sunoenergia.es\/wp-content\/uploads\/2023\/01\/Inversor-Growatt-MIN-5000TL-XH.jpg","contentUrl":"https:\/\/sunoenergia.es\/wp-content\/uploads\/2023\/01\/Inversor-Growatt-MIN-5000TL-XH.jpg","width":1000,"height":1000,"caption":"Inversor Growatt MIN 5000TL-XH"},{"@type":"BreadcrumbList","@id":"https:\/\/sunoenergia.es\/producto\/inversor-growatt-min-5000tl-xh\/#breadcrumb","itemListElement":[{"@type":"ListItem","position":1,"name":"Portada","item":"https:\/\/sunoenergia.es\/"},{"@type":"ListItem","position":2,"name":"Productos","item":"https:\/\/sunoenergia.es\/tienda\/"},{"@type":"ListItem","position":3,"name":"Inversor Growatt MIN 5000TL-XH"}]},{"@type":"WebSite","@id":"https:\/\/sunoenergia.es\/#website","url":"https:\/\/sunoenergia.es\/","name":"Suno Energ\u00eda","description":"","publisher":{"@id":"https:\/\/sunoenergia.es\/#organization"},"potentialAction":[{"@type":"SearchAction","target":{"@type":"EntryPoint","urlTemplate":"https:\/\/sunoenergia.es\/?s={search_term_string}"},"query-input":"required name=search_term_string"}],"inLanguage":"en-GB"},{"@type":"Organization","@id":"https:\/\/sunoenergia.es\/#organization","name":"Suno Energ\u00eda","url":"https:\/\/sunoenergia.es\/","logo":{"@type":"ImageObject","inLanguage":"en-GB","@id":"https:\/\/sunoenergia.es\/#\/schema\/logo\/image\/","url":"https:\/\/sunoenergia.es\/wp-content\/uploads\/2019\/04\/suno-logotipo.jpg","contentUrl":"https:\/\/sunoenergia.es\/wp-content\/uploads\/2019\/04\/suno-logotipo.jpg","width":260,"height":100,"caption":"Suno Energ\u00eda"},"image":{"@id":"https:\/\/sunoenergia.es\/#\/schema\/logo\/image\/"}}]}},"_links":{"self":[{"href":"https:\/\/sunoenergia.es\/en\/wp-json\/wp\/v2\/product\/808"}],"collection":[{"href":"https:\/\/sunoenergia.es\/en\/wp-json\/wp\/v2\/product"}],"about":[{"href":"https:\/\/sunoenergia.es\/en\/wp-json\/wp\/v2\/types\/product"}],"wp:featuredmedia":[{"embeddable":true,"href":"https:\/\/sunoenergia.es\/en\/wp-json\/wp\/v2\/media\/809"}],"wp:attachment":[{"href":"https:\/\/sunoenergia.es\/en\/wp-json\/wp\/v2\/media?parent=808"}],"wp:term":[{"taxonomy":"product_cat","embeddable":true,"href":"https:\/\/sunoenergia.es\/en\/wp-json\/wp\/v2\/product_cat?post=808"},{"taxonomy":"product_tag","embeddable":true,"href":"https:\/\/sunoenergia.es\/en\/wp-json\/wp\/v2\/product_tag?post=808"}],"curies":[{"name":"wp","href":"https:\/\/api.w.org\/{rel}","templated":true}]}}