{"id":810,"date":"2023-01-24T16:40:35","date_gmt":"2023-01-24T15:40:35","guid":{"rendered":"https:\/\/sunoenergia.es\/?post_type=product&#038;p=810"},"modified":"2023-01-24T16:40:35","modified_gmt":"2023-01-24T15:40:35","slug":"bateria-litio-3-5kwh-pylontech-us3000-48v","status":"publish","type":"product","link":"https:\/\/sunoenergia.es\/en\/product\/bateria-litio-3-5kwh-pylontech-us3000-48v\/","title":{"rendered":"Lithium Battery 3.5kWh Pylontech US3000 48V"},"content":{"rendered":"<h2>Lithium Battery 3.5kWh Pylontech US3000 48V<\/h2>\n<h2>Data sheet of the Lithium Battery 3.5kWh Pylontech US3000 48V<\/h2>\n<p><a title=\"Data sheet Lithium Battery 3.5kWh Pylontech US3000 48V\" href=\"https:\/\/autosolar.es\/pdf\/Datasheet-US2000-US3000.pdf\" target=\"_blank\" rel=\"noopener\">Data sheet Lithium Battery 3.5kWh Pylontech US3000 48V<\/a><\/p>\n<p><a title=\"Manual Battery Lithium 3.5kWh Pylontech US3000 48V\" href=\"https:\/\/autosolar.es\/pdf\/US3000-Product-Manual-18BQSV0801.pdf\" target=\"_blank\" rel=\"noopener\">Manual Battery Lithium 3.5kWh Pylontech US3000 48V<\/a><\/p>\n<h2>Information about the Lithium Battery 3.5kWh Pylontech US3000 48V<\/h2>\n<p>The Pylontech US3000 48V 3.5kWh Lithium Battery is an advanced Lithium-Ion Phosphate accumulator that allows us to have a Lithium technology accumulator at a very economical price. The great advantage offered by the Pylontech solution is great compatibility with many brands of inverters on the market, a very attractive price given its characteristics, and a modular format to be able to be installed in a 19&#039; rack.<\/p>\n<h2>Characteristics of the 3.5kWh Pylontech US3000 48V Lithium Battery<\/h2>\n<p>The 3.5kWh Pylontech US3000 48V Lithium Battery offers\u00a0<strong>a very comfortable format<\/strong>, of the standard 19&#039; rack type that offers superior scalability thanks to being able to place the battery in a grouped manner, occupying less space and facilitating the interconnection between the modules.<\/p>\n<p>The Pylontech US3000 48V 3.5kWh Lithium Battery, given that technology allows it, and thanks to its easily stackable format, can be connected in parallel up to a maximum of 40 units with the current firmware. Everything is monitored by the internal BMS that distributes the power between the cells and the modules preventing them from being overcharged or over-discharged. This functionality in a lithium battery is of vital importance.<\/p>\n<p>For security reasons it is\u00a0<strong>Whenever more than one module of this Pylontech battery model is installed, it is mandatory to have a rack cabinet or brackets<\/strong>, that allow the integrity of the system.<\/p>\n<p><img decoding=\"async\" class=\"center-align\" title=\"Parallel detail Pylontech Lithium Battery\" src=\"https:\/\/autosolar.es\/images\/pylontech-paralelo-US3000.jpg\" alt=\"Detalle paralelo Bater\u00eda Litio Pylontech\" \/><\/p>\n<p>This 3.5kWh Pylontech US3000 48V Lithium Battery can be connected to many of the battery inverters on the market. It incorporates multiple communication protocols that allow the Pylontech lithium battery to communicate to share its charging parameters and to function properly.<\/p>\n<p>No maintenance is necessary with the Pylontech US3000 48V 3.5kWh Lithium Battery. Being a sealed module designed to be installed indoors, the Pylontech Lithium battery offers all its features without the need for us to do any maintenance throughout its useful life. It is necessary to prevent the battery from working in very extreme environments of temperature and humidity to ensure its life<\/p>\n<p>The Warranty of the 3.5kWh Pylontech US3000 48V Lithium Battery is 10 years, although a series of requirements must be met in order not to exceed the usage parameters that the manufacturer establishes for the battery. We recommend that you follow our instructions to choose the system that best suits your needs and that meets the requirements that the brand indicates for battery modules. Excessive charging current or output power can cause the battery to fail prematurely and in this case the warranty will not cover the failure.<\/p>\n<h2>Battery Capacity Lithium 3.5kWh Pylontech US3000 48V<\/h2>\n<p>The real effective capacity of the Pylontech US3000 48V 3.5kWh Lithium Battery is about 3.2kWh, the depth of discharge of Lithium batteries is much higher than lead batteries. Since up to 40 units can be installed in parallel at the moment, the\u00a0<strong>maximum capacity of a system made up of Pylontech lithium batteries is currently more than 192kWh useful<\/strong>\u00a0and just over 210 total theoretical kWh.<\/p>\n<h2>Front detail of the 3.5kWh Pylontech US3000 48V Lithium Battery<\/h2>\n<p><img decoding=\"async\" class=\"center-align\" title=\"Front detail Pylontech Lithium Battery\" src=\"https:\/\/autosolar.es\/images\/pylontech-frontal-US3000.jpg\" alt=\"Detalle frontal Bater\u00eda Litio Pylontech\" \/><\/p>\n<h2>Technical data of the 3.5kWh Pylontech US3000 48V Lithium Battery<\/h2>\n<p>The Pylontech Lithium battery has the following technical characteristics:<\/p>\n<p>Rated working voltage (V): 48V<\/p>\n<p>Usable capacity: 3200Wh<\/p>\n<p>Physical dimensions (in mm): 442 x 420 x 132<\/p>\n<p>Weight: 32Kg<\/p>\n<p>Communication interfaces: RS232, RS485, CAN<\/p>\n<p>Certifications: T\u00dcV, CE, UN38.3<\/p>\n<p>Estimated useful life: more than 10 years (25\u00baC)<\/p>\n<p>Life Cycles: 4500+ with downloads to 90% DoD<\/p>\n<p><img decoding=\"async\" class=\"center-align\" title=\"Detail measures Lithium Battery Pylontech\" src=\"https:\/\/autosolar.es\/images\/pylontech-dimensiones-US3000.jpg\" alt=\"Detalle medidas Bater\u00eda Litio Pylontech\" \/><\/p>\n<h2>Lithium Battery Connection 3.5kWh Pylontech US3000 48V with Victron<\/h2>\n<p><img decoding=\"async\" class=\"center-align\" title=\" Lithium Battery Connection 3.5kWh Pylontech US3000 48V with Victron\" src=\"https:\/\/autosolar.es\/images\/Conexion-Pylontech-con-Victron.jpg\" alt=\" Conexi\u00f3n Bater\u00eda Litio 3.5kWh Pylontech US3000 48V con Victron\" \/><\/p>\n<h2>Connection Lithium Battery 3.5kWh Pylontech US3000 48V to Hub Port Pylontech LV-HUB<\/h2>\n<p>Below is the maximum that the manufacturer allows for the connection of the Pylontech US3000 48V batteries. It can be seen how\u00a0<strong>A maximum of 8 units can be connected in parallel without the need for\u00a0<a title=\"Pylontech LV-HUB Hub Port\" href=\"https:\/\/autosolar.es\/accesorios-baterias\/puerto-hub-pylontech-lv-hub\" target=\"_blank\" rel=\"noopener\">Pylontech hub port<\/a>, but if you want to connect more than 12 units, you need a\u00a0<a title=\"Pylontech LV-HUB Hub Port\" href=\"https:\/\/autosolar.es\/accesorios-baterias\/puerto-hub-pylontech-lv-hub\" target=\"_blank\" rel=\"noopener\">Pylontech hub port<\/a><\/strong>.<\/p>\n<p>A maximum of 40 units of 3.5kWh Pylontech US3000 48V Lithium Battery can be connected thanks to the\u00a0<a title=\"Pylontech LV-HUB Hub Port\" href=\"https:\/\/autosolar.es\/accesorios-baterias\/puerto-hub-pylontech-lv-hub\" target=\"_blank\" rel=\"noopener\">Pylontech hub port<\/a>\u00a0in groups of 8.<\/p>\n<p><img decoding=\"async\" class=\"center-align\" title=\" Connection Lithium Battery 3.5kWh Pylontech US3000 48V to Hub port\" src=\"https:\/\/autosolar.es\/images\/conexion-paralelo-hub-us3000.jpg\" alt=\" Conexi\u00f3n Bater\u00eda Litio 3,5kWh Pylontech US3000 48V al puerto Hub\" \/><\/p>\n<h2>Videos related to the 3.5kWh Pylontech US3000 48V Lithium Battery<\/h2>\n<p><a title=\"Isolated Solar Kit Installation with Pylontech Lithium Batteries\" href=\"https:\/\/www.youtube.com\/watch?v=IB0QpPJWdVc\" target=\"_blank\" rel=\"noopener\">Isolated Solar Kit Installation with Pylontech Lithium Batteries<\/a><\/p>\n<h2>Data sheet of the Lithium Battery 3.5kWh Pylontech US3000 48V<\/h2>\n<p><a title=\"Data sheet Lithium Battery 3.5kWh Pylontech US3000 48V\" href=\"https:\/\/autosolar.es\/pdf\/Datasheet-US2000-US3000.pdf\" target=\"_blank\" rel=\"noopener\">Data sheet Lithium Battery 3.5kWh Pylontech US3000 48V<\/a><\/p>\n<p><a title=\"Manual Battery Lithium 3.5kWh Pylontech US3000 48V\" href=\"https:\/\/autosolar.es\/pdf\/US3000-Product-Manual-18BQSV0801.pdf\" target=\"_blank\" rel=\"noopener\">Manual Battery Lithium 3.5kWh Pylontech US3000 48V<\/a><\/p>","protected":false},"excerpt":{"rendered":"<p>The Pylontech US3000 48V 3.5kWh Lithium Battery is an advanced Lithium-Ion Phosphate accumulator that allows us to have a Lithium technology accumulator at a very competitive price and with very attractive technical characteristics. Up to 40 units can be installed in parallel through a hub to offer greater energy accumulation.<\/p>\n<p><em>(Notify at the time of purchase if the batteries are for a new installation or an extension to a system already in operation)<\/em><\/p>","protected":false},"featured_media":811,"template":"","meta":[],"product_cat":[25],"product_tag":[],"class_list":{"0":"post-810","1":"product","2":"type-product","3":"status-publish","4":"has-post-thumbnail","6":"product_cat-baterias-de-litio","8":"first","9":"instock","10":"taxable","11":"shipping-taxable","12":"purchasable","13":"product-type-simple"},"yoast_head":"<!-- This site is optimized with the Yoast SEO plugin v23.2 - https:\/\/yoast.com\/wordpress\/plugins\/seo\/ -->\n<title>Bater\u00eda Litio 3.5kWh Pylontech US3000 48V - Suno Energ\u00eda<\/title>\n<meta name=\"robots\" content=\"index, follow, max-snippet:-1, max-image-preview:large, max-video-preview:-1\" \/>\n<link rel=\"canonical\" href=\"https:\/\/sunoenergia.es\/en\/product\/bateria-litio-3-5kwh-pylontech-us3000-48v\/\" \/>\n<meta property=\"og:locale\" content=\"en_GB\" \/>\n<meta property=\"og:type\" content=\"article\" \/>\n<meta property=\"og:title\" content=\"Bater\u00eda Litio 3.5kWh Pylontech US3000 48V - Suno Energ\u00eda\" \/>\n<meta property=\"og:description\" content=\"La Bater\u00eda Litio 3.5kWh Pylontech US3000 48V es un avanzado acumulador de Fosfato de Ion-Litio que nos permite disponer de un acumulador de tecnolog\u00eda de Litio a un precio muy competitivo y con unas caracter\u00edsticas t\u00e9cnicas muy atractivas. Se puede instalar en paralelo hasta 40 unidades mediante un hub para ofrecer una mayor acumulaci\u00f3n de energ\u00eda.  (Notificar en el momento de la compra si las bater\u00edas son para una instalaci\u00f3n nueva o una ampliaci\u00f3n para un sistema ya en funcionamiento)\" \/>\n<meta property=\"og:url\" content=\"https:\/\/sunoenergia.es\/en\/product\/bateria-litio-3-5kwh-pylontech-us3000-48v\/\" \/>\n<meta property=\"og:site_name\" content=\"Suno Energ\u00eda\" \/>\n<meta property=\"og:image\" content=\"https:\/\/sunoenergia.es\/wp-content\/uploads\/2023\/01\/Bateria-Litio-3.5kWh-Pylontech-US3000-48V.jpg\" \/>\n\t<meta property=\"og:image:width\" content=\"1000\" \/>\n\t<meta property=\"og:image:height\" content=\"1000\" \/>\n\t<meta property=\"og:image:type\" content=\"image\/jpeg\" \/>\n<meta name=\"twitter:card\" content=\"summary_large_image\" \/>\n<meta name=\"twitter:label1\" content=\"Estimated reading time\" \/>\n\t<meta name=\"twitter:data1\" content=\"5 minutes\" \/>\n<script type=\"application\/ld+json\" class=\"yoast-schema-graph\">{\"@context\":\"https:\/\/schema.org\",\"@graph\":[{\"@type\":\"WebPage\",\"@id\":\"https:\/\/sunoenergia.es\/producto\/bateria-litio-3-5kwh-pylontech-us3000-48v\/\",\"url\":\"https:\/\/sunoenergia.es\/producto\/bateria-litio-3-5kwh-pylontech-us3000-48v\/\",\"name\":\"Bater\u00eda Litio 3.5kWh Pylontech US3000 48V - Suno Energ\u00eda\",\"isPartOf\":{\"@id\":\"https:\/\/sunoenergia.es\/#website\"},\"primaryImageOfPage\":{\"@id\":\"https:\/\/sunoenergia.es\/producto\/bateria-litio-3-5kwh-pylontech-us3000-48v\/#primaryimage\"},\"image\":{\"@id\":\"https:\/\/sunoenergia.es\/producto\/bateria-litio-3-5kwh-pylontech-us3000-48v\/#primaryimage\"},\"thumbnailUrl\":\"https:\/\/sunoenergia.es\/wp-content\/uploads\/2023\/01\/Bateria-Litio-3.5kWh-Pylontech-US3000-48V.jpg\",\"datePublished\":\"2023-01-24T15:40:35+00:00\",\"dateModified\":\"2023-01-24T15:40:35+00:00\",\"breadcrumb\":{\"@id\":\"https:\/\/sunoenergia.es\/producto\/bateria-litio-3-5kwh-pylontech-us3000-48v\/#breadcrumb\"},\"inLanguage\":\"en-GB\",\"potentialAction\":[{\"@type\":\"ReadAction\",\"target\":[\"https:\/\/sunoenergia.es\/producto\/bateria-litio-3-5kwh-pylontech-us3000-48v\/\"]}]},{\"@type\":\"ImageObject\",\"inLanguage\":\"en-GB\",\"@id\":\"https:\/\/sunoenergia.es\/producto\/bateria-litio-3-5kwh-pylontech-us3000-48v\/#primaryimage\",\"url\":\"https:\/\/sunoenergia.es\/wp-content\/uploads\/2023\/01\/Bateria-Litio-3.5kWh-Pylontech-US3000-48V.jpg\",\"contentUrl\":\"https:\/\/sunoenergia.es\/wp-content\/uploads\/2023\/01\/Bateria-Litio-3.5kWh-Pylontech-US3000-48V.jpg\",\"width\":1000,\"height\":1000,\"caption\":\"Bater\u00eda Litio 3.5kWh Pylontech US3000 48V\"},{\"@type\":\"BreadcrumbList\",\"@id\":\"https:\/\/sunoenergia.es\/producto\/bateria-litio-3-5kwh-pylontech-us3000-48v\/#breadcrumb\",\"itemListElement\":[{\"@type\":\"ListItem\",\"position\":1,\"name\":\"Portada\",\"item\":\"https:\/\/sunoenergia.es\/\"},{\"@type\":\"ListItem\",\"position\":2,\"name\":\"Productos\",\"item\":\"https:\/\/sunoenergia.es\/tienda\/\"},{\"@type\":\"ListItem\",\"position\":3,\"name\":\"Bater\u00eda Litio 3.5kWh Pylontech US3000 48V\"}]},{\"@type\":\"WebSite\",\"@id\":\"https:\/\/sunoenergia.es\/#website\",\"url\":\"https:\/\/sunoenergia.es\/\",\"name\":\"Suno Energ\u00eda\",\"description\":\"\",\"publisher\":{\"@id\":\"https:\/\/sunoenergia.es\/#organization\"},\"potentialAction\":[{\"@type\":\"SearchAction\",\"target\":{\"@type\":\"EntryPoint\",\"urlTemplate\":\"https:\/\/sunoenergia.es\/?s={search_term_string}\"},\"query-input\":\"required name=search_term_string\"}],\"inLanguage\":\"en-GB\"},{\"@type\":\"Organization\",\"@id\":\"https:\/\/sunoenergia.es\/#organization\",\"name\":\"Suno Energ\u00eda\",\"url\":\"https:\/\/sunoenergia.es\/\",\"logo\":{\"@type\":\"ImageObject\",\"inLanguage\":\"en-GB\",\"@id\":\"https:\/\/sunoenergia.es\/#\/schema\/logo\/image\/\",\"url\":\"https:\/\/sunoenergia.es\/wp-content\/uploads\/2019\/04\/suno-logotipo.jpg\",\"contentUrl\":\"https:\/\/sunoenergia.es\/wp-content\/uploads\/2019\/04\/suno-logotipo.jpg\",\"width\":260,\"height\":100,\"caption\":\"Suno Energ\u00eda\"},\"image\":{\"@id\":\"https:\/\/sunoenergia.es\/#\/schema\/logo\/image\/\"}}]}<\/script>\n<!-- \/ Yoast SEO plugin. -->","yoast_head_json":{"title":"Bater\u00eda Litio 3.5kWh Pylontech US3000 48V - Suno Energ\u00eda","robots":{"index":"index","follow":"follow","max-snippet":"max-snippet:-1","max-image-preview":"max-image-preview:large","max-video-preview":"max-video-preview:-1"},"canonical":"https:\/\/sunoenergia.es\/en\/product\/bateria-litio-3-5kwh-pylontech-us3000-48v\/","og_locale":"en_GB","og_type":"article","og_title":"Bater\u00eda Litio 3.5kWh Pylontech US3000 48V - Suno Energ\u00eda","og_description":"La Bater\u00eda Litio 3.5kWh Pylontech US3000 48V es un avanzado acumulador de Fosfato de Ion-Litio que nos permite disponer de un acumulador de tecnolog\u00eda de Litio a un precio muy competitivo y con unas caracter\u00edsticas t\u00e9cnicas muy atractivas. Se puede instalar en paralelo hasta 40 unidades mediante un hub para ofrecer una mayor acumulaci\u00f3n de energ\u00eda.  (Notificar en el momento de la compra si las bater\u00edas son para una instalaci\u00f3n nueva o una ampliaci\u00f3n para un sistema ya en funcionamiento)","og_url":"https:\/\/sunoenergia.es\/en\/product\/bateria-litio-3-5kwh-pylontech-us3000-48v\/","og_site_name":"Suno Energ\u00eda","og_image":[{"width":1000,"height":1000,"url":"https:\/\/sunoenergia.es\/wp-content\/uploads\/2023\/01\/Bateria-Litio-3.5kWh-Pylontech-US3000-48V.jpg","type":"image\/jpeg"}],"twitter_card":"summary_large_image","twitter_misc":{"Estimated reading time":"5 minutes"},"schema":{"@context":"https:\/\/schema.org","@graph":[{"@type":"WebPage","@id":"https:\/\/sunoenergia.es\/producto\/bateria-litio-3-5kwh-pylontech-us3000-48v\/","url":"https:\/\/sunoenergia.es\/producto\/bateria-litio-3-5kwh-pylontech-us3000-48v\/","name":"Bater\u00eda Litio 3.5kWh Pylontech US3000 48V - Suno Energ\u00eda","isPartOf":{"@id":"https:\/\/sunoenergia.es\/#website"},"primaryImageOfPage":{"@id":"https:\/\/sunoenergia.es\/producto\/bateria-litio-3-5kwh-pylontech-us3000-48v\/#primaryimage"},"image":{"@id":"https:\/\/sunoenergia.es\/producto\/bateria-litio-3-5kwh-pylontech-us3000-48v\/#primaryimage"},"thumbnailUrl":"https:\/\/sunoenergia.es\/wp-content\/uploads\/2023\/01\/Bateria-Litio-3.5kWh-Pylontech-US3000-48V.jpg","datePublished":"2023-01-24T15:40:35+00:00","dateModified":"2023-01-24T15:40:35+00:00","breadcrumb":{"@id":"https:\/\/sunoenergia.es\/producto\/bateria-litio-3-5kwh-pylontech-us3000-48v\/#breadcrumb"},"inLanguage":"en-GB","potentialAction":[{"@type":"ReadAction","target":["https:\/\/sunoenergia.es\/producto\/bateria-litio-3-5kwh-pylontech-us3000-48v\/"]}]},{"@type":"ImageObject","inLanguage":"en-GB","@id":"https:\/\/sunoenergia.es\/producto\/bateria-litio-3-5kwh-pylontech-us3000-48v\/#primaryimage","url":"https:\/\/sunoenergia.es\/wp-content\/uploads\/2023\/01\/Bateria-Litio-3.5kWh-Pylontech-US3000-48V.jpg","contentUrl":"https:\/\/sunoenergia.es\/wp-content\/uploads\/2023\/01\/Bateria-Litio-3.5kWh-Pylontech-US3000-48V.jpg","width":1000,"height":1000,"caption":"Bater\u00eda Litio 3.5kWh Pylontech US3000 48V"},{"@type":"BreadcrumbList","@id":"https:\/\/sunoenergia.es\/producto\/bateria-litio-3-5kwh-pylontech-us3000-48v\/#breadcrumb","itemListElement":[{"@type":"ListItem","position":1,"name":"Portada","item":"https:\/\/sunoenergia.es\/"},{"@type":"ListItem","position":2,"name":"Productos","item":"https:\/\/sunoenergia.es\/tienda\/"},{"@type":"ListItem","position":3,"name":"Bater\u00eda Litio 3.5kWh Pylontech US3000 48V"}]},{"@type":"WebSite","@id":"https:\/\/sunoenergia.es\/#website","url":"https:\/\/sunoenergia.es\/","name":"Suno Energ\u00eda","description":"","publisher":{"@id":"https:\/\/sunoenergia.es\/#organization"},"potentialAction":[{"@type":"SearchAction","target":{"@type":"EntryPoint","urlTemplate":"https:\/\/sunoenergia.es\/?s={search_term_string}"},"query-input":"required name=search_term_string"}],"inLanguage":"en-GB"},{"@type":"Organization","@id":"https:\/\/sunoenergia.es\/#organization","name":"Suno Energ\u00eda","url":"https:\/\/sunoenergia.es\/","logo":{"@type":"ImageObject","inLanguage":"en-GB","@id":"https:\/\/sunoenergia.es\/#\/schema\/logo\/image\/","url":"https:\/\/sunoenergia.es\/wp-content\/uploads\/2019\/04\/suno-logotipo.jpg","contentUrl":"https:\/\/sunoenergia.es\/wp-content\/uploads\/2019\/04\/suno-logotipo.jpg","width":260,"height":100,"caption":"Suno Energ\u00eda"},"image":{"@id":"https:\/\/sunoenergia.es\/#\/schema\/logo\/image\/"}}]}},"_links":{"self":[{"href":"https:\/\/sunoenergia.es\/en\/wp-json\/wp\/v2\/product\/810"}],"collection":[{"href":"https:\/\/sunoenergia.es\/en\/wp-json\/wp\/v2\/product"}],"about":[{"href":"https:\/\/sunoenergia.es\/en\/wp-json\/wp\/v2\/types\/product"}],"wp:featuredmedia":[{"embeddable":true,"href":"https:\/\/sunoenergia.es\/en\/wp-json\/wp\/v2\/media\/811"}],"wp:attachment":[{"href":"https:\/\/sunoenergia.es\/en\/wp-json\/wp\/v2\/media?parent=810"}],"wp:term":[{"taxonomy":"product_cat","embeddable":true,"href":"https:\/\/sunoenergia.es\/en\/wp-json\/wp\/v2\/product_cat?post=810"},{"taxonomy":"product_tag","embeddable":true,"href":"https:\/\/sunoenergia.es\/en\/wp-json\/wp\/v2\/product_tag?post=810"}],"curies":[{"name":"wp","href":"https:\/\/api.w.org\/{rel}","templated":true}]}}