{"id":812,"date":"2023-01-24T16:45:13","date_gmt":"2023-01-24T15:45:13","guid":{"rendered":"https:\/\/sunoenergia.es\/?post_type=product&#038;p=812"},"modified":"2023-01-24T16:45:14","modified_gmt":"2023-01-24T15:45:14","slug":"panel-ja-solar-460w-24v-monocristalino-perc","status":"publish","type":"product","link":"https:\/\/sunoenergia.es\/en\/product\/panel-ja-solar-460w-24v-monocristalino-perc\/","title":{"rendered":"JA Solar Panel 460W 24V Monocrystalline PERC"},"content":{"rendered":"<h2>JA Solar Panel 460W 24V Monocrystalline Perc<\/h2>\n<h2>Data Sheet JA Solar Panel 460W 24V Monocrystalline Perc<\/h2>\n<p><a title=\"See Technical Sheet of the JA Solar Panel 460W 24V Monocrystalline Perc\" href=\"https:\/\/autosolar.es\/pdf\/JaSolar-M72S20-MR440-465W.pdf\" target=\"_blank\" rel=\"noopener\">See Technical Sheet of the JA Solar Panel 460W 24V Monocrystalline Perc<\/a><\/p>\n<h2>Details of the JA Solar Panel 460W 24V Monocrystalline Perc<\/h2>\n<p>He\u00a0<strong>JA Solar Panel 460W 24V Monocrystalline Perc<\/strong>\u00a0is a high power photovoltaic module from the international manufacturer JA Solar. The JAM72S20 MR range is a series that offers the latest technology with very good technical characteristics. One of its most outstanding features is its PERC-type monocrystalline half cells that offer superior production and better thermal performance. Its higher efficiency results in higher production with practically the same collection area as a normal 72-cell panel.<\/p>\n<p>All the manufacturing technologies of this panel\u00a0<strong>allow to obtain an efficiency of up to 20.7%<\/strong>\u00a0approximately. The progressive improvement in the efficiency of the cells results in higher powers and all with a very similar external appearance with hardly any increase in size.<\/p>\n<p>JA Solar is a large company in the photovoltaic sector, with more than 15 years of history producing panels and more than 20,000 employees. It is a leading global manufacturer and for this reason it appears in all Tier 1 reports due to its high production capacity and great recognition and establishment within the photovoltaic sector. JA Solar, in addition to assembling the modules,\u00a0<strong>is also a manufacturer of photovoltaic cells for all types of ranges<\/strong>, including premium models with the latest technology. In its wide range of models, it offers this family of panels with great performance and first class features.\u00a0<strong>Its monocrystalline PERC half cells are arranged in two groups to maximize shade tolerance and minimize performance impact<\/strong>. It incorporates high-capture bus technology, using up to 9 buses that run through all the cells to cause fewer hot spots and less shading on the cell surface. With all this, JA Solar panels have a very favorable quality-price ratio since they incorporate\u00a0<strong>premium solar panels<\/strong>\u00a0at a very good price.<\/p>\n<p>The electrical characteristics of the JA Solar 460W 24V Monocrystalline Perc Panel are first class, as shown by its 20.2% module efficiency. The JA Solar 460W 24V Monocrystalline Perc Panel offers the following production data:<\/p>\n<p><strong>\u2013 Peak Power (PMAX): 460W<\/strong><\/p>\n<p><strong>\u2013 Voltage at maximum power (VMPP): 42.13V<\/strong><\/p>\n<p><strong>\u2013 Intensity at maximum power (IMPP): 10.92A<\/strong><\/p>\n<p><strong>\u2013 Open Circuit Voltage (VOC): 50.01V<\/strong><\/p>\n<p><strong>\u2013 Short-circuit current (ISC): 11.45A<\/strong><\/p>\n<p>These production data are under standard irradiation conditions of 1000W\/m\u00b2, at a cell temperature of 25\u00baC and with an air mass of 1.5AM. The output power tolerance is \u00b15W.<\/p>\n<p><strong>The JA Solar Panel 460W 24V Monocrystalline Perc undergoes strict quality controls<\/strong>, to guarantee its durability and production throughout its entire useful life. It offers a 12-year mechanical guarantee against manufacturing defects and a 25-year guarantee for at least one 80% of its nominal power from when it was new. It has the international certifications required in the sector and thanks to this it can be installed in any photovoltaic solar system.<\/p>\n<p>Each JA Solar panel with half cell technology, and incorporates a total of 144 units. In its back it has 3 watertight boxes. From those at the ends come out the cables with the positive and negative terminals respectively. Inside its central junction box are the bypass diodes.<\/p>\n<p><img decoding=\"async\" class=\"center-align\" title=\"Production of JA Solar Panels\" src=\"https:\/\/autosolar.es\/images\/graficos\/graficas-ja-455.png\" alt=\"Producci\u00f3n Paneles JA Solar\" \/><\/p>\n<h2>Features JA Solar Panel 460W 24V Monocrystalline Perc<\/h2>\n<p>He\u00a0<strong>JA Solar 460W 24V Monocrystalline Perc panel is slightly larger than a standard 24V panel<\/strong>\u00a0and usual in this power environment, since its composition of slightly larger half-cells organized in two groups requires additional space in its distribution. It has measurements of 2120 x 1052 x 35mm, and weighs about 25Kg. The panel frame is made of anodized aluminium. It gives it a high resistance to be able to anchor it to the structure on which the panel is located and thus also avoid the torsion of the module to ensure its integrity.<\/p>\n<h2>JA Solar Panel Installation 460W 24V Monocrystalline Perc<\/h2>\n<p>The orientation and inclination is extremely important to achieve maximum solar production. The solar panel must be installed in an optimal position to maximize its production throughout the day and throughout the year.\u00a0<strong>There should be no shadows on the solar panel<\/strong>\u00a0to guarantee its maximum production throughout all the hours of sun.<\/p>\n<p>This module, due to its dimensions, may not be compatible with the standard width of the structures for panels and\u00a0<strong>may require an extension that allows its correct installation<\/strong>. Consult with us so that we can advise you with the structure you need to know if you need the complement for an additional width or not.<\/p>\n<h2>Buy JA Solar Panel 460W 24V Monocrystalline Perc Online<\/h2>\n<p>At AutoSolar you can\u00a0<strong>buy the JA Solar Panel 460W 24V Monocrystalline Perc<\/strong>\u00a0separately, as a separate element or as a complete kit for a self-consumption installation. There are options with\u00a0<a title=\"Off-grid Solar Kits\" href=\"https:\/\/autosolar.es\/kit-solar-aislada\" target=\"_blank\" rel=\"noopener\">off-grid solar kits<\/a>\u00a0They are the only option when the electricity network does not reach where it is needed, so these systems provide complete autonomy.<\/p>\n<p>both kinds of\u00a0<strong><a title=\"Solar Kits\" href=\"https:\/\/autosolar.es\/kits-solares\" target=\"_blank\" rel=\"noopener\">solar kits<\/a>\u00a0can be composed of this Panel JA Solar 460W 24V Monocrystalline Perc<\/strong>, since due to its characteristics, it has a very good value for money and fits perfectly in the power requirements.<\/p>\n<h2>Explanatory videos of the JA Solar Panel 460W 24V Monocrystalline Perc<\/h2>\n<p><a title=\"Parallel connection of solar panels\" href=\"https:\/\/www.youtube.com\/watch?v=ihwdw4nkw8g&amp;t=1s\" target=\"_blank\" rel=\"noopener\">Connect solar panels in parallel? When and how?<\/a><\/p>\n<p><a title=\"Learn the differences between monocrystalline and polycrystalline panels\" href=\"https:\/\/www.youtube.com\/watch?v=gpyxTDt18o0&amp;t=2s\" target=\"_blank\" rel=\"noopener\">Monocrystalline vs Polycrystalline Panel \u2013 What is the difference?<\/a><\/p>\n<p><a title=\"Parallel connection of solar panels\" href=\"https:\/\/www.youtube.com\/watch?v=mjtVoBXSJ6I\" target=\"_blank\" rel=\"noopener\">Series connection of solar panels<\/a><\/p>\n<p><a title=\"Connection Weidmuller Connectors\" href=\"https:\/\/www.youtube.com\/watch?v=qWyKIixu4hQ\" target=\"_blank\" rel=\"noopener\">Connection Weidmuller Connectors<\/a><\/p>\n<p><a title=\"Connection of solar panels in series-parallel\" href=\"https:\/\/www.youtube.com\/watch?v=44Kxi80_PKA\" target=\"_blank\" rel=\"noopener\">Connection of solar panels in series-parallel<\/a><\/p>\n<h2>Data Sheet JA Solar Panel 460W 24V Monocrystalline Perc<\/h2>\n<p><a title=\"See Technical Sheet of the JA Solar Panel 460W 24V Monocrystalline Perc\" href=\"https:\/\/autosolar.es\/pdf\/JaSolar-M72S20-MR440-465W.pdf\" target=\"_blank\" rel=\"noopener\">See Technical Sheet of the JA Solar Panel 460W 24V Monocrystalline Perc<\/a><\/p>","protected":false},"excerpt":{"rendered":"<p>The Ja Solar 460W 24V Monocrystalline Perc Panel offers great power for our photovoltaic solar system. With more than 30% of production compared to a 340W panel, we will have high photovoltaic efficiency thanks to PERC technology. In addition, it is a high-quality plate from the manufacturer JA Solar, an assembler of photovoltaic modules and also a manufacturer of solar cells.<\/p>","protected":false},"featured_media":813,"template":"","meta":[],"product_cat":[26],"product_tag":[],"class_list":{"0":"post-812","1":"product","2":"type-product","3":"status-publish","4":"has-post-thumbnail","6":"product_cat-paneles-solares","8":"first","9":"instock","10":"sale","11":"taxable","12":"shipping-taxable","13":"purchasable","14":"product-type-simple"},"yoast_head":"<!-- This site is optimized with the Yoast SEO plugin v23.2 - https:\/\/yoast.com\/wordpress\/plugins\/seo\/ -->\n<title>Panel JA Solar 460W 24V Monocristalino PERC - Suno Energ\u00eda<\/title>\n<meta name=\"robots\" content=\"index, follow, max-snippet:-1, max-image-preview:large, max-video-preview:-1\" \/>\n<link rel=\"canonical\" href=\"https:\/\/sunoenergia.es\/en\/product\/panel-ja-solar-460w-24v-monocristalino-perc\/\" \/>\n<meta property=\"og:locale\" content=\"en_GB\" \/>\n<meta property=\"og:type\" content=\"article\" \/>\n<meta property=\"og:title\" content=\"Panel JA Solar 460W 24V Monocristalino PERC - Suno Energ\u00eda\" \/>\n<meta property=\"og:description\" content=\"El\u00a0Panel Ja Solar 460W 24V Monocristalino Perc ofrece una gran potencia\u00a0para nuestro sistema solar fotovoltaico. Con m\u00e1s de un 30% de producci\u00f3n respecto a un panel de 340W, tendremos una alta eficiencia fotovoltaica gracias a la tecnolog\u00eda PERC. Adem\u00e1s, se trata de una placa de gran calidad del fabricante JA Solar, ensamblador de m\u00f3dulos fotovoltaicos y tambi\u00e9n fabricante de c\u00e9lulas solares.\" \/>\n<meta property=\"og:url\" content=\"https:\/\/sunoenergia.es\/en\/product\/panel-ja-solar-460w-24v-monocristalino-perc\/\" \/>\n<meta property=\"og:site_name\" content=\"Suno Energ\u00eda\" \/>\n<meta property=\"article:modified_time\" content=\"2023-01-24T15:45:14+00:00\" \/>\n<meta property=\"og:image\" content=\"https:\/\/sunoenergia.es\/wp-content\/uploads\/2023\/01\/Panel-JA-Solar-460W-24V-Monocristalino-PERC.jpg\" \/>\n\t<meta property=\"og:image:width\" content=\"1000\" \/>\n\t<meta property=\"og:image:height\" content=\"1000\" \/>\n\t<meta property=\"og:image:type\" content=\"image\/jpeg\" \/>\n<meta name=\"twitter:card\" content=\"summary_large_image\" \/>\n<meta name=\"twitter:label1\" content=\"Estimated reading time\" \/>\n\t<meta name=\"twitter:data1\" content=\"5 minutes\" \/>\n<script type=\"application\/ld+json\" class=\"yoast-schema-graph\">{\"@context\":\"https:\/\/schema.org\",\"@graph\":[{\"@type\":\"WebPage\",\"@id\":\"https:\/\/sunoenergia.es\/producto\/panel-ja-solar-460w-24v-monocristalino-perc\/\",\"url\":\"https:\/\/sunoenergia.es\/producto\/panel-ja-solar-460w-24v-monocristalino-perc\/\",\"name\":\"Panel JA Solar 460W 24V Monocristalino PERC - Suno Energ\u00eda\",\"isPartOf\":{\"@id\":\"https:\/\/sunoenergia.es\/#website\"},\"primaryImageOfPage\":{\"@id\":\"https:\/\/sunoenergia.es\/producto\/panel-ja-solar-460w-24v-monocristalino-perc\/#primaryimage\"},\"image\":{\"@id\":\"https:\/\/sunoenergia.es\/producto\/panel-ja-solar-460w-24v-monocristalino-perc\/#primaryimage\"},\"thumbnailUrl\":\"https:\/\/sunoenergia.es\/wp-content\/uploads\/2023\/01\/Panel-JA-Solar-460W-24V-Monocristalino-PERC.jpg\",\"datePublished\":\"2023-01-24T15:45:13+00:00\",\"dateModified\":\"2023-01-24T15:45:14+00:00\",\"breadcrumb\":{\"@id\":\"https:\/\/sunoenergia.es\/producto\/panel-ja-solar-460w-24v-monocristalino-perc\/#breadcrumb\"},\"inLanguage\":\"en-GB\",\"potentialAction\":[{\"@type\":\"ReadAction\",\"target\":[\"https:\/\/sunoenergia.es\/producto\/panel-ja-solar-460w-24v-monocristalino-perc\/\"]}]},{\"@type\":\"ImageObject\",\"inLanguage\":\"en-GB\",\"@id\":\"https:\/\/sunoenergia.es\/producto\/panel-ja-solar-460w-24v-monocristalino-perc\/#primaryimage\",\"url\":\"https:\/\/sunoenergia.es\/wp-content\/uploads\/2023\/01\/Panel-JA-Solar-460W-24V-Monocristalino-PERC.jpg\",\"contentUrl\":\"https:\/\/sunoenergia.es\/wp-content\/uploads\/2023\/01\/Panel-JA-Solar-460W-24V-Monocristalino-PERC.jpg\",\"width\":1000,\"height\":1000,\"caption\":\"Panel JA Solar 460W 24V Monocristalino PERC\"},{\"@type\":\"BreadcrumbList\",\"@id\":\"https:\/\/sunoenergia.es\/producto\/panel-ja-solar-460w-24v-monocristalino-perc\/#breadcrumb\",\"itemListElement\":[{\"@type\":\"ListItem\",\"position\":1,\"name\":\"Portada\",\"item\":\"https:\/\/sunoenergia.es\/\"},{\"@type\":\"ListItem\",\"position\":2,\"name\":\"Productos\",\"item\":\"https:\/\/sunoenergia.es\/tienda\/\"},{\"@type\":\"ListItem\",\"position\":3,\"name\":\"Panel JA Solar 460W 24V Monocristalino PERC\"}]},{\"@type\":\"WebSite\",\"@id\":\"https:\/\/sunoenergia.es\/#website\",\"url\":\"https:\/\/sunoenergia.es\/\",\"name\":\"Suno Energ\u00eda\",\"description\":\"\",\"publisher\":{\"@id\":\"https:\/\/sunoenergia.es\/#organization\"},\"potentialAction\":[{\"@type\":\"SearchAction\",\"target\":{\"@type\":\"EntryPoint\",\"urlTemplate\":\"https:\/\/sunoenergia.es\/?s={search_term_string}\"},\"query-input\":\"required name=search_term_string\"}],\"inLanguage\":\"en-GB\"},{\"@type\":\"Organization\",\"@id\":\"https:\/\/sunoenergia.es\/#organization\",\"name\":\"Suno Energ\u00eda\",\"url\":\"https:\/\/sunoenergia.es\/\",\"logo\":{\"@type\":\"ImageObject\",\"inLanguage\":\"en-GB\",\"@id\":\"https:\/\/sunoenergia.es\/#\/schema\/logo\/image\/\",\"url\":\"https:\/\/sunoenergia.es\/wp-content\/uploads\/2019\/04\/suno-logotipo.jpg\",\"contentUrl\":\"https:\/\/sunoenergia.es\/wp-content\/uploads\/2019\/04\/suno-logotipo.jpg\",\"width\":260,\"height\":100,\"caption\":\"Suno Energ\u00eda\"},\"image\":{\"@id\":\"https:\/\/sunoenergia.es\/#\/schema\/logo\/image\/\"}}]}<\/script>\n<!-- \/ Yoast SEO plugin. -->","yoast_head_json":{"title":"Panel JA Solar 460W 24V Monocristalino PERC - Suno Energ\u00eda","robots":{"index":"index","follow":"follow","max-snippet":"max-snippet:-1","max-image-preview":"max-image-preview:large","max-video-preview":"max-video-preview:-1"},"canonical":"https:\/\/sunoenergia.es\/en\/product\/panel-ja-solar-460w-24v-monocristalino-perc\/","og_locale":"en_GB","og_type":"article","og_title":"Panel JA Solar 460W 24V Monocristalino PERC - Suno Energ\u00eda","og_description":"El\u00a0Panel Ja Solar 460W 24V Monocristalino Perc ofrece una gran potencia\u00a0para nuestro sistema solar fotovoltaico. Con m\u00e1s de un 30% de producci\u00f3n respecto a un panel de 340W, tendremos una alta eficiencia fotovoltaica gracias a la tecnolog\u00eda PERC. Adem\u00e1s, se trata de una placa de gran calidad del fabricante JA Solar, ensamblador de m\u00f3dulos fotovoltaicos y tambi\u00e9n fabricante de c\u00e9lulas solares.","og_url":"https:\/\/sunoenergia.es\/en\/product\/panel-ja-solar-460w-24v-monocristalino-perc\/","og_site_name":"Suno Energ\u00eda","article_modified_time":"2023-01-24T15:45:14+00:00","og_image":[{"width":1000,"height":1000,"url":"https:\/\/sunoenergia.es\/wp-content\/uploads\/2023\/01\/Panel-JA-Solar-460W-24V-Monocristalino-PERC.jpg","type":"image\/jpeg"}],"twitter_card":"summary_large_image","twitter_misc":{"Estimated reading time":"5 minutes"},"schema":{"@context":"https:\/\/schema.org","@graph":[{"@type":"WebPage","@id":"https:\/\/sunoenergia.es\/producto\/panel-ja-solar-460w-24v-monocristalino-perc\/","url":"https:\/\/sunoenergia.es\/producto\/panel-ja-solar-460w-24v-monocristalino-perc\/","name":"Panel JA Solar 460W 24V Monocristalino PERC - Suno Energ\u00eda","isPartOf":{"@id":"https:\/\/sunoenergia.es\/#website"},"primaryImageOfPage":{"@id":"https:\/\/sunoenergia.es\/producto\/panel-ja-solar-460w-24v-monocristalino-perc\/#primaryimage"},"image":{"@id":"https:\/\/sunoenergia.es\/producto\/panel-ja-solar-460w-24v-monocristalino-perc\/#primaryimage"},"thumbnailUrl":"https:\/\/sunoenergia.es\/wp-content\/uploads\/2023\/01\/Panel-JA-Solar-460W-24V-Monocristalino-PERC.jpg","datePublished":"2023-01-24T15:45:13+00:00","dateModified":"2023-01-24T15:45:14+00:00","breadcrumb":{"@id":"https:\/\/sunoenergia.es\/producto\/panel-ja-solar-460w-24v-monocristalino-perc\/#breadcrumb"},"inLanguage":"en-GB","potentialAction":[{"@type":"ReadAction","target":["https:\/\/sunoenergia.es\/producto\/panel-ja-solar-460w-24v-monocristalino-perc\/"]}]},{"@type":"ImageObject","inLanguage":"en-GB","@id":"https:\/\/sunoenergia.es\/producto\/panel-ja-solar-460w-24v-monocristalino-perc\/#primaryimage","url":"https:\/\/sunoenergia.es\/wp-content\/uploads\/2023\/01\/Panel-JA-Solar-460W-24V-Monocristalino-PERC.jpg","contentUrl":"https:\/\/sunoenergia.es\/wp-content\/uploads\/2023\/01\/Panel-JA-Solar-460W-24V-Monocristalino-PERC.jpg","width":1000,"height":1000,"caption":"Panel JA Solar 460W 24V Monocristalino PERC"},{"@type":"BreadcrumbList","@id":"https:\/\/sunoenergia.es\/producto\/panel-ja-solar-460w-24v-monocristalino-perc\/#breadcrumb","itemListElement":[{"@type":"ListItem","position":1,"name":"Portada","item":"https:\/\/sunoenergia.es\/"},{"@type":"ListItem","position":2,"name":"Productos","item":"https:\/\/sunoenergia.es\/tienda\/"},{"@type":"ListItem","position":3,"name":"Panel JA Solar 460W 24V Monocristalino PERC"}]},{"@type":"WebSite","@id":"https:\/\/sunoenergia.es\/#website","url":"https:\/\/sunoenergia.es\/","name":"Suno Energ\u00eda","description":"","publisher":{"@id":"https:\/\/sunoenergia.es\/#organization"},"potentialAction":[{"@type":"SearchAction","target":{"@type":"EntryPoint","urlTemplate":"https:\/\/sunoenergia.es\/?s={search_term_string}"},"query-input":"required name=search_term_string"}],"inLanguage":"en-GB"},{"@type":"Organization","@id":"https:\/\/sunoenergia.es\/#organization","name":"Suno Energ\u00eda","url":"https:\/\/sunoenergia.es\/","logo":{"@type":"ImageObject","inLanguage":"en-GB","@id":"https:\/\/sunoenergia.es\/#\/schema\/logo\/image\/","url":"https:\/\/sunoenergia.es\/wp-content\/uploads\/2019\/04\/suno-logotipo.jpg","contentUrl":"https:\/\/sunoenergia.es\/wp-content\/uploads\/2019\/04\/suno-logotipo.jpg","width":260,"height":100,"caption":"Suno Energ\u00eda"},"image":{"@id":"https:\/\/sunoenergia.es\/#\/schema\/logo\/image\/"}}]}},"_links":{"self":[{"href":"https:\/\/sunoenergia.es\/en\/wp-json\/wp\/v2\/product\/812"}],"collection":[{"href":"https:\/\/sunoenergia.es\/en\/wp-json\/wp\/v2\/product"}],"about":[{"href":"https:\/\/sunoenergia.es\/en\/wp-json\/wp\/v2\/types\/product"}],"wp:featuredmedia":[{"embeddable":true,"href":"https:\/\/sunoenergia.es\/en\/wp-json\/wp\/v2\/media\/813"}],"wp:attachment":[{"href":"https:\/\/sunoenergia.es\/en\/wp-json\/wp\/v2\/media?parent=812"}],"wp:term":[{"taxonomy":"product_cat","embeddable":true,"href":"https:\/\/sunoenergia.es\/en\/wp-json\/wp\/v2\/product_cat?post=812"},{"taxonomy":"product_tag","embeddable":true,"href":"https:\/\/sunoenergia.es\/en\/wp-json\/wp\/v2\/product_tag?post=812"}],"curies":[{"name":"wp","href":"https:\/\/api.w.org\/{rel}","templated":true}]}}